{"id":23885,"date":"2015-10-21T09:31:00","date_gmt":"2015-10-21T08:31:00","guid":{"rendered":"https:\/\/c-profil.se\/produkt\/fastnitar-r4-r6\/"},"modified":"2026-03-19T09:20:52","modified_gmt":"2026-03-19T08:20:52","slug":"rivets-r4-r6-2","status":"publish","type":"product","link":"https:\/\/c-profil.se\/english\/produkt\/fastnitar-r4-r6\/","title":{"rendered":"Fasteners IBOCO | R4 \/ R6"},"content":{"rendered":"<p><strong>Fastening rivets R4\u2013R6 are used for quick assembly of IBOCO cable ducts<\/strong>, in combination with rivet tools RT4 and RT6.<br \/>\nThey provide vibration damping, high temperature resistance and very short installation time.<\/p>","protected":false},"excerpt":{"rendered":"<p>Use Rivets \/ R4-R6 for IBOCO cable ducts. You use the rivets to quickly and easily assemble cable ducts using the RT4 and RT6 rivet tools.<\/p>\n<ul>\n<li>Elastic vibration - damping head, good temperature resistance, excellent mechanical properties and extremely short installation time.<\/li>\n<\/ul>","protected":false},"featured_media":51341,"template":"","meta":{"_acf_changed":false},"product_brand":[739],"product_cat":[189],"product_tag":[970,975,946,1002],"class_list":{"0":"post-23885","1":"product","2":"type-product","3":"status-publish","4":"has-post-thumbnail","6":"product_brand-iboco","7":"product_cat-kabelkanaler-iboco","8":"product_tag-dragning-av-kablage","9":"product_tag-fastsattning","10":"product_tag-kabelhantering-i-apparatskap","11":"product_tag-kabelkanaler","13":"first","14":"instock","15":"shipping-taxable","16":"product-type-simple"},"acf":[],"yoast_head":"<!-- This site is optimized with the Yoast SEO Premium plugin v27.5 (Yoast SEO v27.5) - https:\/\/yoast.com\/product\/yoast-seo-premium-wordpress\/ -->\n<title>F\u00e4stnitar \/ R4-R6 - C-Pro<\/title>\n<meta name=\"description\" content=\"Anv\u00e4nd F\u00e4stnitar \/ R4-R6 4mm &amp; 6mm, f\u00f6r att montera IBOCO kabelkanaler. Installera snabbt och enkelt med hj\u00e4lp av nitverktygen RT4 och RT6. L\u00e4s Mer!\" \/>\n<meta name=\"robots\" content=\"index, follow, max-snippet:-1, max-image-preview:large, max-video-preview:-1\" \/>\n<link rel=\"canonical\" href=\"https:\/\/c-profil.se\/english\/product\/rivets-r4-r6-2\/\" \/>\n<meta property=\"og:locale\" content=\"en_US\" \/>\n<meta property=\"og:type\" content=\"article\" \/>\n<meta property=\"og:title\" content=\"F\u00e4stnitar IBOCO | R4 \/ R6 - C-Pro\" \/>\n<meta property=\"og:description\" content=\"Anv\u00e4nd F\u00e4stnitar \/ R4-R6 f\u00f6r IBOCO kabelkanaler. Du anv\u00e4nder f\u00e4stnitarna f\u00f6r att snabbt och enkelt montera kabelkanaler med hj\u00e4lp av nitverktygen RT4 och RT6.   Elastisk vibration \u2013 d\u00e4mphuvud, god temperaturbest\u00e4ndighet, utm\u00e4rkta mekaniska egenskaper och extremt kort installationstid\" \/>\n<meta property=\"og:url\" content=\"https:\/\/c-profil.se\/english\/product\/rivets-r4-r6-2\/\" \/>\n<meta property=\"og:site_name\" content=\"C-Pro\" \/>\n<meta property=\"article:publisher\" content=\"https:\/\/www.facebook.com\/people\/C-Pro\/61561767306874\/\" \/>\n<meta property=\"article:modified_time\" content=\"2026-03-19T08:20:52+00:00\" \/>\n<meta property=\"og:image\" content=\"https:\/\/c-profil.se\/wp-content\/uploads\/2015\/10\/Fastnitar-R4-R6.jpg\" \/>\n\t<meta property=\"og:image:width\" content=\"1000\" \/>\n\t<meta property=\"og:image:height\" content=\"1000\" \/>\n\t<meta property=\"og:image:type\" content=\"image\/jpeg\" \/>\n<meta name=\"twitter:card\" content=\"summary_large_image\" \/>\n<meta name=\"twitter:label1\" content=\"Price\" \/>\n\t<meta name=\"twitter:data1\" content=\"\" \/>\n\t<meta name=\"twitter:label2\" content=\"Availability\" \/>\n\t<meta name=\"twitter:data2\" content=\"In stock\" \/>\n<script type=\"application\/ld+json\" class=\"yoast-schema-graph\">{\"@context\":\"https:\\\/\\\/schema.org\",\"@graph\":[{\"@type\":\"WebPage\",\"@id\":\"https:\\\/\\\/c-profil.se\\\/produkt\\\/fastnitar-r4-r6\\\/\",\"url\":\"https:\\\/\\\/c-profil.se\\\/produkt\\\/fastnitar-r4-r6\\\/\",\"name\":\"F\u00e4stnitar \\\/ R4-R6 - C-Pro\",\"isPartOf\":{\"@id\":\"https:\\\/\\\/c-profil.se\\\/#website\"},\"primaryImageOfPage\":{\"@id\":\"https:\\\/\\\/c-profil.se\\\/produkt\\\/fastnitar-r4-r6\\\/#primaryimage\"},\"image\":{\"@id\":\"https:\\\/\\\/c-profil.se\\\/produkt\\\/fastnitar-r4-r6\\\/#primaryimage\"},\"thumbnailUrl\":\"https:\\\/\\\/c-profil.se\\\/wp-content\\\/uploads\\\/2015\\\/10\\\/Fastnitar-R4-R6.jpg\",\"datePublished\":\"2015-10-21T08:31:00+00:00\",\"dateModified\":\"2026-03-19T08:20:52+00:00\",\"description\":\"Anv\u00e4nd F\u00e4stnitar \\\/ R4-R6 4mm & 6mm, f\u00f6r att montera IBOCO kabelkanaler. Installera snabbt och enkelt med hj\u00e4lp av nitverktygen RT4 och RT6. L\u00e4s Mer!\",\"breadcrumb\":{\"@id\":\"https:\\\/\\\/c-profil.se\\\/produkt\\\/fastnitar-r4-r6\\\/#breadcrumb\"},\"inLanguage\":\"en\",\"potentialAction\":[{\"@type\":\"ReadAction\",\"target\":[\"https:\\\/\\\/c-profil.se\\\/produkt\\\/fastnitar-r4-r6\\\/\"]}]},{\"@type\":\"ImageObject\",\"inLanguage\":\"en\",\"@id\":\"https:\\\/\\\/c-profil.se\\\/produkt\\\/fastnitar-r4-r6\\\/#primaryimage\",\"url\":\"https:\\\/\\\/c-profil.se\\\/wp-content\\\/uploads\\\/2015\\\/10\\\/Fastnitar-R4-R6.jpg\",\"contentUrl\":\"https:\\\/\\\/c-profil.se\\\/wp-content\\\/uploads\\\/2015\\\/10\\\/Fastnitar-R4-R6.jpg\",\"width\":1000,\"height\":1000,\"caption\":\"F\u00e4stnitar R4-R6\"},{\"@type\":\"BreadcrumbList\",\"@id\":\"https:\\\/\\\/c-profil.se\\\/produkt\\\/fastnitar-r4-r6\\\/#breadcrumb\",\"itemListElement\":[{\"@type\":\"ListItem\",\"position\":1,\"name\":\"Hem\",\"item\":\"https:\\\/\\\/c-profil.se\\\/\"},{\"@type\":\"ListItem\",\"position\":2,\"name\":\"Produkter\",\"item\":\"https:\\\/\\\/c-profil.se\\\/produkter\\\/\"},{\"@type\":\"ListItem\",\"position\":3,\"name\":\"Kabelkanaler IBOCO\",\"item\":\"https:\\\/\\\/c-profil.se\\\/produkt-kategori\\\/kabelkanaler-iboco\\\/\"},{\"@type\":\"ListItem\",\"position\":4,\"name\":\"F\u00e4stnitar IBOCO | R4 \\\/ R6\"}]},{\"@type\":\"WebSite\",\"@id\":\"https:\\\/\\\/c-profil.se\\\/#website\",\"url\":\"https:\\\/\\\/c-profil.se\\\/\",\"name\":\"C-Pro\",\"description\":\"Produkter f\u00f6r El och Automation\",\"publisher\":{\"@id\":\"https:\\\/\\\/c-profil.se\\\/#organization\"},\"potentialAction\":[{\"@type\":\"SearchAction\",\"target\":{\"@type\":\"EntryPoint\",\"urlTemplate\":\"https:\\\/\\\/c-profil.se\\\/?s={search_term_string}\"},\"query-input\":{\"@type\":\"PropertyValueSpecification\",\"valueRequired\":true,\"valueName\":\"search_term_string\"}}],\"inLanguage\":\"en\"},{\"@type\":\"Organization\",\"@id\":\"https:\\\/\\\/c-profil.se\\\/#organization\",\"name\":\"C-Pro\",\"alternateName\":\"C-PRO\",\"url\":\"https:\\\/\\\/c-profil.se\\\/\",\"logo\":{\"@type\":\"ImageObject\",\"inLanguage\":\"en\",\"@id\":\"https:\\\/\\\/c-profil.se\\\/#\\\/schema\\\/logo\\\/image\\\/\",\"url\":\"https:\\\/\\\/c-profil.se\\\/wp-content\\\/uploads\\\/2022\\\/03\\\/c-pro-logga-liggande-500x500-1.png\",\"contentUrl\":\"https:\\\/\\\/c-profil.se\\\/wp-content\\\/uploads\\\/2022\\\/03\\\/c-pro-logga-liggande-500x500-1.png\",\"width\":500,\"height\":500,\"caption\":\"C-Pro\"},\"image\":{\"@id\":\"https:\\\/\\\/c-profil.se\\\/#\\\/schema\\\/logo\\\/image\\\/\"},\"sameAs\":[\"https:\\\/\\\/www.facebook.com\\\/people\\\/C-Pro\\\/61561767306874\\\/\",\"https:\\\/\\\/www.linkedin.com\\\/company\\\/c-pro-ab\",\"https:\\\/\\\/www.instagram.com\\\/cpro.ab\\\/\"],\"description\":\"C-PRO AB \u00e4r en helt\u00e4ckande leverant\u00f6r av material f\u00f6r applikationer inom el och automation. \u00c4nda sedan starten 1987 har vi f\u00f6rsett den svenska tillverkande industrin med elmaterial. Trots v\u00e5r storlek och ledande position har vi aldrig \u00f6vergett v\u00e5r grundfilosofi, att vara en personlig leverant\u00f6r. Vi p\u00e5 C-PRO \u00e4r l\u00e4tta att komma i kontakt med, \u00e4rliga och brinner f\u00f6r att l\u00f6sa v\u00e5ra kunders problem.\",\"email\":\"info@c-profil.se\",\"telephone\":\"031575785\",\"legalName\":\"C-Profil F\u00f6rl\u00e4ggningsmaterial AB\",\"foundingDate\":\"1987-01-01\"}]}<\/script>\n<meta property=\"product:brand\" content=\"dragning av kablage\" \/>\n<meta property=\"product:price:currency\" content=\"SEK\" \/>\n<meta property=\"og:availability\" content=\"instock\" \/>\n<meta property=\"product:availability\" content=\"instock\" \/>\n<meta property=\"product:retailer_item_id\" content=\"R4 \/ R6\" \/>\n<meta property=\"product:condition\" content=\"new\" \/>\n<!-- \/ Yoast SEO Premium plugin. -->","yoast_head_json":{"title":"Rivets \/ R4|R6 - C-Pro","description":"Use Rivets \/ R4-R6 4mm &amp; 6mm, to mount IBOCO cable ducts. Install quickly and easily using the RT4 and RT6 rivet tools. Read more!","robots":{"index":"index","follow":"follow","max-snippet":"max-snippet:-1","max-image-preview":"max-image-preview:large","max-video-preview":"max-video-preview:-1"},"canonical":"https:\/\/c-profil.se\/english\/product\/rivets-r4-r6-2\/","og_locale":"en_US","og_type":"article","og_title":"F\u00e4stnitar IBOCO | R4 \/ R6 - C-Pro","og_description":"Anv\u00e4nd F\u00e4stnitar \/ R4-R6 f\u00f6r IBOCO kabelkanaler. Du anv\u00e4nder f\u00e4stnitarna f\u00f6r att snabbt och enkelt montera kabelkanaler med hj\u00e4lp av nitverktygen RT4 och RT6.   Elastisk vibration \u2013 d\u00e4mphuvud, god temperaturbest\u00e4ndighet, utm\u00e4rkta mekaniska egenskaper och extremt kort installationstid","og_url":"https:\/\/c-profil.se\/english\/product\/rivets-r4-r6-2\/","og_site_name":"C-Pro","article_publisher":"https:\/\/www.facebook.com\/people\/C-Pro\/61561767306874\/","article_modified_time":"2026-03-19T08:20:52+00:00","og_image":[{"width":1000,"height":1000,"url":"https:\/\/c-profil.se\/wp-content\/uploads\/2015\/10\/Fastnitar-R4-R6.jpg","type":"image\/jpeg"}],"twitter_card":"summary_large_image","twitter_misc":{"Price":"","Availability":"In stock"},"schema":{"@context":"https:\/\/schema.org","@graph":[{"@type":"WebPage","@id":"https:\/\/c-profil.se\/produkt\/fastnitar-r4-r6\/","url":"https:\/\/c-profil.se\/produkt\/fastnitar-r4-r6\/","name":"Rivets \/ R4|R6 - C-Pro","isPartOf":{"@id":"https:\/\/c-profil.se\/#website"},"primaryImageOfPage":{"@id":"https:\/\/c-profil.se\/produkt\/fastnitar-r4-r6\/#primaryimage"},"image":{"@id":"https:\/\/c-profil.se\/produkt\/fastnitar-r4-r6\/#primaryimage"},"thumbnailUrl":"https:\/\/c-profil.se\/wp-content\/uploads\/2015\/10\/Fastnitar-R4-R6.jpg","datePublished":"2015-10-21T08:31:00+00:00","dateModified":"2026-03-19T08:20:52+00:00","description":"Use Rivets \/ R4-R6 4mm &amp; 6mm, to mount IBOCO cable ducts. Install quickly and easily using the RT4 and RT6 rivet tools. Read more!","breadcrumb":{"@id":"https:\/\/c-profil.se\/produkt\/fastnitar-r4-r6\/#breadcrumb"},"inLanguage":"en","potentialAction":[{"@type":"ReadAction","target":["https:\/\/c-profil.se\/produkt\/fastnitar-r4-r6\/"]}]},{"@type":"ImageObject","inLanguage":"en","@id":"https:\/\/c-profil.se\/produkt\/fastnitar-r4-r6\/#primaryimage","url":"https:\/\/c-profil.se\/wp-content\/uploads\/2015\/10\/Fastnitar-R4-R6.jpg","contentUrl":"https:\/\/c-profil.se\/wp-content\/uploads\/2015\/10\/Fastnitar-R4-R6.jpg","width":1000,"height":1000,"caption":"F\u00e4stnitar R4-R6"},{"@type":"BreadcrumbList","@id":"https:\/\/c-profil.se\/produkt\/fastnitar-r4-r6\/#breadcrumb","itemListElement":[{"@type":"ListItem","position":1,"name":"Hem","item":"https:\/\/c-profil.se\/"},{"@type":"ListItem","position":2,"name":"Produkter","item":"https:\/\/c-profil.se\/produkter\/"},{"@type":"ListItem","position":3,"name":"Kabelkanaler IBOCO","item":"https:\/\/c-profil.se\/produkt-kategori\/kabelkanaler-iboco\/"},{"@type":"ListItem","position":4,"name":"F\u00e4stnitar IBOCO | R4 \/ R6"}]},{"@type":"WebSite","@id":"https:\/\/c-profil.se\/#website","url":"https:\/\/c-profil.se\/","name":"C-Pro","description":"Products for Electricity and Automation","publisher":{"@id":"https:\/\/c-profil.se\/#organization"},"potentialAction":[{"@type":"SearchAction","target":{"@type":"EntryPoint","urlTemplate":"https:\/\/c-profil.se\/?s={search_term_string}"},"query-input":{"@type":"PropertyValueSpecification","valueRequired":true,"valueName":"search_term_string"}}],"inLanguage":"en"},{"@type":"Organization","@id":"https:\/\/c-profil.se\/#organization","name":"C-Pro","alternateName":"C-PRO","url":"https:\/\/c-profil.se\/","logo":{"@type":"ImageObject","inLanguage":"en","@id":"https:\/\/c-profil.se\/#\/schema\/logo\/image\/","url":"https:\/\/c-profil.se\/wp-content\/uploads\/2022\/03\/c-pro-logga-liggande-500x500-1.png","contentUrl":"https:\/\/c-profil.se\/wp-content\/uploads\/2022\/03\/c-pro-logga-liggande-500x500-1.png","width":500,"height":500,"caption":"C-Pro"},"image":{"@id":"https:\/\/c-profil.se\/#\/schema\/logo\/image\/"},"sameAs":["https:\/\/www.facebook.com\/people\/C-Pro\/61561767306874\/","https:\/\/www.linkedin.com\/company\/c-pro-ab","https:\/\/www.instagram.com\/cpro.ab\/"],"description":"C-PRO AB is a comprehensive supplier of materials for applications in electricity and automation. Ever since the start in 1987, we have supplied the Swedish manufacturing industry with electrical materials. Despite our size and leading position, we have never abandoned our basic philosophy, to be a personal supplier. We at C-PRO are easy to get in touch with, honest and passionate about solving our customers&#039; problems.","email":"info@c-profil.se","telephone":"031575785","legalName":"C-Profil F\u00f6rl\u00e4ggningsmaterial AB","foundingDate":"1987-01-01"}]},"product_brand":"dragning av kablage","product_price_currency":"SEK","og_availability":"instock","product_availability":"instock","product_retailer_item_id":"R4 \/ R6","product_condition":"new"},"_links":{"self":[{"href":"https:\/\/c-profil.se\/english\/wp-json\/wp\/v2\/product\/23885","targetHints":{"allow":["GET"]}}],"collection":[{"href":"https:\/\/c-profil.se\/english\/wp-json\/wp\/v2\/product"}],"about":[{"href":"https:\/\/c-profil.se\/english\/wp-json\/wp\/v2\/types\/product"}],"version-history":[{"count":8,"href":"https:\/\/c-profil.se\/english\/wp-json\/wp\/v2\/product\/23885\/revisions"}],"predecessor-version":[{"id":74330,"href":"https:\/\/c-profil.se\/english\/wp-json\/wp\/v2\/product\/23885\/revisions\/74330"}],"wp:featuredmedia":[{"embeddable":true,"href":"https:\/\/c-profil.se\/english\/wp-json\/wp\/v2\/media\/51341"}],"wp:attachment":[{"href":"https:\/\/c-profil.se\/english\/wp-json\/wp\/v2\/media?parent=23885"}],"wp:term":[{"taxonomy":"product_brand","embeddable":true,"href":"https:\/\/c-profil.se\/english\/wp-json\/wp\/v2\/product_brand?post=23885"},{"taxonomy":"product_cat","embeddable":true,"href":"https:\/\/c-profil.se\/english\/wp-json\/wp\/v2\/product_cat?post=23885"},{"taxonomy":"product_tag","embeddable":true,"href":"https:\/\/c-profil.se\/english\/wp-json\/wp\/v2\/product_tag?post=23885"}],"curies":[{"name":"wp","href":"https:\/\/api.w.org\/{rel}","templated":true}]}}