{"id":23883,"date":"2015-10-21T09:29:00","date_gmt":"2015-10-21T08:29:00","guid":{"rendered":"https:\/\/c-profil.se\/produkt\/skiljevaggar-sep-e\/"},"modified":"2026-04-29T09:51:30","modified_gmt":"2026-04-29T08:51:30","slug":"separator-iboco-sep-e","status":"publish","type":"product","link":"https:\/\/c-profil.se\/english\/produkt\/skiljevagg-iboco-sep-e\/","title":{"rendered":"Partition wall IBOCO | SEP-E"},"content":{"rendered":"<p><strong>Partition wall SEP-E is an accessory for IBOCO cable ducts T1 and T1-E<\/strong>, developed for safe physical separation of cables and circuits in the same channel.<br \/>\nIt is used to distinguish different voltage levels or functions and contributes to increased order, safety and compliance with electrical standards.<\/p>","protected":false},"excerpt":{"rendered":"<p class=\"ai-optimize-34 ai-optimize-introduction\"><strong>Partition wall \/ SEP-E<\/strong> \u2013 Easily separate circuits in T1 and T1-E cable ducts.<\/p>\n<p class=\"ai-optimize-37\">IBOCO SEP-E is a practical and effective partition for cable ducts of type T1 and T1-E. With this accessory you can physically separate cables and circuits within the same duct \u2013 an important function when it comes to distinguishing different voltage levels or system functions.<\/p>\n<p class=\"ai-optimize-38\"><strong>Advantages of IBOCO SEP-E partition wall:<\/strong><\/p>\n<ul>\n<li class=\"ai-optimize-39\"><strong>Safe separation of cables<\/strong> \u2013 Perfect for keeping wires with different voltages or functions separate in the same cable duct.<\/li>\n<li class=\"ai-optimize-39\"><strong>Quick and easy installation<\/strong> \u2013 Easily installed without additional tools or conversion.<\/li>\n<li class=\"ai-optimize-39\"><strong>Flexible and efficient solution<\/strong> \u2013 Adapts to the channel&#039;s design and creates order and increased safety.<\/li>\n<li class=\"ai-optimize-39\"><strong>Compatible with T1 and T1-E<\/strong> \u2013 Designed for a perfect fit in IBOCO cable channels.<\/li>\n<li class=\"ai-optimize-39\"><strong>Reliable and durable<\/strong> \u2013 A favorite among installers who require structure and operational reliability.<\/li>\n<\/ul>\n<p>With the SEP-E partition wall, you get a cost-effective solution to meet requirements for clear cable separation according to electrical standards and safety regulations.<\/p>","protected":false},"featured_media":51336,"template":"","meta":{"_acf_changed":false},"product_brand":[739],"product_cat":[189],"product_tag":[970,975,946,1002],"class_list":{"0":"post-23883","1":"product","2":"type-product","3":"status-publish","4":"has-post-thumbnail","6":"product_brand-iboco","7":"product_cat-kabelkanaler-iboco","8":"product_tag-dragning-av-kablage","9":"product_tag-fastsattning","10":"product_tag-kabelhantering-i-apparatskap","11":"product_tag-kabelkanaler","13":"first","14":"instock","15":"shipping-taxable","16":"product-type-simple"},"acf":[],"yoast_head":"<!-- This site is optimized with the Yoast SEO Premium plugin v27.5 (Yoast SEO v27.5) - https:\/\/yoast.com\/product\/yoast-seo-premium-wordpress\/ -->\n<title>Skiljev\u00e4gg \/ SEP-E - C-Pro<\/title>\n<meta name=\"description\" content=\"Skiljev\u00e4gg \/ SEP-E-E \u00e4r ett tillbeh\u00f6r f\u00f6r IBOCO&#039;s kabelkanaler typ: T1 och T1-E. Med skiljev\u00e4ggen SEP-E kan du fysiskt separera kablar inuti kanalen.\" \/>\n<meta name=\"robots\" content=\"index, follow, max-snippet:-1, max-image-preview:large, max-video-preview:-1\" \/>\n<link rel=\"canonical\" href=\"https:\/\/c-profil.se\/english\/product\/separator-iboco-sep-e\/\" \/>\n<meta property=\"og:locale\" content=\"en_US\" \/>\n<meta property=\"og:type\" content=\"article\" \/>\n<meta property=\"og:title\" content=\"Skiljev\u00e4gg IBOCO | SEP-E - C-Pro\" \/>\n<meta property=\"og:description\" content=\"Skiljev\u00e4gg \/ SEP-E \u2013 Separera kretsar enkelt i T1- och T1-E-kabelkanaler. IBOCO SEP-E \u00e4r en praktisk och effektiv skiljev\u00e4gg f\u00f6r kabelkanaler av typen T1 och T1-E. Med detta tillbeh\u00f6r kan du fysiskt separera kablar och kretsar inom samma kanal \u2013 en viktig funktion n\u00e4r det g\u00e4ller att s\u00e4rskilja olika sp\u00e4nningsniv\u00e5er eller systemfunktioner. F\u00f6rdelar med IBOCO SEP-E skiljev\u00e4gg:    S\u00e4ker separation av kablar \u2013 Perfekt f\u00f6r att h\u00e5lla is\u00e4r ledningar med olika sp\u00e4nning eller funktion i samma kabelkanal.  Snabb och enkel installation \u2013 Monteras smidigt utan extra verktyg eller ombyggnad.  Flexibel och effektiv l\u00f6sning \u2013 Anpassar sig efter kanalens utformning och skapar ordning och \u00f6kad s\u00e4kerhet.  Kompatibel med T1 och T1-E \u2013 Utformad f\u00f6r perfekt passform i IBOCO:s kabelkanaler.  P\u00e5litlig och h\u00e5llbar \u2013 En favorit bland installat\u00f6rer som kr\u00e4ver struktur och drifts\u00e4kerhet.  Med SEP-E skiljev\u00e4gg f\u00e5r du en kostnadseffektiv l\u00f6sning f\u00f6r att uppfylla krav p\u00e5 tydlig kabelseparation enligt elstandarder och s\u00e4kerhetsf\u00f6reskrifter.\" \/>\n<meta property=\"og:url\" content=\"https:\/\/c-profil.se\/english\/product\/separator-iboco-sep-e\/\" \/>\n<meta property=\"og:site_name\" content=\"C-Pro\" \/>\n<meta property=\"article:publisher\" content=\"https:\/\/www.facebook.com\/people\/C-Pro\/61561767306874\/\" \/>\n<meta property=\"article:modified_time\" content=\"2026-04-29T08:51:30+00:00\" \/>\n<meta property=\"og:image\" content=\"https:\/\/c-profil.se\/wp-content\/uploads\/2015\/10\/Skiljevagg-IBOCO-SEP-E.jpg\" \/>\n\t<meta property=\"og:image:width\" content=\"1000\" \/>\n\t<meta property=\"og:image:height\" content=\"1000\" \/>\n\t<meta property=\"og:image:type\" content=\"image\/jpeg\" \/>\n<meta name=\"twitter:card\" content=\"summary_large_image\" \/>\n<meta name=\"twitter:label1\" content=\"Price\" \/>\n\t<meta name=\"twitter:data1\" content=\"\" \/>\n\t<meta name=\"twitter:label2\" content=\"Availability\" \/>\n\t<meta name=\"twitter:data2\" content=\"In stock\" \/>\n<script type=\"application\/ld+json\" class=\"yoast-schema-graph\">{\"@context\":\"https:\\\/\\\/schema.org\",\"@graph\":[{\"@type\":\"WebPage\",\"@id\":\"https:\\\/\\\/c-profil.se\\\/produkt\\\/skiljevagg-iboco-sep-e\\\/\",\"url\":\"https:\\\/\\\/c-profil.se\\\/produkt\\\/skiljevagg-iboco-sep-e\\\/\",\"name\":\"Skiljev\u00e4gg \\\/ SEP-E - C-Pro\",\"isPartOf\":{\"@id\":\"https:\\\/\\\/c-profil.se\\\/#website\"},\"primaryImageOfPage\":{\"@id\":\"https:\\\/\\\/c-profil.se\\\/produkt\\\/skiljevagg-iboco-sep-e\\\/#primaryimage\"},\"image\":{\"@id\":\"https:\\\/\\\/c-profil.se\\\/produkt\\\/skiljevagg-iboco-sep-e\\\/#primaryimage\"},\"thumbnailUrl\":\"https:\\\/\\\/c-profil.se\\\/wp-content\\\/uploads\\\/2015\\\/10\\\/Skiljevagg-IBOCO-SEP-E.jpg\",\"datePublished\":\"2015-10-21T08:29:00+00:00\",\"dateModified\":\"2026-04-29T08:51:30+00:00\",\"description\":\"Skiljev\u00e4gg \\\/ SEP-E-E \u00e4r ett tillbeh\u00f6r f\u00f6r IBOCO's kabelkanaler typ: T1 och T1-E. Med skiljev\u00e4ggen SEP-E kan du fysiskt separera kablar inuti kanalen.\",\"breadcrumb\":{\"@id\":\"https:\\\/\\\/c-profil.se\\\/produkt\\\/skiljevagg-iboco-sep-e\\\/#breadcrumb\"},\"inLanguage\":\"en\",\"potentialAction\":[{\"@type\":\"ReadAction\",\"target\":[\"https:\\\/\\\/c-profil.se\\\/produkt\\\/skiljevagg-iboco-sep-e\\\/\"]}]},{\"@type\":\"ImageObject\",\"inLanguage\":\"en\",\"@id\":\"https:\\\/\\\/c-profil.se\\\/produkt\\\/skiljevagg-iboco-sep-e\\\/#primaryimage\",\"url\":\"https:\\\/\\\/c-profil.se\\\/wp-content\\\/uploads\\\/2015\\\/10\\\/Skiljevagg-IBOCO-SEP-E.jpg\",\"contentUrl\":\"https:\\\/\\\/c-profil.se\\\/wp-content\\\/uploads\\\/2015\\\/10\\\/Skiljevagg-IBOCO-SEP-E.jpg\",\"width\":1000,\"height\":1000,\"caption\":\"Skiljev\u00e4gg IBOCO SEP-E\"},{\"@type\":\"BreadcrumbList\",\"@id\":\"https:\\\/\\\/c-profil.se\\\/produkt\\\/skiljevagg-iboco-sep-e\\\/#breadcrumb\",\"itemListElement\":[{\"@type\":\"ListItem\",\"position\":1,\"name\":\"Hem\",\"item\":\"https:\\\/\\\/c-profil.se\\\/\"},{\"@type\":\"ListItem\",\"position\":2,\"name\":\"Produkter\",\"item\":\"https:\\\/\\\/c-profil.se\\\/produkter\\\/\"},{\"@type\":\"ListItem\",\"position\":3,\"name\":\"Kabelkanaler IBOCO\",\"item\":\"https:\\\/\\\/c-profil.se\\\/produkt-kategori\\\/kabelkanaler-iboco\\\/\"},{\"@type\":\"ListItem\",\"position\":4,\"name\":\"Skiljev\u00e4gg IBOCO | SEP-E\"}]},{\"@type\":\"WebSite\",\"@id\":\"https:\\\/\\\/c-profil.se\\\/#website\",\"url\":\"https:\\\/\\\/c-profil.se\\\/\",\"name\":\"C-Pro\",\"description\":\"Produkter f\u00f6r El och Automation\",\"publisher\":{\"@id\":\"https:\\\/\\\/c-profil.se\\\/#organization\"},\"potentialAction\":[{\"@type\":\"SearchAction\",\"target\":{\"@type\":\"EntryPoint\",\"urlTemplate\":\"https:\\\/\\\/c-profil.se\\\/?s={search_term_string}\"},\"query-input\":{\"@type\":\"PropertyValueSpecification\",\"valueRequired\":true,\"valueName\":\"search_term_string\"}}],\"inLanguage\":\"en\"},{\"@type\":\"Organization\",\"@id\":\"https:\\\/\\\/c-profil.se\\\/#organization\",\"name\":\"C-Pro\",\"alternateName\":\"C-PRO\",\"url\":\"https:\\\/\\\/c-profil.se\\\/\",\"logo\":{\"@type\":\"ImageObject\",\"inLanguage\":\"en\",\"@id\":\"https:\\\/\\\/c-profil.se\\\/#\\\/schema\\\/logo\\\/image\\\/\",\"url\":\"https:\\\/\\\/c-profil.se\\\/wp-content\\\/uploads\\\/2022\\\/03\\\/c-pro-logga-liggande-500x500-1.png\",\"contentUrl\":\"https:\\\/\\\/c-profil.se\\\/wp-content\\\/uploads\\\/2022\\\/03\\\/c-pro-logga-liggande-500x500-1.png\",\"width\":500,\"height\":500,\"caption\":\"C-Pro\"},\"image\":{\"@id\":\"https:\\\/\\\/c-profil.se\\\/#\\\/schema\\\/logo\\\/image\\\/\"},\"sameAs\":[\"https:\\\/\\\/www.facebook.com\\\/people\\\/C-Pro\\\/61561767306874\\\/\",\"https:\\\/\\\/www.linkedin.com\\\/company\\\/c-pro-ab\",\"https:\\\/\\\/www.instagram.com\\\/cpro.ab\\\/\"],\"description\":\"C-PRO AB \u00e4r en helt\u00e4ckande leverant\u00f6r av material f\u00f6r applikationer inom el och automation. \u00c4nda sedan starten 1987 har vi f\u00f6rsett den svenska tillverkande industrin med elmaterial. Trots v\u00e5r storlek och ledande position har vi aldrig \u00f6vergett v\u00e5r grundfilosofi, att vara en personlig leverant\u00f6r. Vi p\u00e5 C-PRO \u00e4r l\u00e4tta att komma i kontakt med, \u00e4rliga och brinner f\u00f6r att l\u00f6sa v\u00e5ra kunders problem.\",\"email\":\"info@c-profil.se\",\"telephone\":\"031575785\",\"legalName\":\"C-Profil F\u00f6rl\u00e4ggningsmaterial AB\",\"foundingDate\":\"1987-01-01\"}]}<\/script>\n<meta property=\"product:brand\" content=\"dragning av kablage\" \/>\n<meta property=\"product:price:currency\" content=\"SEK\" \/>\n<meta property=\"og:availability\" content=\"instock\" \/>\n<meta property=\"product:availability\" content=\"instock\" \/>\n<meta property=\"product:retailer_item_id\" content=\"SEP-E\" \/>\n<meta property=\"product:condition\" content=\"new\" \/>\n<!-- \/ Yoast SEO Premium plugin. -->","yoast_head_json":{"title":"Partition wall \/ SEP-E - C-Pro","description":"Partition \/ SEP-EE is an accessory for IBOCO&#039;s cable ducts type: T1 and T1-E. With the partition SEP-E you can physically separate cables inside the duct.","robots":{"index":"index","follow":"follow","max-snippet":"max-snippet:-1","max-image-preview":"max-image-preview:large","max-video-preview":"max-video-preview:-1"},"canonical":"https:\/\/c-profil.se\/english\/product\/separator-iboco-sep-e\/","og_locale":"en_US","og_type":"article","og_title":"Skiljev\u00e4gg IBOCO | SEP-E - C-Pro","og_description":"Skiljev\u00e4gg \/ SEP-E \u2013 Separera kretsar enkelt i T1- och T1-E-kabelkanaler. IBOCO SEP-E \u00e4r en praktisk och effektiv skiljev\u00e4gg f\u00f6r kabelkanaler av typen T1 och T1-E. Med detta tillbeh\u00f6r kan du fysiskt separera kablar och kretsar inom samma kanal \u2013 en viktig funktion n\u00e4r det g\u00e4ller att s\u00e4rskilja olika sp\u00e4nningsniv\u00e5er eller systemfunktioner. F\u00f6rdelar med IBOCO SEP-E skiljev\u00e4gg:    S\u00e4ker separation av kablar \u2013 Perfekt f\u00f6r att h\u00e5lla is\u00e4r ledningar med olika sp\u00e4nning eller funktion i samma kabelkanal.  Snabb och enkel installation \u2013 Monteras smidigt utan extra verktyg eller ombyggnad.  Flexibel och effektiv l\u00f6sning \u2013 Anpassar sig efter kanalens utformning och skapar ordning och \u00f6kad s\u00e4kerhet.  Kompatibel med T1 och T1-E \u2013 Utformad f\u00f6r perfekt passform i IBOCO:s kabelkanaler.  P\u00e5litlig och h\u00e5llbar \u2013 En favorit bland installat\u00f6rer som kr\u00e4ver struktur och drifts\u00e4kerhet.  Med SEP-E skiljev\u00e4gg f\u00e5r du en kostnadseffektiv l\u00f6sning f\u00f6r att uppfylla krav p\u00e5 tydlig kabelseparation enligt elstandarder och s\u00e4kerhetsf\u00f6reskrifter.","og_url":"https:\/\/c-profil.se\/english\/product\/separator-iboco-sep-e\/","og_site_name":"C-Pro","article_publisher":"https:\/\/www.facebook.com\/people\/C-Pro\/61561767306874\/","article_modified_time":"2026-04-29T08:51:30+00:00","og_image":[{"width":1000,"height":1000,"url":"https:\/\/c-profil.se\/wp-content\/uploads\/2015\/10\/Skiljevagg-IBOCO-SEP-E.jpg","type":"image\/jpeg"}],"twitter_card":"summary_large_image","twitter_misc":{"Price":"","Availability":"In stock"},"schema":{"@context":"https:\/\/schema.org","@graph":[{"@type":"WebPage","@id":"https:\/\/c-profil.se\/produkt\/skiljevagg-iboco-sep-e\/","url":"https:\/\/c-profil.se\/produkt\/skiljevagg-iboco-sep-e\/","name":"Partition wall \/ SEP-E - C-Pro","isPartOf":{"@id":"https:\/\/c-profil.se\/#website"},"primaryImageOfPage":{"@id":"https:\/\/c-profil.se\/produkt\/skiljevagg-iboco-sep-e\/#primaryimage"},"image":{"@id":"https:\/\/c-profil.se\/produkt\/skiljevagg-iboco-sep-e\/#primaryimage"},"thumbnailUrl":"https:\/\/c-profil.se\/wp-content\/uploads\/2015\/10\/Skiljevagg-IBOCO-SEP-E.jpg","datePublished":"2015-10-21T08:29:00+00:00","dateModified":"2026-04-29T08:51:30+00:00","description":"Partition \/ SEP-EE is an accessory for IBOCO&#039;s cable ducts type: T1 and T1-E. With the partition SEP-E you can physically separate cables inside the duct.","breadcrumb":{"@id":"https:\/\/c-profil.se\/produkt\/skiljevagg-iboco-sep-e\/#breadcrumb"},"inLanguage":"en","potentialAction":[{"@type":"ReadAction","target":["https:\/\/c-profil.se\/produkt\/skiljevagg-iboco-sep-e\/"]}]},{"@type":"ImageObject","inLanguage":"en","@id":"https:\/\/c-profil.se\/produkt\/skiljevagg-iboco-sep-e\/#primaryimage","url":"https:\/\/c-profil.se\/wp-content\/uploads\/2015\/10\/Skiljevagg-IBOCO-SEP-E.jpg","contentUrl":"https:\/\/c-profil.se\/wp-content\/uploads\/2015\/10\/Skiljevagg-IBOCO-SEP-E.jpg","width":1000,"height":1000,"caption":"Skiljev\u00e4gg IBOCO SEP-E"},{"@type":"BreadcrumbList","@id":"https:\/\/c-profil.se\/produkt\/skiljevagg-iboco-sep-e\/#breadcrumb","itemListElement":[{"@type":"ListItem","position":1,"name":"Hem","item":"https:\/\/c-profil.se\/"},{"@type":"ListItem","position":2,"name":"Produkter","item":"https:\/\/c-profil.se\/produkter\/"},{"@type":"ListItem","position":3,"name":"Kabelkanaler IBOCO","item":"https:\/\/c-profil.se\/produkt-kategori\/kabelkanaler-iboco\/"},{"@type":"ListItem","position":4,"name":"Skiljev\u00e4gg IBOCO | SEP-E"}]},{"@type":"WebSite","@id":"https:\/\/c-profil.se\/#website","url":"https:\/\/c-profil.se\/","name":"C-Pro","description":"Products for Electricity and Automation","publisher":{"@id":"https:\/\/c-profil.se\/#organization"},"potentialAction":[{"@type":"SearchAction","target":{"@type":"EntryPoint","urlTemplate":"https:\/\/c-profil.se\/?s={search_term_string}"},"query-input":{"@type":"PropertyValueSpecification","valueRequired":true,"valueName":"search_term_string"}}],"inLanguage":"en"},{"@type":"Organization","@id":"https:\/\/c-profil.se\/#organization","name":"C-Pro","alternateName":"C-PRO","url":"https:\/\/c-profil.se\/","logo":{"@type":"ImageObject","inLanguage":"en","@id":"https:\/\/c-profil.se\/#\/schema\/logo\/image\/","url":"https:\/\/c-profil.se\/wp-content\/uploads\/2022\/03\/c-pro-logga-liggande-500x500-1.png","contentUrl":"https:\/\/c-profil.se\/wp-content\/uploads\/2022\/03\/c-pro-logga-liggande-500x500-1.png","width":500,"height":500,"caption":"C-Pro"},"image":{"@id":"https:\/\/c-profil.se\/#\/schema\/logo\/image\/"},"sameAs":["https:\/\/www.facebook.com\/people\/C-Pro\/61561767306874\/","https:\/\/www.linkedin.com\/company\/c-pro-ab","https:\/\/www.instagram.com\/cpro.ab\/"],"description":"C-PRO AB is a comprehensive supplier of materials for applications in electricity and automation. Ever since the start in 1987, we have supplied the Swedish manufacturing industry with electrical materials. Despite our size and leading position, we have never abandoned our basic philosophy, to be a personal supplier. We at C-PRO are easy to get in touch with, honest and passionate about solving our customers&#039; problems.","email":"info@c-profil.se","telephone":"031575785","legalName":"C-Profil F\u00f6rl\u00e4ggningsmaterial AB","foundingDate":"1987-01-01"}]},"product_brand":"dragning av kablage","product_price_currency":"SEK","og_availability":"instock","product_availability":"instock","product_retailer_item_id":"SEP-E","product_condition":"new"},"_links":{"self":[{"href":"https:\/\/c-profil.se\/english\/wp-json\/wp\/v2\/product\/23883","targetHints":{"allow":["GET"]}}],"collection":[{"href":"https:\/\/c-profil.se\/english\/wp-json\/wp\/v2\/product"}],"about":[{"href":"https:\/\/c-profil.se\/english\/wp-json\/wp\/v2\/types\/product"}],"version-history":[{"count":10,"href":"https:\/\/c-profil.se\/english\/wp-json\/wp\/v2\/product\/23883\/revisions"}],"predecessor-version":[{"id":75252,"href":"https:\/\/c-profil.se\/english\/wp-json\/wp\/v2\/product\/23883\/revisions\/75252"}],"wp:featuredmedia":[{"embeddable":true,"href":"https:\/\/c-profil.se\/english\/wp-json\/wp\/v2\/media\/51336"}],"wp:attachment":[{"href":"https:\/\/c-profil.se\/english\/wp-json\/wp\/v2\/media?parent=23883"}],"wp:term":[{"taxonomy":"product_brand","embeddable":true,"href":"https:\/\/c-profil.se\/english\/wp-json\/wp\/v2\/product_brand?post=23883"},{"taxonomy":"product_cat","embeddable":true,"href":"https:\/\/c-profil.se\/english\/wp-json\/wp\/v2\/product_cat?post=23883"},{"taxonomy":"product_tag","embeddable":true,"href":"https:\/\/c-profil.se\/english\/wp-json\/wp\/v2\/product_tag?post=23883"}],"curies":[{"name":"wp","href":"https:\/\/api.w.org\/{rel}","templated":true}]}}