{"id":23877,"date":"2015-10-21T09:26:00","date_gmt":"2015-10-21T08:26:00","guid":{"rendered":"https:\/\/c-profil.se\/produkt\/kabelhallare-tr\/"},"modified":"2026-04-29T09:56:27","modified_gmt":"2026-04-29T08:56:27","slug":"cable-retainer-iboco-tr","status":"publish","type":"product","link":"https:\/\/c-profil.se\/english\/produkt\/kabelhallare-iboco-tr\/","title":{"rendered":"Cable holder IBOCO | TR"},"content":{"rendered":"<p><strong>Cable holder TR is a flexible accessory for both wide and narrow slotted IBOCO cable ducts<\/strong>, developed to hold cables securely in place during installation and service.<br \/>\nIt can be easily cut to the desired length and is particularly time-saving during panel construction and maintenance.<\/p>","protected":false},"excerpt":{"rendered":"<p class=\"ai-optimize-34 ai-optimize-introduction\"><strong>Cable holder \/ TR<\/strong> \u2013 Flexible and time-saving solution for cable ducts.<\/p>\n<p class=\"ai-optimize-35\">Cable holder IBOCO TR is a practical accessory that fits both wide-slot and narrow-slot cable ducts. Easy to use and adapt to different cable duct sizes, making it an indispensable aid in both installation and maintenance.<\/p>\n<p class=\"ai-optimize-36\"><strong>Features and benefits of IBOCO TR cable holder:<\/strong><\/p>\n<ul>\n<li class=\"ai-optimize-37\"><strong>Flexible length<\/strong> \u2013 TR1 and TR1-E are delivered in a size that can be easily cut to match the desired length and needs.<\/li>\n<li class=\"ai-optimize-37\"><strong>Fits multiple cable duct types<\/strong> \u2013 Ideal for both wide and narrow slotted channels, providing versatility in various projects.<\/li>\n<li class=\"ai-optimize-37\"><strong>Efficient and time-saving<\/strong> \u2013 A great help for panel builders and installers who want fast, safe and structured cable management.<\/li>\n<li class=\"ai-optimize-37\"><strong>Easy to use<\/strong> \u2013 Makes it easy to keep cables in place throughout the installation process.<\/li>\n<\/ul>\n<p class=\"ai-optimize-41\">With <strong>Cable retainers IBOCO \/ TR<\/strong>\u00a0You get a flexible and reliable product that makes work easier both during new installation and service.<\/p>","protected":false},"featured_media":51328,"template":"","meta":{"_acf_changed":false},"product_brand":[739],"product_cat":[189],"product_tag":[970,975,1002],"class_list":{"0":"post-23877","1":"product","2":"type-product","3":"status-publish","4":"has-post-thumbnail","6":"product_brand-iboco","7":"product_cat-kabelkanaler-iboco","8":"product_tag-dragning-av-kablage","9":"product_tag-fastsattning","10":"product_tag-kabelkanaler","12":"first","13":"instock","14":"shipping-taxable","15":"product-type-simple"},"acf":[],"yoast_head":"<!-- This site is optimized with the Yoast SEO Premium plugin v27.5 (Yoast SEO v27.5) - https:\/\/yoast.com\/product\/yoast-seo-premium-wordpress\/ -->\n<title>Kabelh\u00e5llare \/ TR - C-Pro<\/title>\n<meta name=\"description\" content=\"Uppt\u00e4ck Kabelh\u00e5llare \/ TR f\u00f6r bred- och smalslitsade kabelkanaler. Enkel att anv\u00e4nda och den passar bra f\u00f6r olika storlekar. L\u00e4s Mer!\" \/>\n<meta name=\"robots\" content=\"index, follow, max-snippet:-1, max-image-preview:large, max-video-preview:-1\" \/>\n<link rel=\"canonical\" href=\"https:\/\/c-profil.se\/english\/product\/cable-retainer-iboco-tr\/\" \/>\n<meta property=\"og:locale\" content=\"en_US\" \/>\n<meta property=\"og:type\" content=\"article\" \/>\n<meta property=\"og:title\" content=\"Kabelh\u00e5llare IBOCO | TR - C-Pro\" \/>\n<meta property=\"og:description\" content=\"Kabelh\u00e5llare \/ TR \u2013 Flexibel och tidsbesparande l\u00f6sning f\u00f6r kabelkanaler. Kabelh\u00e5llare IBOCO TR \u00e4r ett praktiskt tillbeh\u00f6r som passar b\u00e5de bredslitsade och smalslitsade kabelkanaler. Enkel att anv\u00e4nda och anpassa efter olika kabelkanalstorlekar, vilket g\u00f6r den till en oumb\u00e4rlig hj\u00e4lp vid b\u00e5de installation och underh\u00e5ll. Funktioner och f\u00f6rdelar med IBOCO TR kabelh\u00e5llare:    Flexibel l\u00e4ngd \u2013 TR1 och TR1-E levereras i en storlek som enkelt kan kapas f\u00f6r att matcha \u00f6nskad l\u00e4ngd och behov.  Passar flera kabelkanalstyper \u2013 Idealisk f\u00f6r b\u00e5de bred- och smalslitsade kanaler, vilket ger m\u00e5ngsidighet i olika projekt.  Effektiv och tidsbesparande \u2013 En stor hj\u00e4lp f\u00f6r panelbyggare och installat\u00f6rer som vill ha snabb, s\u00e4ker och strukturerad kabelhantering.  Enkel anv\u00e4ndning \u2013 G\u00f6r det l\u00e4tt att h\u00e5lla kablar p\u00e5 plats under hela installationsprocessen.  Med Kabelh\u00e5llare IBOCO \/ TR\u00a0f\u00e5r du en flexibel och p\u00e5litlig produkt som underl\u00e4ttar arbetet b\u00e5de vid nyinstallation och service.\" \/>\n<meta property=\"og:url\" content=\"https:\/\/c-profil.se\/english\/product\/cable-retainer-iboco-tr\/\" \/>\n<meta property=\"og:site_name\" content=\"C-Pro\" \/>\n<meta property=\"article:publisher\" content=\"https:\/\/www.facebook.com\/people\/C-Pro\/61561767306874\/\" \/>\n<meta property=\"article:modified_time\" content=\"2026-04-29T08:56:27+00:00\" \/>\n<meta property=\"og:image\" content=\"https:\/\/c-profil.se\/wp-content\/uploads\/2015\/10\/Kabelhallare-IBOCO-TR.jpg\" \/>\n\t<meta property=\"og:image:width\" content=\"1000\" \/>\n\t<meta property=\"og:image:height\" content=\"1000\" \/>\n\t<meta property=\"og:image:type\" content=\"image\/jpeg\" \/>\n<meta name=\"twitter:card\" content=\"summary_large_image\" \/>\n<meta name=\"twitter:label1\" content=\"Price\" \/>\n\t<meta name=\"twitter:data1\" content=\"\" \/>\n\t<meta name=\"twitter:label2\" content=\"Availability\" \/>\n\t<meta name=\"twitter:data2\" content=\"In stock\" \/>\n<script type=\"application\/ld+json\" class=\"yoast-schema-graph\">{\"@context\":\"https:\\\/\\\/schema.org\",\"@graph\":[{\"@type\":\"WebPage\",\"@id\":\"https:\\\/\\\/c-profil.se\\\/produkt\\\/kabelhallare-iboco-tr\\\/\",\"url\":\"https:\\\/\\\/c-profil.se\\\/produkt\\\/kabelhallare-iboco-tr\\\/\",\"name\":\"Kabelh\u00e5llare \\\/ TR - C-Pro\",\"isPartOf\":{\"@id\":\"https:\\\/\\\/c-profil.se\\\/#website\"},\"primaryImageOfPage\":{\"@id\":\"https:\\\/\\\/c-profil.se\\\/produkt\\\/kabelhallare-iboco-tr\\\/#primaryimage\"},\"image\":{\"@id\":\"https:\\\/\\\/c-profil.se\\\/produkt\\\/kabelhallare-iboco-tr\\\/#primaryimage\"},\"thumbnailUrl\":\"https:\\\/\\\/c-profil.se\\\/wp-content\\\/uploads\\\/2015\\\/10\\\/Kabelhallare-IBOCO-TR.jpg\",\"datePublished\":\"2015-10-21T08:26:00+00:00\",\"dateModified\":\"2026-04-29T08:56:27+00:00\",\"description\":\"Uppt\u00e4ck Kabelh\u00e5llare \\\/ TR f\u00f6r bred- och smalslitsade kabelkanaler. Enkel att anv\u00e4nda och den passar bra f\u00f6r olika storlekar. L\u00e4s Mer!\",\"breadcrumb\":{\"@id\":\"https:\\\/\\\/c-profil.se\\\/produkt\\\/kabelhallare-iboco-tr\\\/#breadcrumb\"},\"inLanguage\":\"en\",\"potentialAction\":[{\"@type\":\"ReadAction\",\"target\":[\"https:\\\/\\\/c-profil.se\\\/produkt\\\/kabelhallare-iboco-tr\\\/\"]}]},{\"@type\":\"ImageObject\",\"inLanguage\":\"en\",\"@id\":\"https:\\\/\\\/c-profil.se\\\/produkt\\\/kabelhallare-iboco-tr\\\/#primaryimage\",\"url\":\"https:\\\/\\\/c-profil.se\\\/wp-content\\\/uploads\\\/2015\\\/10\\\/Kabelhallare-IBOCO-TR.jpg\",\"contentUrl\":\"https:\\\/\\\/c-profil.se\\\/wp-content\\\/uploads\\\/2015\\\/10\\\/Kabelhallare-IBOCO-TR.jpg\",\"width\":1000,\"height\":1000,\"caption\":\"Kabelh\u00e5llare IBOCO TR\"},{\"@type\":\"BreadcrumbList\",\"@id\":\"https:\\\/\\\/c-profil.se\\\/produkt\\\/kabelhallare-iboco-tr\\\/#breadcrumb\",\"itemListElement\":[{\"@type\":\"ListItem\",\"position\":1,\"name\":\"Hem\",\"item\":\"https:\\\/\\\/c-profil.se\\\/\"},{\"@type\":\"ListItem\",\"position\":2,\"name\":\"Produkter\",\"item\":\"https:\\\/\\\/c-profil.se\\\/produkter\\\/\"},{\"@type\":\"ListItem\",\"position\":3,\"name\":\"Kabelkanaler IBOCO\",\"item\":\"https:\\\/\\\/c-profil.se\\\/produkt-kategori\\\/kabelkanaler-iboco\\\/\"},{\"@type\":\"ListItem\",\"position\":4,\"name\":\"Kabelh\u00e5llare IBOCO | TR\"}]},{\"@type\":\"WebSite\",\"@id\":\"https:\\\/\\\/c-profil.se\\\/#website\",\"url\":\"https:\\\/\\\/c-profil.se\\\/\",\"name\":\"C-Pro\",\"description\":\"Produkter f\u00f6r El och Automation\",\"publisher\":{\"@id\":\"https:\\\/\\\/c-profil.se\\\/#organization\"},\"potentialAction\":[{\"@type\":\"SearchAction\",\"target\":{\"@type\":\"EntryPoint\",\"urlTemplate\":\"https:\\\/\\\/c-profil.se\\\/?s={search_term_string}\"},\"query-input\":{\"@type\":\"PropertyValueSpecification\",\"valueRequired\":true,\"valueName\":\"search_term_string\"}}],\"inLanguage\":\"en\"},{\"@type\":\"Organization\",\"@id\":\"https:\\\/\\\/c-profil.se\\\/#organization\",\"name\":\"C-Pro\",\"alternateName\":\"C-PRO\",\"url\":\"https:\\\/\\\/c-profil.se\\\/\",\"logo\":{\"@type\":\"ImageObject\",\"inLanguage\":\"en\",\"@id\":\"https:\\\/\\\/c-profil.se\\\/#\\\/schema\\\/logo\\\/image\\\/\",\"url\":\"https:\\\/\\\/c-profil.se\\\/wp-content\\\/uploads\\\/2022\\\/03\\\/c-pro-logga-liggande-500x500-1.png\",\"contentUrl\":\"https:\\\/\\\/c-profil.se\\\/wp-content\\\/uploads\\\/2022\\\/03\\\/c-pro-logga-liggande-500x500-1.png\",\"width\":500,\"height\":500,\"caption\":\"C-Pro\"},\"image\":{\"@id\":\"https:\\\/\\\/c-profil.se\\\/#\\\/schema\\\/logo\\\/image\\\/\"},\"sameAs\":[\"https:\\\/\\\/www.facebook.com\\\/people\\\/C-Pro\\\/61561767306874\\\/\",\"https:\\\/\\\/www.linkedin.com\\\/company\\\/c-pro-ab\",\"https:\\\/\\\/www.instagram.com\\\/cpro.ab\\\/\"],\"description\":\"C-PRO AB \u00e4r en helt\u00e4ckande leverant\u00f6r av material f\u00f6r applikationer inom el och automation. \u00c4nda sedan starten 1987 har vi f\u00f6rsett den svenska tillverkande industrin med elmaterial. Trots v\u00e5r storlek och ledande position har vi aldrig \u00f6vergett v\u00e5r grundfilosofi, att vara en personlig leverant\u00f6r. Vi p\u00e5 C-PRO \u00e4r l\u00e4tta att komma i kontakt med, \u00e4rliga och brinner f\u00f6r att l\u00f6sa v\u00e5ra kunders problem.\",\"email\":\"info@c-profil.se\",\"telephone\":\"031575785\",\"legalName\":\"C-Profil F\u00f6rl\u00e4ggningsmaterial AB\",\"foundingDate\":\"1987-01-01\"}]}<\/script>\n<meta property=\"product:brand\" content=\"dragning av kablage\" \/>\n<meta property=\"product:price:currency\" content=\"SEK\" \/>\n<meta property=\"og:availability\" content=\"instock\" \/>\n<meta property=\"product:availability\" content=\"instock\" \/>\n<meta property=\"product:retailer_item_id\" content=\"TR\" \/>\n<meta property=\"product:condition\" content=\"new\" \/>\n<!-- \/ Yoast SEO Premium plugin. -->","yoast_head_json":{"title":"Cable holder \/ TR - C-Pro","description":"Discover Cable Holder \/ TR for wide and narrow slotted cable ducts. Easy to use and it fits well for different sizes. Read More!","robots":{"index":"index","follow":"follow","max-snippet":"max-snippet:-1","max-image-preview":"max-image-preview:large","max-video-preview":"max-video-preview:-1"},"canonical":"https:\/\/c-profil.se\/english\/product\/cable-retainer-iboco-tr\/","og_locale":"en_US","og_type":"article","og_title":"Kabelh\u00e5llare IBOCO | TR - C-Pro","og_description":"Kabelh\u00e5llare \/ TR \u2013 Flexibel och tidsbesparande l\u00f6sning f\u00f6r kabelkanaler. Kabelh\u00e5llare IBOCO TR \u00e4r ett praktiskt tillbeh\u00f6r som passar b\u00e5de bredslitsade och smalslitsade kabelkanaler. Enkel att anv\u00e4nda och anpassa efter olika kabelkanalstorlekar, vilket g\u00f6r den till en oumb\u00e4rlig hj\u00e4lp vid b\u00e5de installation och underh\u00e5ll. Funktioner och f\u00f6rdelar med IBOCO TR kabelh\u00e5llare:    Flexibel l\u00e4ngd \u2013 TR1 och TR1-E levereras i en storlek som enkelt kan kapas f\u00f6r att matcha \u00f6nskad l\u00e4ngd och behov.  Passar flera kabelkanalstyper \u2013 Idealisk f\u00f6r b\u00e5de bred- och smalslitsade kanaler, vilket ger m\u00e5ngsidighet i olika projekt.  Effektiv och tidsbesparande \u2013 En stor hj\u00e4lp f\u00f6r panelbyggare och installat\u00f6rer som vill ha snabb, s\u00e4ker och strukturerad kabelhantering.  Enkel anv\u00e4ndning \u2013 G\u00f6r det l\u00e4tt att h\u00e5lla kablar p\u00e5 plats under hela installationsprocessen.  Med Kabelh\u00e5llare IBOCO \/ TR\u00a0f\u00e5r du en flexibel och p\u00e5litlig produkt som underl\u00e4ttar arbetet b\u00e5de vid nyinstallation och service.","og_url":"https:\/\/c-profil.se\/english\/product\/cable-retainer-iboco-tr\/","og_site_name":"C-Pro","article_publisher":"https:\/\/www.facebook.com\/people\/C-Pro\/61561767306874\/","article_modified_time":"2026-04-29T08:56:27+00:00","og_image":[{"width":1000,"height":1000,"url":"https:\/\/c-profil.se\/wp-content\/uploads\/2015\/10\/Kabelhallare-IBOCO-TR.jpg","type":"image\/jpeg"}],"twitter_card":"summary_large_image","twitter_misc":{"Price":"","Availability":"In stock"},"schema":{"@context":"https:\/\/schema.org","@graph":[{"@type":"WebPage","@id":"https:\/\/c-profil.se\/produkt\/kabelhallare-iboco-tr\/","url":"https:\/\/c-profil.se\/produkt\/kabelhallare-iboco-tr\/","name":"Cable holder \/ TR - C-Pro","isPartOf":{"@id":"https:\/\/c-profil.se\/#website"},"primaryImageOfPage":{"@id":"https:\/\/c-profil.se\/produkt\/kabelhallare-iboco-tr\/#primaryimage"},"image":{"@id":"https:\/\/c-profil.se\/produkt\/kabelhallare-iboco-tr\/#primaryimage"},"thumbnailUrl":"https:\/\/c-profil.se\/wp-content\/uploads\/2015\/10\/Kabelhallare-IBOCO-TR.jpg","datePublished":"2015-10-21T08:26:00+00:00","dateModified":"2026-04-29T08:56:27+00:00","description":"Discover Cable Holder \/ TR for wide and narrow slotted cable ducts. Easy to use and it fits well for different sizes. Read More!","breadcrumb":{"@id":"https:\/\/c-profil.se\/produkt\/kabelhallare-iboco-tr\/#breadcrumb"},"inLanguage":"en","potentialAction":[{"@type":"ReadAction","target":["https:\/\/c-profil.se\/produkt\/kabelhallare-iboco-tr\/"]}]},{"@type":"ImageObject","inLanguage":"en","@id":"https:\/\/c-profil.se\/produkt\/kabelhallare-iboco-tr\/#primaryimage","url":"https:\/\/c-profil.se\/wp-content\/uploads\/2015\/10\/Kabelhallare-IBOCO-TR.jpg","contentUrl":"https:\/\/c-profil.se\/wp-content\/uploads\/2015\/10\/Kabelhallare-IBOCO-TR.jpg","width":1000,"height":1000,"caption":"Kabelh\u00e5llare IBOCO TR"},{"@type":"BreadcrumbList","@id":"https:\/\/c-profil.se\/produkt\/kabelhallare-iboco-tr\/#breadcrumb","itemListElement":[{"@type":"ListItem","position":1,"name":"Hem","item":"https:\/\/c-profil.se\/"},{"@type":"ListItem","position":2,"name":"Produkter","item":"https:\/\/c-profil.se\/produkter\/"},{"@type":"ListItem","position":3,"name":"Kabelkanaler IBOCO","item":"https:\/\/c-profil.se\/produkt-kategori\/kabelkanaler-iboco\/"},{"@type":"ListItem","position":4,"name":"Kabelh\u00e5llare IBOCO | TR"}]},{"@type":"WebSite","@id":"https:\/\/c-profil.se\/#website","url":"https:\/\/c-profil.se\/","name":"C-Pro","description":"Products for Electricity and Automation","publisher":{"@id":"https:\/\/c-profil.se\/#organization"},"potentialAction":[{"@type":"SearchAction","target":{"@type":"EntryPoint","urlTemplate":"https:\/\/c-profil.se\/?s={search_term_string}"},"query-input":{"@type":"PropertyValueSpecification","valueRequired":true,"valueName":"search_term_string"}}],"inLanguage":"en"},{"@type":"Organization","@id":"https:\/\/c-profil.se\/#organization","name":"C-Pro","alternateName":"C-PRO","url":"https:\/\/c-profil.se\/","logo":{"@type":"ImageObject","inLanguage":"en","@id":"https:\/\/c-profil.se\/#\/schema\/logo\/image\/","url":"https:\/\/c-profil.se\/wp-content\/uploads\/2022\/03\/c-pro-logga-liggande-500x500-1.png","contentUrl":"https:\/\/c-profil.se\/wp-content\/uploads\/2022\/03\/c-pro-logga-liggande-500x500-1.png","width":500,"height":500,"caption":"C-Pro"},"image":{"@id":"https:\/\/c-profil.se\/#\/schema\/logo\/image\/"},"sameAs":["https:\/\/www.facebook.com\/people\/C-Pro\/61561767306874\/","https:\/\/www.linkedin.com\/company\/c-pro-ab","https:\/\/www.instagram.com\/cpro.ab\/"],"description":"C-PRO AB is a comprehensive supplier of materials for applications in electricity and automation. Ever since the start in 1987, we have supplied the Swedish manufacturing industry with electrical materials. Despite our size and leading position, we have never abandoned our basic philosophy, to be a personal supplier. We at C-PRO are easy to get in touch with, honest and passionate about solving our customers&#039; problems.","email":"info@c-profil.se","telephone":"031575785","legalName":"C-Profil F\u00f6rl\u00e4ggningsmaterial AB","foundingDate":"1987-01-01"}]},"product_brand":"dragning av kablage","product_price_currency":"SEK","og_availability":"instock","product_availability":"instock","product_retailer_item_id":"TR","product_condition":"new"},"_links":{"self":[{"href":"https:\/\/c-profil.se\/english\/wp-json\/wp\/v2\/product\/23877","targetHints":{"allow":["GET"]}}],"collection":[{"href":"https:\/\/c-profil.se\/english\/wp-json\/wp\/v2\/product"}],"about":[{"href":"https:\/\/c-profil.se\/english\/wp-json\/wp\/v2\/types\/product"}],"version-history":[{"count":9,"href":"https:\/\/c-profil.se\/english\/wp-json\/wp\/v2\/product\/23877\/revisions"}],"predecessor-version":[{"id":75255,"href":"https:\/\/c-profil.se\/english\/wp-json\/wp\/v2\/product\/23877\/revisions\/75255"}],"wp:featuredmedia":[{"embeddable":true,"href":"https:\/\/c-profil.se\/english\/wp-json\/wp\/v2\/media\/51328"}],"wp:attachment":[{"href":"https:\/\/c-profil.se\/english\/wp-json\/wp\/v2\/media?parent=23877"}],"wp:term":[{"taxonomy":"product_brand","embeddable":true,"href":"https:\/\/c-profil.se\/english\/wp-json\/wp\/v2\/product_brand?post=23877"},{"taxonomy":"product_cat","embeddable":true,"href":"https:\/\/c-profil.se\/english\/wp-json\/wp\/v2\/product_cat?post=23877"},{"taxonomy":"product_tag","embeddable":true,"href":"https:\/\/c-profil.se\/english\/wp-json\/wp\/v2\/product_tag?post=23877"}],"curies":[{"name":"wp","href":"https:\/\/api.w.org\/{rel}","templated":true}]}}