{"id":23868,"date":"2015-10-21T09:24:00","date_gmt":"2015-10-21T08:24:00","guid":{"rendered":"https:\/\/c-profil.se\/produkt\/revbenskanal-dn-a\/"},"modified":"2026-03-18T08:41:29","modified_gmt":"2026-03-18T07:41:29","slug":"flexible-cable-duct-dn-a","status":"publish","type":"product","link":"https:\/\/c-profil.se\/english\/produkt\/revbenskanal-dn-a\/","title":{"rendered":"Flexible Duct \/ DN-A"},"content":{"rendered":"<p><strong>DN-A is a bendable and self-adhesive ribbed duct for flexible cable routing without the need for mounting holes.<\/strong><br \/>\nIt is particularly suitable for mobile installations, such as cabinet doors and hatches.<\/p>","protected":false},"excerpt":{"rendered":"<p>Bendable adhesive and Flexible Duct \/ DN-A. For areas of use where mounting holes are not desired.<\/p>\n<ul>\n<li>A perfect solution for wiring to cabinet doors etc.<\/li>\n<\/ul>","protected":false},"featured_media":51376,"template":"","meta":{"_acf_changed":false},"product_brand":[739],"product_cat":[191],"product_tag":[970,946],"class_list":{"0":"post-23868","1":"product","2":"type-product","3":"status-publish","4":"has-post-thumbnail","6":"product_brand-iboco","7":"product_cat-revbenskanaler","8":"product_tag-dragning-av-kablage","9":"product_tag-kabelhantering-i-apparatskap","11":"first","12":"instock","13":"shipping-taxable","14":"product-type-simple"},"acf":[],"yoast_head":"<!-- This site is optimized with the Yoast SEO Premium plugin v27.4 (Yoast SEO v27.4) - https:\/\/yoast.com\/product\/yoast-seo-premium-wordpress\/ -->\n<title>Revbenskanal \/ DN-A - C-Pro<\/title>\n<meta name=\"description\" content=\"B\u00f6jbar sj\u00e4lvh\u00e4ftande Revbenskanal \/ DN-A. F\u00f6r anv\u00e4ndningsomr\u00e5den d\u00e4r man inte vill ha f\u00e4sth\u00e5l. En perfekt l\u00f6sning f\u00f6r ledningsdragning. L\u00e4s Mer!\" \/>\n<meta name=\"robots\" content=\"index, follow, max-snippet:-1, max-image-preview:large, max-video-preview:-1\" \/>\n<link rel=\"canonical\" href=\"https:\/\/c-profil.se\/english\/product\/flexible-cable-duct-dn-a\/\" \/>\n<meta property=\"og:locale\" content=\"en_US\" \/>\n<meta property=\"og:type\" content=\"article\" \/>\n<meta property=\"og:title\" content=\"Revbenskanal \/ DN-A - C-Pro\" \/>\n<meta property=\"og:description\" content=\"B\u00f6jbar sj\u00e4lvh\u00e4ftande och flexibel Revbenskanal \/ DN-A. F\u00f6r anv\u00e4ndningsomr\u00e5den d\u00e4r man inte vill ha f\u00e4sth\u00e5l.   En perfekt l\u00f6sning f\u00f6r ledningsdragning till sk\u00e5pd\u00f6rrar mm.\" \/>\n<meta property=\"og:url\" content=\"https:\/\/c-profil.se\/english\/product\/flexible-cable-duct-dn-a\/\" \/>\n<meta property=\"og:site_name\" content=\"C-Pro\" \/>\n<meta property=\"article:publisher\" content=\"https:\/\/www.facebook.com\/people\/C-Pro\/61561767306874\/\" \/>\n<meta property=\"article:modified_time\" content=\"2026-03-18T07:41:29+00:00\" \/>\n<meta property=\"og:image\" content=\"https:\/\/c-profil.se\/wp-content\/uploads\/2015\/10\/Revbenskanal-DN-A.jpg\" \/>\n\t<meta property=\"og:image:width\" content=\"1000\" \/>\n\t<meta property=\"og:image:height\" content=\"1000\" \/>\n\t<meta property=\"og:image:type\" content=\"image\/jpeg\" \/>\n<meta name=\"twitter:card\" content=\"summary_large_image\" \/>\n<meta name=\"twitter:label1\" content=\"Price\" \/>\n\t<meta name=\"twitter:data1\" content=\"\" \/>\n\t<meta name=\"twitter:label2\" content=\"Availability\" \/>\n\t<meta name=\"twitter:data2\" content=\"In stock\" \/>\n<script type=\"application\/ld+json\" class=\"yoast-schema-graph\">{\"@context\":\"https:\\\/\\\/schema.org\",\"@graph\":[{\"@type\":\"WebPage\",\"@id\":\"https:\\\/\\\/c-profil.se\\\/produkt\\\/revbenskanal-dn-a\\\/\",\"url\":\"https:\\\/\\\/c-profil.se\\\/produkt\\\/revbenskanal-dn-a\\\/\",\"name\":\"Revbenskanal \\\/ DN-A - C-Pro\",\"isPartOf\":{\"@id\":\"https:\\\/\\\/c-profil.se\\\/#website\"},\"primaryImageOfPage\":{\"@id\":\"https:\\\/\\\/c-profil.se\\\/produkt\\\/revbenskanal-dn-a\\\/#primaryimage\"},\"image\":{\"@id\":\"https:\\\/\\\/c-profil.se\\\/produkt\\\/revbenskanal-dn-a\\\/#primaryimage\"},\"thumbnailUrl\":\"https:\\\/\\\/c-profil.se\\\/wp-content\\\/uploads\\\/2015\\\/10\\\/Revbenskanal-DN-A.jpg\",\"datePublished\":\"2015-10-21T08:24:00+00:00\",\"dateModified\":\"2026-03-18T07:41:29+00:00\",\"description\":\"B\u00f6jbar sj\u00e4lvh\u00e4ftande Revbenskanal \\\/ DN-A. F\u00f6r anv\u00e4ndningsomr\u00e5den d\u00e4r man inte vill ha f\u00e4sth\u00e5l. En perfekt l\u00f6sning f\u00f6r ledningsdragning. L\u00e4s Mer!\",\"breadcrumb\":{\"@id\":\"https:\\\/\\\/c-profil.se\\\/produkt\\\/revbenskanal-dn-a\\\/#breadcrumb\"},\"inLanguage\":\"en\",\"potentialAction\":[{\"@type\":\"ReadAction\",\"target\":[\"https:\\\/\\\/c-profil.se\\\/produkt\\\/revbenskanal-dn-a\\\/\"]}]},{\"@type\":\"ImageObject\",\"inLanguage\":\"en\",\"@id\":\"https:\\\/\\\/c-profil.se\\\/produkt\\\/revbenskanal-dn-a\\\/#primaryimage\",\"url\":\"https:\\\/\\\/c-profil.se\\\/wp-content\\\/uploads\\\/2015\\\/10\\\/Revbenskanal-DN-A.jpg\",\"contentUrl\":\"https:\\\/\\\/c-profil.se\\\/wp-content\\\/uploads\\\/2015\\\/10\\\/Revbenskanal-DN-A.jpg\",\"width\":1000,\"height\":1000,\"caption\":\"Revbenskanal DN-A\"},{\"@type\":\"BreadcrumbList\",\"@id\":\"https:\\\/\\\/c-profil.se\\\/produkt\\\/revbenskanal-dn-a\\\/#breadcrumb\",\"itemListElement\":[{\"@type\":\"ListItem\",\"position\":1,\"name\":\"Hem\",\"item\":\"https:\\\/\\\/c-profil.se\\\/\"},{\"@type\":\"ListItem\",\"position\":2,\"name\":\"Produkter\",\"item\":\"https:\\\/\\\/c-profil.se\\\/produkter\\\/\"},{\"@type\":\"ListItem\",\"position\":3,\"name\":\"Revbenskanaler\",\"item\":\"https:\\\/\\\/c-profil.se\\\/produkt-kategori\\\/revbenskanaler\\\/\"},{\"@type\":\"ListItem\",\"position\":4,\"name\":\"Revbenskanal \\\/ DN-A\"}]},{\"@type\":\"WebSite\",\"@id\":\"https:\\\/\\\/c-profil.se\\\/#website\",\"url\":\"https:\\\/\\\/c-profil.se\\\/\",\"name\":\"C-Pro\",\"description\":\"Produkter f\u00f6r El och Automation\",\"publisher\":{\"@id\":\"https:\\\/\\\/c-profil.se\\\/#organization\"},\"potentialAction\":[{\"@type\":\"SearchAction\",\"target\":{\"@type\":\"EntryPoint\",\"urlTemplate\":\"https:\\\/\\\/c-profil.se\\\/?s={search_term_string}\"},\"query-input\":{\"@type\":\"PropertyValueSpecification\",\"valueRequired\":true,\"valueName\":\"search_term_string\"}}],\"inLanguage\":\"en\"},{\"@type\":\"Organization\",\"@id\":\"https:\\\/\\\/c-profil.se\\\/#organization\",\"name\":\"C-Pro\",\"alternateName\":\"C-PRO\",\"url\":\"https:\\\/\\\/c-profil.se\\\/\",\"logo\":{\"@type\":\"ImageObject\",\"inLanguage\":\"en\",\"@id\":\"https:\\\/\\\/c-profil.se\\\/#\\\/schema\\\/logo\\\/image\\\/\",\"url\":\"https:\\\/\\\/c-profil.se\\\/wp-content\\\/uploads\\\/2022\\\/03\\\/c-pro-logga-liggande-500x500-1.png\",\"contentUrl\":\"https:\\\/\\\/c-profil.se\\\/wp-content\\\/uploads\\\/2022\\\/03\\\/c-pro-logga-liggande-500x500-1.png\",\"width\":500,\"height\":500,\"caption\":\"C-Pro\"},\"image\":{\"@id\":\"https:\\\/\\\/c-profil.se\\\/#\\\/schema\\\/logo\\\/image\\\/\"},\"sameAs\":[\"https:\\\/\\\/www.facebook.com\\\/people\\\/C-Pro\\\/61561767306874\\\/\",\"https:\\\/\\\/www.linkedin.com\\\/company\\\/c-pro-ab\",\"https:\\\/\\\/www.instagram.com\\\/cpro.ab\\\/\"],\"description\":\"C-PRO AB \u00e4r en helt\u00e4ckande leverant\u00f6r av material f\u00f6r applikationer inom el och automation. \u00c4nda sedan starten 1987 har vi f\u00f6rsett den svenska tillverkande industrin med elmaterial. Trots v\u00e5r storlek och ledande position har vi aldrig \u00f6vergett v\u00e5r grundfilosofi, att vara en personlig leverant\u00f6r. Vi p\u00e5 C-PRO \u00e4r l\u00e4tta att komma i kontakt med, \u00e4rliga och brinner f\u00f6r att l\u00f6sa v\u00e5ra kunders problem.\",\"email\":\"info@c-profil.se\",\"telephone\":\"031575785\",\"legalName\":\"C-Profil F\u00f6rl\u00e4ggningsmaterial AB\",\"foundingDate\":\"1987-01-01\"}]}<\/script>\n<meta property=\"product:brand\" content=\"dragning av kablage\" \/>\n<meta property=\"product:price:currency\" content=\"SEK\" \/>\n<meta property=\"og:availability\" content=\"instock\" \/>\n<meta property=\"product:availability\" content=\"instock\" \/>\n<meta property=\"product:retailer_item_id\" content=\"Revbenskanal \/ DN-A\" \/>\n<meta property=\"product:condition\" content=\"new\" \/>\n<!-- \/ Yoast SEO Premium plugin. -->","yoast_head_json":{"title":"Flexible duct \/ DN-A - C-Pro","description":"Bendable self-adhesive Rib channel \/ DN-A. For applications where you don&#039;t want mounting holes. A perfect solution for wiring. Read More!","robots":{"index":"index","follow":"follow","max-snippet":"max-snippet:-1","max-image-preview":"max-image-preview:large","max-video-preview":"max-video-preview:-1"},"canonical":"https:\/\/c-profil.se\/english\/product\/flexible-cable-duct-dn-a\/","og_locale":"en_US","og_type":"article","og_title":"Revbenskanal \/ DN-A - C-Pro","og_description":"B\u00f6jbar sj\u00e4lvh\u00e4ftande och flexibel Revbenskanal \/ DN-A. F\u00f6r anv\u00e4ndningsomr\u00e5den d\u00e4r man inte vill ha f\u00e4sth\u00e5l.   En perfekt l\u00f6sning f\u00f6r ledningsdragning till sk\u00e5pd\u00f6rrar mm.","og_url":"https:\/\/c-profil.se\/english\/product\/flexible-cable-duct-dn-a\/","og_site_name":"C-Pro","article_publisher":"https:\/\/www.facebook.com\/people\/C-Pro\/61561767306874\/","article_modified_time":"2026-03-18T07:41:29+00:00","og_image":[{"width":1000,"height":1000,"url":"https:\/\/c-profil.se\/wp-content\/uploads\/2015\/10\/Revbenskanal-DN-A.jpg","type":"image\/jpeg"}],"twitter_card":"summary_large_image","twitter_misc":{"Price":"","Availability":"In stock"},"schema":{"@context":"https:\/\/schema.org","@graph":[{"@type":"WebPage","@id":"https:\/\/c-profil.se\/produkt\/revbenskanal-dn-a\/","url":"https:\/\/c-profil.se\/produkt\/revbenskanal-dn-a\/","name":"Flexible duct \/ DN-A - C-Pro","isPartOf":{"@id":"https:\/\/c-profil.se\/#website"},"primaryImageOfPage":{"@id":"https:\/\/c-profil.se\/produkt\/revbenskanal-dn-a\/#primaryimage"},"image":{"@id":"https:\/\/c-profil.se\/produkt\/revbenskanal-dn-a\/#primaryimage"},"thumbnailUrl":"https:\/\/c-profil.se\/wp-content\/uploads\/2015\/10\/Revbenskanal-DN-A.jpg","datePublished":"2015-10-21T08:24:00+00:00","dateModified":"2026-03-18T07:41:29+00:00","description":"Bendable self-adhesive Rib channel \/ DN-A. For applications where you don&#039;t want mounting holes. A perfect solution for wiring. Read More!","breadcrumb":{"@id":"https:\/\/c-profil.se\/produkt\/revbenskanal-dn-a\/#breadcrumb"},"inLanguage":"en","potentialAction":[{"@type":"ReadAction","target":["https:\/\/c-profil.se\/produkt\/revbenskanal-dn-a\/"]}]},{"@type":"ImageObject","inLanguage":"en","@id":"https:\/\/c-profil.se\/produkt\/revbenskanal-dn-a\/#primaryimage","url":"https:\/\/c-profil.se\/wp-content\/uploads\/2015\/10\/Revbenskanal-DN-A.jpg","contentUrl":"https:\/\/c-profil.se\/wp-content\/uploads\/2015\/10\/Revbenskanal-DN-A.jpg","width":1000,"height":1000,"caption":"Revbenskanal DN-A"},{"@type":"BreadcrumbList","@id":"https:\/\/c-profil.se\/produkt\/revbenskanal-dn-a\/#breadcrumb","itemListElement":[{"@type":"ListItem","position":1,"name":"Hem","item":"https:\/\/c-profil.se\/"},{"@type":"ListItem","position":2,"name":"Produkter","item":"https:\/\/c-profil.se\/produkter\/"},{"@type":"ListItem","position":3,"name":"Revbenskanaler","item":"https:\/\/c-profil.se\/produkt-kategori\/revbenskanaler\/"},{"@type":"ListItem","position":4,"name":"Revbenskanal \/ DN-A"}]},{"@type":"WebSite","@id":"https:\/\/c-profil.se\/#website","url":"https:\/\/c-profil.se\/","name":"C-Pro","description":"Products for Electricity and Automation","publisher":{"@id":"https:\/\/c-profil.se\/#organization"},"potentialAction":[{"@type":"SearchAction","target":{"@type":"EntryPoint","urlTemplate":"https:\/\/c-profil.se\/?s={search_term_string}"},"query-input":{"@type":"PropertyValueSpecification","valueRequired":true,"valueName":"search_term_string"}}],"inLanguage":"en"},{"@type":"Organization","@id":"https:\/\/c-profil.se\/#organization","name":"C-Pro","alternateName":"C-PRO","url":"https:\/\/c-profil.se\/","logo":{"@type":"ImageObject","inLanguage":"en","@id":"https:\/\/c-profil.se\/#\/schema\/logo\/image\/","url":"https:\/\/c-profil.se\/wp-content\/uploads\/2022\/03\/c-pro-logga-liggande-500x500-1.png","contentUrl":"https:\/\/c-profil.se\/wp-content\/uploads\/2022\/03\/c-pro-logga-liggande-500x500-1.png","width":500,"height":500,"caption":"C-Pro"},"image":{"@id":"https:\/\/c-profil.se\/#\/schema\/logo\/image\/"},"sameAs":["https:\/\/www.facebook.com\/people\/C-Pro\/61561767306874\/","https:\/\/www.linkedin.com\/company\/c-pro-ab","https:\/\/www.instagram.com\/cpro.ab\/"],"description":"C-PRO AB is a comprehensive supplier of materials for applications in electricity and automation. Ever since the start in 1987, we have supplied the Swedish manufacturing industry with electrical materials. Despite our size and leading position, we have never abandoned our basic philosophy, to be a personal supplier. We at C-PRO are easy to get in touch with, honest and passionate about solving our customers&#039; problems.","email":"info@c-profil.se","telephone":"031575785","legalName":"C-Profil F\u00f6rl\u00e4ggningsmaterial AB","foundingDate":"1987-01-01"}]},"product_brand":"dragning av kablage","product_price_currency":"SEK","og_availability":"instock","product_availability":"instock","product_retailer_item_id":"Revbenskanal \/ DN-A","product_condition":"new"},"_links":{"self":[{"href":"https:\/\/c-profil.se\/english\/wp-json\/wp\/v2\/product\/23868","targetHints":{"allow":["GET"]}}],"collection":[{"href":"https:\/\/c-profil.se\/english\/wp-json\/wp\/v2\/product"}],"about":[{"href":"https:\/\/c-profil.se\/english\/wp-json\/wp\/v2\/types\/product"}],"version-history":[{"count":4,"href":"https:\/\/c-profil.se\/english\/wp-json\/wp\/v2\/product\/23868\/revisions"}],"predecessor-version":[{"id":71751,"href":"https:\/\/c-profil.se\/english\/wp-json\/wp\/v2\/product\/23868\/revisions\/71751"}],"wp:featuredmedia":[{"embeddable":true,"href":"https:\/\/c-profil.se\/english\/wp-json\/wp\/v2\/media\/51376"}],"wp:attachment":[{"href":"https:\/\/c-profil.se\/english\/wp-json\/wp\/v2\/media?parent=23868"}],"wp:term":[{"taxonomy":"product_brand","embeddable":true,"href":"https:\/\/c-profil.se\/english\/wp-json\/wp\/v2\/product_brand?post=23868"},{"taxonomy":"product_cat","embeddable":true,"href":"https:\/\/c-profil.se\/english\/wp-json\/wp\/v2\/product_cat?post=23868"},{"taxonomy":"product_tag","embeddable":true,"href":"https:\/\/c-profil.se\/english\/wp-json\/wp\/v2\/product_tag?post=23868"}],"curies":[{"name":"wp","href":"https:\/\/api.w.org\/{rel}","templated":true}]}}