{"id":23866,"date":"2015-10-21T09:23:00","date_gmt":"2015-10-21T08:23:00","guid":{"rendered":"https:\/\/c-profil.se\/produkt\/kabelkanal-tpd\/"},"modified":"2026-03-19T15:05:03","modified_gmt":"2026-03-19T14:05:03","slug":"cable-duct-iboco-tpd","status":"publish","type":"product","link":"https:\/\/c-profil.se\/english\/produkt\/kabelkanal-knockout-iboco-tpd\/","title":{"rendered":"Cable duct IBOCO | TPD"},"content":{"rendered":"<p><strong>IBOCO TPD is an installation duct with pre-punched knockout holes (18 and 23 mm)<\/strong>, developed for quick and efficient installation of cable glands directly into the side wall of the duct.<br \/>\nIt is particularly suitable for elevator installations, control cabinets and other applications where time saving and structure are crucial.<\/p>","protected":false},"excerpt":{"rendered":"<p class=\"ai-optimize-34\"><strong>Cable duct \/ TPD<\/strong> \u2013 Installation channel with ready-made knockout holes.<\/p>\n<p class=\"ai-optimize-35\">IBOCO TPD KnockOut cable duct is a smart and efficient installation duct equipped with pre-punched knockout holes of 18 and 23 mm. This cable duct is specially developed to simplify the work of fitters and installers - perfect for, among other things, elevator installations, control cabinets and similar electrical installations.<\/p>\n<p class=\"ai-optimize-36\"><strong>Advantages of IBOCO TPD installation channel:<\/strong><\/p>\n<ul>\n<li class=\"ai-optimize-37\"><strong>Pre-perforated knockout holes<\/strong> \u2013 Makes it easy to quickly attach fittings directly to the side walls of the duct.<\/li>\n<li class=\"ai-optimize-37\"><strong>Support for protective hose<\/strong> \u2013 After installing the screw connection, you can easily connect the protective hose for smooth and protected cable routing.<\/li>\n<li class=\"ai-optimize-37\"><strong>Time-saving installation<\/strong> \u2013 TPD is designed to make installation work fast, efficient and professional.<\/li>\n<li class=\"ai-optimize-37\"><strong>Ideal for elevator installations<\/strong> \u2013 A favorite among installers due to its flexibility and ease of use in tight spaces.<\/li>\n<\/ul>\n<p class=\"ai-optimize-41\">With IBOCO KnockOut TPD you get a ready-made cable channel that makes cable routing easier and more structured.<\/p>","protected":false},"featured_media":51332,"template":"","meta":{"_acf_changed":false},"product_brand":[739],"product_cat":[189],"product_tag":[970,946,1002],"class_list":{"0":"post-23866","1":"product","2":"type-product","3":"status-publish","4":"has-post-thumbnail","6":"product_brand-iboco","7":"product_cat-kabelkanaler-iboco","8":"product_tag-dragning-av-kablage","9":"product_tag-kabelhantering-i-apparatskap","10":"product_tag-kabelkanaler","12":"first","13":"instock","14":"shipping-taxable","15":"product-type-simple"},"acf":[],"yoast_head":"<!-- This site is optimized with the Yoast SEO Premium plugin v27.4 (Yoast SEO v27.4) - https:\/\/yoast.com\/product\/yoast-seo-premium-wordpress\/ -->\n<title>Kabelkanal IBOCO | TPD - C-Pro<\/title>\n<meta name=\"description\" content=\"Kabelkanal \/ TPD \u00e4r en installationskanal med knockouth\u00e5l. Kanalen har sidor med \u00d818mm och \u00d823 mm h\u00e5l. En kabelkanal f\u00f6r hissinstallationer.\" \/>\n<meta name=\"robots\" content=\"index, follow, max-snippet:-1, max-image-preview:large, max-video-preview:-1\" \/>\n<link rel=\"canonical\" href=\"https:\/\/c-profil.se\/english\/product\/cable-duct-iboco-tpd\/\" \/>\n<meta property=\"og:locale\" content=\"en_US\" \/>\n<meta property=\"og:type\" content=\"article\" \/>\n<meta property=\"og:title\" content=\"Kabelkanal IBOCO | TPD - C-Pro\" \/>\n<meta property=\"og:description\" content=\"Kabelkanal \/ TPD \u2013 Installationskanal med f\u00e4rdiga knockouth\u00e5l. IBOCO TPD KnockOut-kabelkanal \u00e4r en smart och effektiv installationskanal utrustad med f\u00e4rdigstansade knockouth\u00e5l p\u00e5 18 och 23 mm. Denna kabelkanal \u00e4r s\u00e4rskilt utvecklad f\u00f6r att f\u00f6renkla arbetet f\u00f6r mont\u00f6rer och installat\u00f6rer \u2013 perfekt f\u00f6r bland annat hissinstallationer, styrsk\u00e5p och liknande elinstallationer. F\u00f6rdelar med IBOCO TPD installationskanal:    F\u00f6rperforerade knockouth\u00e5l \u2013 G\u00f6r det enkelt att snabbt f\u00e4sta f\u00f6rskruvningar direkt i kanalens sidov\u00e4ggar.  St\u00f6d f\u00f6r skyddsslang \u2013 Efter montering av f\u00f6rskruvning kan du enkelt ansluta skyddsslang f\u00f6r en smidig och skyddad kabeldragning.  Tidsbesparande installation \u2013 TPD \u00e4r utformad f\u00f6r att g\u00f6ra installationsarbetet snabbt, effektivt och professionellt.  Idealisk f\u00f6r hissinstallationer \u2013 En favorit bland installat\u00f6rer tack vare sin flexibilitet och anv\u00e4ndarv\u00e4nlighet i tr\u00e5nga utrymmen.  Med IBOCO KnockOut TPD f\u00e5r du en f\u00e4rdiganpassad kabelkanal som g\u00f6r kabeldragningen enklare och mer strukturerad.\" \/>\n<meta property=\"og:url\" content=\"https:\/\/c-profil.se\/english\/product\/cable-duct-iboco-tpd\/\" \/>\n<meta property=\"og:site_name\" content=\"C-Pro\" \/>\n<meta property=\"article:publisher\" content=\"https:\/\/www.facebook.com\/people\/C-Pro\/61561767306874\/\" \/>\n<meta property=\"article:modified_time\" content=\"2026-03-19T14:05:03+00:00\" \/>\n<meta property=\"og:image\" content=\"https:\/\/c-profil.se\/wp-content\/uploads\/2015\/10\/Kabelkanal-KnockOut-IBOCO-TPD.jpg\" \/>\n\t<meta property=\"og:image:width\" content=\"1000\" \/>\n\t<meta property=\"og:image:height\" content=\"1000\" \/>\n\t<meta property=\"og:image:type\" content=\"image\/jpeg\" \/>\n<meta name=\"twitter:card\" content=\"summary_large_image\" \/>\n<meta name=\"twitter:label1\" content=\"Price\" \/>\n\t<meta name=\"twitter:data1\" content=\"\" \/>\n\t<meta name=\"twitter:label2\" content=\"Availability\" \/>\n\t<meta name=\"twitter:data2\" content=\"In stock\" \/>\n<script type=\"application\/ld+json\" class=\"yoast-schema-graph\">{\"@context\":\"https:\\\/\\\/schema.org\",\"@graph\":[{\"@type\":\"WebPage\",\"@id\":\"https:\\\/\\\/c-profil.se\\\/produkt\\\/kabelkanal-knockout-iboco-tpd\\\/\",\"url\":\"https:\\\/\\\/c-profil.se\\\/produkt\\\/kabelkanal-knockout-iboco-tpd\\\/\",\"name\":\"Kabelkanal IBOCO | TPD - C-Pro\",\"isPartOf\":{\"@id\":\"https:\\\/\\\/c-profil.se\\\/#website\"},\"primaryImageOfPage\":{\"@id\":\"https:\\\/\\\/c-profil.se\\\/produkt\\\/kabelkanal-knockout-iboco-tpd\\\/#primaryimage\"},\"image\":{\"@id\":\"https:\\\/\\\/c-profil.se\\\/produkt\\\/kabelkanal-knockout-iboco-tpd\\\/#primaryimage\"},\"thumbnailUrl\":\"https:\\\/\\\/c-profil.se\\\/wp-content\\\/uploads\\\/2015\\\/10\\\/Kabelkanal-KnockOut-IBOCO-TPD.jpg\",\"datePublished\":\"2015-10-21T08:23:00+00:00\",\"dateModified\":\"2026-03-19T14:05:03+00:00\",\"description\":\"Kabelkanal \\\/ TPD \u00e4r en installationskanal med knockouth\u00e5l. Kanalen har sidor med \u00d818mm och \u00d823 mm h\u00e5l. En kabelkanal f\u00f6r hissinstallationer.\",\"breadcrumb\":{\"@id\":\"https:\\\/\\\/c-profil.se\\\/produkt\\\/kabelkanal-knockout-iboco-tpd\\\/#breadcrumb\"},\"inLanguage\":\"en\",\"potentialAction\":[{\"@type\":\"ReadAction\",\"target\":[\"https:\\\/\\\/c-profil.se\\\/produkt\\\/kabelkanal-knockout-iboco-tpd\\\/\"]}]},{\"@type\":\"ImageObject\",\"inLanguage\":\"en\",\"@id\":\"https:\\\/\\\/c-profil.se\\\/produkt\\\/kabelkanal-knockout-iboco-tpd\\\/#primaryimage\",\"url\":\"https:\\\/\\\/c-profil.se\\\/wp-content\\\/uploads\\\/2015\\\/10\\\/Kabelkanal-KnockOut-IBOCO-TPD.jpg\",\"contentUrl\":\"https:\\\/\\\/c-profil.se\\\/wp-content\\\/uploads\\\/2015\\\/10\\\/Kabelkanal-KnockOut-IBOCO-TPD.jpg\",\"width\":1000,\"height\":1000,\"caption\":\"Kabelkanal KnockOut IBOCO TPD\"},{\"@type\":\"BreadcrumbList\",\"@id\":\"https:\\\/\\\/c-profil.se\\\/produkt\\\/kabelkanal-knockout-iboco-tpd\\\/#breadcrumb\",\"itemListElement\":[{\"@type\":\"ListItem\",\"position\":1,\"name\":\"Hem\",\"item\":\"https:\\\/\\\/c-profil.se\\\/\"},{\"@type\":\"ListItem\",\"position\":2,\"name\":\"Produkter\",\"item\":\"https:\\\/\\\/c-profil.se\\\/produkter\\\/\"},{\"@type\":\"ListItem\",\"position\":3,\"name\":\"Kabelkanaler IBOCO\",\"item\":\"https:\\\/\\\/c-profil.se\\\/produkt-kategori\\\/kabelkanaler-iboco\\\/\"},{\"@type\":\"ListItem\",\"position\":4,\"name\":\"Kabelkanal IBOCO | TPD\"}]},{\"@type\":\"WebSite\",\"@id\":\"https:\\\/\\\/c-profil.se\\\/#website\",\"url\":\"https:\\\/\\\/c-profil.se\\\/\",\"name\":\"C-Pro\",\"description\":\"Produkter f\u00f6r El och Automation\",\"publisher\":{\"@id\":\"https:\\\/\\\/c-profil.se\\\/#organization\"},\"potentialAction\":[{\"@type\":\"SearchAction\",\"target\":{\"@type\":\"EntryPoint\",\"urlTemplate\":\"https:\\\/\\\/c-profil.se\\\/?s={search_term_string}\"},\"query-input\":{\"@type\":\"PropertyValueSpecification\",\"valueRequired\":true,\"valueName\":\"search_term_string\"}}],\"inLanguage\":\"en\"},{\"@type\":\"Organization\",\"@id\":\"https:\\\/\\\/c-profil.se\\\/#organization\",\"name\":\"C-Pro\",\"alternateName\":\"C-PRO\",\"url\":\"https:\\\/\\\/c-profil.se\\\/\",\"logo\":{\"@type\":\"ImageObject\",\"inLanguage\":\"en\",\"@id\":\"https:\\\/\\\/c-profil.se\\\/#\\\/schema\\\/logo\\\/image\\\/\",\"url\":\"https:\\\/\\\/c-profil.se\\\/wp-content\\\/uploads\\\/2022\\\/03\\\/c-pro-logga-liggande-500x500-1.png\",\"contentUrl\":\"https:\\\/\\\/c-profil.se\\\/wp-content\\\/uploads\\\/2022\\\/03\\\/c-pro-logga-liggande-500x500-1.png\",\"width\":500,\"height\":500,\"caption\":\"C-Pro\"},\"image\":{\"@id\":\"https:\\\/\\\/c-profil.se\\\/#\\\/schema\\\/logo\\\/image\\\/\"},\"sameAs\":[\"https:\\\/\\\/www.facebook.com\\\/people\\\/C-Pro\\\/61561767306874\\\/\",\"https:\\\/\\\/www.linkedin.com\\\/company\\\/c-pro-ab\",\"https:\\\/\\\/www.instagram.com\\\/cpro.ab\\\/\"],\"description\":\"C-PRO AB \u00e4r en helt\u00e4ckande leverant\u00f6r av material f\u00f6r applikationer inom el och automation. \u00c4nda sedan starten 1987 har vi f\u00f6rsett den svenska tillverkande industrin med elmaterial. Trots v\u00e5r storlek och ledande position har vi aldrig \u00f6vergett v\u00e5r grundfilosofi, att vara en personlig leverant\u00f6r. Vi p\u00e5 C-PRO \u00e4r l\u00e4tta att komma i kontakt med, \u00e4rliga och brinner f\u00f6r att l\u00f6sa v\u00e5ra kunders problem.\",\"email\":\"info@c-profil.se\",\"telephone\":\"031575785\",\"legalName\":\"C-Profil F\u00f6rl\u00e4ggningsmaterial AB\",\"foundingDate\":\"1987-01-01\"}]}<\/script>\n<meta property=\"product:brand\" content=\"dragning av kablage\" \/>\n<meta property=\"product:price:currency\" content=\"SEK\" \/>\n<meta property=\"og:availability\" content=\"instock\" \/>\n<meta property=\"product:availability\" content=\"instock\" \/>\n<meta property=\"product:retailer_item_id\" content=\"TPD\" \/>\n<meta property=\"product:condition\" content=\"new\" \/>\n<!-- \/ Yoast SEO Premium plugin. -->","yoast_head_json":{"title":"Cable channel IBOCO | TPD - C-Pro","description":"Cable duct \/ TPD is an installation duct with knockout holes. The duct has sides with \u00d818mm and \u00d823 mm holes. A cable duct for elevator installations.","robots":{"index":"index","follow":"follow","max-snippet":"max-snippet:-1","max-image-preview":"max-image-preview:large","max-video-preview":"max-video-preview:-1"},"canonical":"https:\/\/c-profil.se\/english\/product\/cable-duct-iboco-tpd\/","og_locale":"en_US","og_type":"article","og_title":"Kabelkanal IBOCO | TPD - C-Pro","og_description":"Kabelkanal \/ TPD \u2013 Installationskanal med f\u00e4rdiga knockouth\u00e5l. IBOCO TPD KnockOut-kabelkanal \u00e4r en smart och effektiv installationskanal utrustad med f\u00e4rdigstansade knockouth\u00e5l p\u00e5 18 och 23 mm. Denna kabelkanal \u00e4r s\u00e4rskilt utvecklad f\u00f6r att f\u00f6renkla arbetet f\u00f6r mont\u00f6rer och installat\u00f6rer \u2013 perfekt f\u00f6r bland annat hissinstallationer, styrsk\u00e5p och liknande elinstallationer. F\u00f6rdelar med IBOCO TPD installationskanal:    F\u00f6rperforerade knockouth\u00e5l \u2013 G\u00f6r det enkelt att snabbt f\u00e4sta f\u00f6rskruvningar direkt i kanalens sidov\u00e4ggar.  St\u00f6d f\u00f6r skyddsslang \u2013 Efter montering av f\u00f6rskruvning kan du enkelt ansluta skyddsslang f\u00f6r en smidig och skyddad kabeldragning.  Tidsbesparande installation \u2013 TPD \u00e4r utformad f\u00f6r att g\u00f6ra installationsarbetet snabbt, effektivt och professionellt.  Idealisk f\u00f6r hissinstallationer \u2013 En favorit bland installat\u00f6rer tack vare sin flexibilitet och anv\u00e4ndarv\u00e4nlighet i tr\u00e5nga utrymmen.  Med IBOCO KnockOut TPD f\u00e5r du en f\u00e4rdiganpassad kabelkanal som g\u00f6r kabeldragningen enklare och mer strukturerad.","og_url":"https:\/\/c-profil.se\/english\/product\/cable-duct-iboco-tpd\/","og_site_name":"C-Pro","article_publisher":"https:\/\/www.facebook.com\/people\/C-Pro\/61561767306874\/","article_modified_time":"2026-03-19T14:05:03+00:00","og_image":[{"width":1000,"height":1000,"url":"https:\/\/c-profil.se\/wp-content\/uploads\/2015\/10\/Kabelkanal-KnockOut-IBOCO-TPD.jpg","type":"image\/jpeg"}],"twitter_card":"summary_large_image","twitter_misc":{"Price":"","Availability":"In stock"},"schema":{"@context":"https:\/\/schema.org","@graph":[{"@type":"WebPage","@id":"https:\/\/c-profil.se\/produkt\/kabelkanal-knockout-iboco-tpd\/","url":"https:\/\/c-profil.se\/produkt\/kabelkanal-knockout-iboco-tpd\/","name":"Cable channel IBOCO | TPD - C-Pro","isPartOf":{"@id":"https:\/\/c-profil.se\/#website"},"primaryImageOfPage":{"@id":"https:\/\/c-profil.se\/produkt\/kabelkanal-knockout-iboco-tpd\/#primaryimage"},"image":{"@id":"https:\/\/c-profil.se\/produkt\/kabelkanal-knockout-iboco-tpd\/#primaryimage"},"thumbnailUrl":"https:\/\/c-profil.se\/wp-content\/uploads\/2015\/10\/Kabelkanal-KnockOut-IBOCO-TPD.jpg","datePublished":"2015-10-21T08:23:00+00:00","dateModified":"2026-03-19T14:05:03+00:00","description":"Cable duct \/ TPD is an installation duct with knockout holes. The duct has sides with \u00d818mm and \u00d823 mm holes. A cable duct for elevator installations.","breadcrumb":{"@id":"https:\/\/c-profil.se\/produkt\/kabelkanal-knockout-iboco-tpd\/#breadcrumb"},"inLanguage":"en","potentialAction":[{"@type":"ReadAction","target":["https:\/\/c-profil.se\/produkt\/kabelkanal-knockout-iboco-tpd\/"]}]},{"@type":"ImageObject","inLanguage":"en","@id":"https:\/\/c-profil.se\/produkt\/kabelkanal-knockout-iboco-tpd\/#primaryimage","url":"https:\/\/c-profil.se\/wp-content\/uploads\/2015\/10\/Kabelkanal-KnockOut-IBOCO-TPD.jpg","contentUrl":"https:\/\/c-profil.se\/wp-content\/uploads\/2015\/10\/Kabelkanal-KnockOut-IBOCO-TPD.jpg","width":1000,"height":1000,"caption":"Kabelkanal KnockOut IBOCO TPD"},{"@type":"BreadcrumbList","@id":"https:\/\/c-profil.se\/produkt\/kabelkanal-knockout-iboco-tpd\/#breadcrumb","itemListElement":[{"@type":"ListItem","position":1,"name":"Hem","item":"https:\/\/c-profil.se\/"},{"@type":"ListItem","position":2,"name":"Produkter","item":"https:\/\/c-profil.se\/produkter\/"},{"@type":"ListItem","position":3,"name":"Kabelkanaler IBOCO","item":"https:\/\/c-profil.se\/produkt-kategori\/kabelkanaler-iboco\/"},{"@type":"ListItem","position":4,"name":"Kabelkanal IBOCO | TPD"}]},{"@type":"WebSite","@id":"https:\/\/c-profil.se\/#website","url":"https:\/\/c-profil.se\/","name":"C-Pro","description":"Products for Electricity and Automation","publisher":{"@id":"https:\/\/c-profil.se\/#organization"},"potentialAction":[{"@type":"SearchAction","target":{"@type":"EntryPoint","urlTemplate":"https:\/\/c-profil.se\/?s={search_term_string}"},"query-input":{"@type":"PropertyValueSpecification","valueRequired":true,"valueName":"search_term_string"}}],"inLanguage":"en"},{"@type":"Organization","@id":"https:\/\/c-profil.se\/#organization","name":"C-Pro","alternateName":"C-PRO","url":"https:\/\/c-profil.se\/","logo":{"@type":"ImageObject","inLanguage":"en","@id":"https:\/\/c-profil.se\/#\/schema\/logo\/image\/","url":"https:\/\/c-profil.se\/wp-content\/uploads\/2022\/03\/c-pro-logga-liggande-500x500-1.png","contentUrl":"https:\/\/c-profil.se\/wp-content\/uploads\/2022\/03\/c-pro-logga-liggande-500x500-1.png","width":500,"height":500,"caption":"C-Pro"},"image":{"@id":"https:\/\/c-profil.se\/#\/schema\/logo\/image\/"},"sameAs":["https:\/\/www.facebook.com\/people\/C-Pro\/61561767306874\/","https:\/\/www.linkedin.com\/company\/c-pro-ab","https:\/\/www.instagram.com\/cpro.ab\/"],"description":"C-PRO AB is a comprehensive supplier of materials for applications in electricity and automation. Ever since the start in 1987, we have supplied the Swedish manufacturing industry with electrical materials. Despite our size and leading position, we have never abandoned our basic philosophy, to be a personal supplier. We at C-PRO are easy to get in touch with, honest and passionate about solving our customers&#039; problems.","email":"info@c-profil.se","telephone":"031575785","legalName":"C-Profil F\u00f6rl\u00e4ggningsmaterial AB","foundingDate":"1987-01-01"}]},"product_brand":"dragning av kablage","product_price_currency":"SEK","og_availability":"instock","product_availability":"instock","product_retailer_item_id":"TPD","product_condition":"new"},"_links":{"self":[{"href":"https:\/\/c-profil.se\/english\/wp-json\/wp\/v2\/product\/23866","targetHints":{"allow":["GET"]}}],"collection":[{"href":"https:\/\/c-profil.se\/english\/wp-json\/wp\/v2\/product"}],"about":[{"href":"https:\/\/c-profil.se\/english\/wp-json\/wp\/v2\/types\/product"}],"version-history":[{"count":11,"href":"https:\/\/c-profil.se\/english\/wp-json\/wp\/v2\/product\/23866\/revisions"}],"predecessor-version":[{"id":74335,"href":"https:\/\/c-profil.se\/english\/wp-json\/wp\/v2\/product\/23866\/revisions\/74335"}],"wp:featuredmedia":[{"embeddable":true,"href":"https:\/\/c-profil.se\/english\/wp-json\/wp\/v2\/media\/51332"}],"wp:attachment":[{"href":"https:\/\/c-profil.se\/english\/wp-json\/wp\/v2\/media?parent=23866"}],"wp:term":[{"taxonomy":"product_brand","embeddable":true,"href":"https:\/\/c-profil.se\/english\/wp-json\/wp\/v2\/product_brand?post=23866"},{"taxonomy":"product_cat","embeddable":true,"href":"https:\/\/c-profil.se\/english\/wp-json\/wp\/v2\/product_cat?post=23866"},{"taxonomy":"product_tag","embeddable":true,"href":"https:\/\/c-profil.se\/english\/wp-json\/wp\/v2\/product_tag?post=23866"}],"curies":[{"name":"wp","href":"https:\/\/api.w.org\/{rel}","templated":true}]}}