{"id":23860,"date":"2015-10-21T09:19:00","date_gmt":"2015-10-21T08:19:00","guid":{"rendered":"https:\/\/c-profil.se\/produkt\/minikanal-tmc\/"},"modified":"2026-03-19T15:05:04","modified_gmt":"2026-03-19T14:05:04","slug":"mini-cable-duct-iboco-tmc-tmr","status":"publish","type":"product","link":"https:\/\/c-profil.se\/english\/produkt\/minikanal-iboco-tmc-tmr\/","title":{"rendered":"Mini channel IBOCO | TMC \/ TMR"},"content":{"rendered":"<p><strong>IBOCO TMC is a stable mini trunking with standard lid and pre-drilled mounting holes<\/strong>, available with 1, 2 or 3 separate channels for flexible wiring.<br \/>\n<strong>IBOCO TMR is a self-adhesive mini-duct with hinged lid<\/strong>, ideal for quick and tool-free installation in, for example, offices and technical spaces.<\/p>","protected":false},"excerpt":{"rendered":"<p class=\"ai-optimize-59\">Mini duct IBOCO \/ TMC-TMR \u2013 Smart solutions for cable management in installations.<\/p>\n<p class=\"ai-optimize-59\"><strong>Mini channel IBOCO TMC<\/strong> is a practical mini-channel with <strong>standard lid<\/strong> and pre-drilled holes in the bottom with a diameter of 2.5 mm. It is available in versions with <strong>1, 2 or 3 channels<\/strong>, making it flexible for different wiring and installations.<br \/>\n<strong>Mini channel IBOCO TMR<\/strong> offers a modern solution with <strong>hinged lid<\/strong> and <strong>adhesive tape<\/strong> for easy and quick assembly without tools. It is perfect for neatly hiding and organizing cables in the home or office.<\/p>\n<p class=\"ai-optimize-59\"><strong>Advantages of IBOCO mini ducts:<\/strong><\/p>\n<ul>\n<li class=\"ai-optimize-60\"><strong>TMC<\/strong>: Stable and easy to assemble with pre-drilled mounting holes for secure attachment.<\/li>\n<li class=\"ai-optimize-61\"><strong>TMR<\/strong>: Easy to install with self-adhesive tape and convenient hinged lid that makes it easy to access cables when needed.<\/li>\n<li class=\"ai-optimize-62\"><strong>Flexibility<\/strong>: Choose between different channels to suit your needs.<\/li>\n<li class=\"ai-optimize-63\"><strong>Ideal for installation<\/strong>: Discreet and practical cable management that keeps cords and cables organized<\/li>\n<\/ul>\n<p class=\"ai-optimize-64\">Buy mini ducts from IBOCO at C-Pro today - for stylish and safe cable routing in all environments!<\/p>","protected":false},"featured_media":51343,"template":"","meta":{"_acf_changed":false},"product_brand":[739],"product_cat":[189],"product_tag":[970,946,1002],"class_list":{"0":"post-23860","1":"product","2":"type-product","3":"status-publish","4":"has-post-thumbnail","6":"product_brand-iboco","7":"product_cat-kabelkanaler-iboco","8":"product_tag-dragning-av-kablage","9":"product_tag-kabelhantering-i-apparatskap","10":"product_tag-kabelkanaler","12":"first","13":"instock","14":"shipping-taxable","15":"product-type-simple"},"acf":[],"yoast_head":"<!-- This site is optimized with the Yoast SEO Premium plugin v27.5 (Yoast SEO v27.5) - https:\/\/yoast.com\/product\/yoast-seo-premium-wordpress\/ -->\n<title>Minikanal IBOCO - C-Pro<\/title>\n<meta name=\"description\" content=\"Minikanal IBOCO \/ TMC-TMR med standardlock\/g\u00e5ngj\u00e4rnslock. Med bottenh\u00e5l eller sj\u00e4lvh\u00e4ftande tejp f\u00f6r installation. L\u00e4s Mer!\" \/>\n<meta name=\"robots\" content=\"index, follow, max-snippet:-1, max-image-preview:large, max-video-preview:-1\" \/>\n<link rel=\"canonical\" href=\"https:\/\/c-profil.se\/english\/product\/mini-cable-duct-iboco-tmc-tmr\/\" \/>\n<meta property=\"og:locale\" content=\"en_US\" \/>\n<meta property=\"og:type\" content=\"article\" \/>\n<meta property=\"og:title\" content=\"Minikanal IBOCO | TMC \/ TMR - C-Pro\" \/>\n<meta property=\"og:description\" content=\"Minikanal IBOCO \/ TMC-TMR \u2013 Smarta l\u00f6sningar f\u00f6r kabelhantering vid installationer. Minikanal IBOCO TMC \u00e4r en praktisk minikanal med standardlock och f\u00f6rborrade h\u00e5l i botten med en diameter p\u00e5 2,5 mm. Den finns i utf\u00f6randen med 1, 2 eller 3 kanaler, vilket g\u00f6r den flexibel f\u00f6r olika kabeldragningar och installationer. Minikanal IBOCO TMR erbjuder en modern l\u00f6sning med g\u00e5ngj\u00e4rnslock och sj\u00e4lvh\u00e4ftande tejp f\u00f6r enkel och snabb montering utan verktyg. Den \u00e4r perfekt f\u00f6r att snyggt d\u00f6lja och organisera sladdar i hemmet eller kontoret. F\u00f6rdelar med IBOCO minikanaler:    TMC: Stabil och l\u00e4ttmonterad med f\u00f6rborrade monteringsh\u00e5l f\u00f6r s\u00e4ker fasts\u00e4ttning.  TMR: Enkel att installera med sj\u00e4lvh\u00e4ftande tejp och smidigt g\u00e5ngj\u00e4rnslock som g\u00f6r det l\u00e4tt att komma \u00e5t kablar vid behov.  Flexibilitet: V\u00e4lj mellan olika kanaler f\u00f6r att passa just dina behov.  Idealisk f\u00f6r installtion: Diskret och praktisk kabelhantering som h\u00e5ller ordning p\u00e5 sladdar och kablar  K\u00f6p minikanaler fr\u00e5n IBOCO hos C-Pro idag \u2013 f\u00f6r en snygg och s\u00e4ker kabeldragning i alla milj\u00f6er!\" \/>\n<meta property=\"og:url\" content=\"https:\/\/c-profil.se\/english\/product\/mini-cable-duct-iboco-tmc-tmr\/\" \/>\n<meta property=\"og:site_name\" content=\"C-Pro\" \/>\n<meta property=\"article:publisher\" content=\"https:\/\/www.facebook.com\/people\/C-Pro\/61561767306874\/\" \/>\n<meta property=\"article:modified_time\" content=\"2026-03-19T14:05:04+00:00\" \/>\n<meta property=\"og:image\" content=\"https:\/\/c-profil.se\/wp-content\/uploads\/2015\/10\/Minikanal-IBOCO-TMC.jpg\" \/>\n\t<meta property=\"og:image:width\" content=\"1000\" \/>\n\t<meta property=\"og:image:height\" content=\"1000\" \/>\n\t<meta property=\"og:image:type\" content=\"image\/jpeg\" \/>\n<meta name=\"twitter:card\" content=\"summary_large_image\" \/>\n<meta name=\"twitter:label1\" content=\"Price\" \/>\n\t<meta name=\"twitter:data1\" content=\"\" \/>\n\t<meta name=\"twitter:label2\" content=\"Availability\" \/>\n\t<meta name=\"twitter:data2\" content=\"In stock\" \/>\n<script type=\"application\/ld+json\" class=\"yoast-schema-graph\">{\"@context\":\"https:\\\/\\\/schema.org\",\"@graph\":[{\"@type\":\"WebPage\",\"@id\":\"https:\\\/\\\/c-profil.se\\\/produkt\\\/minikanal-iboco-tmc-tmr\\\/\",\"url\":\"https:\\\/\\\/c-profil.se\\\/produkt\\\/minikanal-iboco-tmc-tmr\\\/\",\"name\":\"Minikanal IBOCO - C-Pro\",\"isPartOf\":{\"@id\":\"https:\\\/\\\/c-profil.se\\\/#website\"},\"primaryImageOfPage\":{\"@id\":\"https:\\\/\\\/c-profil.se\\\/produkt\\\/minikanal-iboco-tmc-tmr\\\/#primaryimage\"},\"image\":{\"@id\":\"https:\\\/\\\/c-profil.se\\\/produkt\\\/minikanal-iboco-tmc-tmr\\\/#primaryimage\"},\"thumbnailUrl\":\"https:\\\/\\\/c-profil.se\\\/wp-content\\\/uploads\\\/2015\\\/10\\\/Minikanal-IBOCO-TMC.jpg\",\"datePublished\":\"2015-10-21T08:19:00+00:00\",\"dateModified\":\"2026-03-19T14:05:04+00:00\",\"description\":\"Minikanal IBOCO \\\/ TMC-TMR med standardlock\\\/g\u00e5ngj\u00e4rnslock. Med bottenh\u00e5l eller sj\u00e4lvh\u00e4ftande tejp f\u00f6r installation. L\u00e4s Mer!\",\"breadcrumb\":{\"@id\":\"https:\\\/\\\/c-profil.se\\\/produkt\\\/minikanal-iboco-tmc-tmr\\\/#breadcrumb\"},\"inLanguage\":\"en\",\"potentialAction\":[{\"@type\":\"ReadAction\",\"target\":[\"https:\\\/\\\/c-profil.se\\\/produkt\\\/minikanal-iboco-tmc-tmr\\\/\"]}]},{\"@type\":\"ImageObject\",\"inLanguage\":\"en\",\"@id\":\"https:\\\/\\\/c-profil.se\\\/produkt\\\/minikanal-iboco-tmc-tmr\\\/#primaryimage\",\"url\":\"https:\\\/\\\/c-profil.se\\\/wp-content\\\/uploads\\\/2015\\\/10\\\/Minikanal-IBOCO-TMC.jpg\",\"contentUrl\":\"https:\\\/\\\/c-profil.se\\\/wp-content\\\/uploads\\\/2015\\\/10\\\/Minikanal-IBOCO-TMC.jpg\",\"width\":1000,\"height\":1000,\"caption\":\"Minikanal IBOCO TMC\"},{\"@type\":\"BreadcrumbList\",\"@id\":\"https:\\\/\\\/c-profil.se\\\/produkt\\\/minikanal-iboco-tmc-tmr\\\/#breadcrumb\",\"itemListElement\":[{\"@type\":\"ListItem\",\"position\":1,\"name\":\"Hem\",\"item\":\"https:\\\/\\\/c-profil.se\\\/\"},{\"@type\":\"ListItem\",\"position\":2,\"name\":\"Produkter\",\"item\":\"https:\\\/\\\/c-profil.se\\\/produkter\\\/\"},{\"@type\":\"ListItem\",\"position\":3,\"name\":\"Kabelkanaler IBOCO\",\"item\":\"https:\\\/\\\/c-profil.se\\\/produkt-kategori\\\/kabelkanaler-iboco\\\/\"},{\"@type\":\"ListItem\",\"position\":4,\"name\":\"Minikanal IBOCO | TMC \\\/ TMR\"}]},{\"@type\":\"WebSite\",\"@id\":\"https:\\\/\\\/c-profil.se\\\/#website\",\"url\":\"https:\\\/\\\/c-profil.se\\\/\",\"name\":\"C-Pro\",\"description\":\"Produkter f\u00f6r El och Automation\",\"publisher\":{\"@id\":\"https:\\\/\\\/c-profil.se\\\/#organization\"},\"potentialAction\":[{\"@type\":\"SearchAction\",\"target\":{\"@type\":\"EntryPoint\",\"urlTemplate\":\"https:\\\/\\\/c-profil.se\\\/?s={search_term_string}\"},\"query-input\":{\"@type\":\"PropertyValueSpecification\",\"valueRequired\":true,\"valueName\":\"search_term_string\"}}],\"inLanguage\":\"en\"},{\"@type\":\"Organization\",\"@id\":\"https:\\\/\\\/c-profil.se\\\/#organization\",\"name\":\"C-Pro\",\"alternateName\":\"C-PRO\",\"url\":\"https:\\\/\\\/c-profil.se\\\/\",\"logo\":{\"@type\":\"ImageObject\",\"inLanguage\":\"en\",\"@id\":\"https:\\\/\\\/c-profil.se\\\/#\\\/schema\\\/logo\\\/image\\\/\",\"url\":\"https:\\\/\\\/c-profil.se\\\/wp-content\\\/uploads\\\/2022\\\/03\\\/c-pro-logga-liggande-500x500-1.png\",\"contentUrl\":\"https:\\\/\\\/c-profil.se\\\/wp-content\\\/uploads\\\/2022\\\/03\\\/c-pro-logga-liggande-500x500-1.png\",\"width\":500,\"height\":500,\"caption\":\"C-Pro\"},\"image\":{\"@id\":\"https:\\\/\\\/c-profil.se\\\/#\\\/schema\\\/logo\\\/image\\\/\"},\"sameAs\":[\"https:\\\/\\\/www.facebook.com\\\/people\\\/C-Pro\\\/61561767306874\\\/\",\"https:\\\/\\\/www.linkedin.com\\\/company\\\/c-pro-ab\",\"https:\\\/\\\/www.instagram.com\\\/cpro.ab\\\/\"],\"description\":\"C-PRO AB \u00e4r en helt\u00e4ckande leverant\u00f6r av material f\u00f6r applikationer inom el och automation. \u00c4nda sedan starten 1987 har vi f\u00f6rsett den svenska tillverkande industrin med elmaterial. Trots v\u00e5r storlek och ledande position har vi aldrig \u00f6vergett v\u00e5r grundfilosofi, att vara en personlig leverant\u00f6r. Vi p\u00e5 C-PRO \u00e4r l\u00e4tta att komma i kontakt med, \u00e4rliga och brinner f\u00f6r att l\u00f6sa v\u00e5ra kunders problem.\",\"email\":\"info@c-profil.se\",\"telephone\":\"031575785\",\"legalName\":\"C-Profil F\u00f6rl\u00e4ggningsmaterial AB\",\"foundingDate\":\"1987-01-01\"}]}<\/script>\n<meta property=\"product:brand\" content=\"dragning av kablage\" \/>\n<meta property=\"product:price:currency\" content=\"SEK\" \/>\n<meta property=\"og:availability\" content=\"instock\" \/>\n<meta property=\"product:availability\" content=\"instock\" \/>\n<meta property=\"product:retailer_item_id\" content=\"TMC \/ TMR\" \/>\n<meta property=\"product:condition\" content=\"new\" \/>\n<!-- \/ Yoast SEO Premium plugin. -->","yoast_head_json":{"title":"MIni duct IBOCO - C-Pro","description":"Mini duct IBOCO \/ TMC-TMR with standard cover \/ hinge cover. With bottom hole or self-adhesive tape for installation. Read More!","robots":{"index":"index","follow":"follow","max-snippet":"max-snippet:-1","max-image-preview":"max-image-preview:large","max-video-preview":"max-video-preview:-1"},"canonical":"https:\/\/c-profil.se\/english\/product\/mini-cable-duct-iboco-tmc-tmr\/","og_locale":"en_US","og_type":"article","og_title":"Minikanal IBOCO | TMC \/ TMR - C-Pro","og_description":"Minikanal IBOCO \/ TMC-TMR \u2013 Smarta l\u00f6sningar f\u00f6r kabelhantering vid installationer. Minikanal IBOCO TMC \u00e4r en praktisk minikanal med standardlock och f\u00f6rborrade h\u00e5l i botten med en diameter p\u00e5 2,5 mm. Den finns i utf\u00f6randen med 1, 2 eller 3 kanaler, vilket g\u00f6r den flexibel f\u00f6r olika kabeldragningar och installationer. Minikanal IBOCO TMR erbjuder en modern l\u00f6sning med g\u00e5ngj\u00e4rnslock och sj\u00e4lvh\u00e4ftande tejp f\u00f6r enkel och snabb montering utan verktyg. Den \u00e4r perfekt f\u00f6r att snyggt d\u00f6lja och organisera sladdar i hemmet eller kontoret. F\u00f6rdelar med IBOCO minikanaler:    TMC: Stabil och l\u00e4ttmonterad med f\u00f6rborrade monteringsh\u00e5l f\u00f6r s\u00e4ker fasts\u00e4ttning.  TMR: Enkel att installera med sj\u00e4lvh\u00e4ftande tejp och smidigt g\u00e5ngj\u00e4rnslock som g\u00f6r det l\u00e4tt att komma \u00e5t kablar vid behov.  Flexibilitet: V\u00e4lj mellan olika kanaler f\u00f6r att passa just dina behov.  Idealisk f\u00f6r installtion: Diskret och praktisk kabelhantering som h\u00e5ller ordning p\u00e5 sladdar och kablar  K\u00f6p minikanaler fr\u00e5n IBOCO hos C-Pro idag \u2013 f\u00f6r en snygg och s\u00e4ker kabeldragning i alla milj\u00f6er!","og_url":"https:\/\/c-profil.se\/english\/product\/mini-cable-duct-iboco-tmc-tmr\/","og_site_name":"C-Pro","article_publisher":"https:\/\/www.facebook.com\/people\/C-Pro\/61561767306874\/","article_modified_time":"2026-03-19T14:05:04+00:00","og_image":[{"width":1000,"height":1000,"url":"https:\/\/c-profil.se\/wp-content\/uploads\/2015\/10\/Minikanal-IBOCO-TMC.jpg","type":"image\/jpeg"}],"twitter_card":"summary_large_image","twitter_misc":{"Price":"","Availability":"In stock"},"schema":{"@context":"https:\/\/schema.org","@graph":[{"@type":"WebPage","@id":"https:\/\/c-profil.se\/produkt\/minikanal-iboco-tmc-tmr\/","url":"https:\/\/c-profil.se\/produkt\/minikanal-iboco-tmc-tmr\/","name":"MIni duct IBOCO - C-Pro","isPartOf":{"@id":"https:\/\/c-profil.se\/#website"},"primaryImageOfPage":{"@id":"https:\/\/c-profil.se\/produkt\/minikanal-iboco-tmc-tmr\/#primaryimage"},"image":{"@id":"https:\/\/c-profil.se\/produkt\/minikanal-iboco-tmc-tmr\/#primaryimage"},"thumbnailUrl":"https:\/\/c-profil.se\/wp-content\/uploads\/2015\/10\/Minikanal-IBOCO-TMC.jpg","datePublished":"2015-10-21T08:19:00+00:00","dateModified":"2026-03-19T14:05:04+00:00","description":"Mini duct IBOCO \/ TMC-TMR with standard cover \/ hinge cover. With bottom hole or self-adhesive tape for installation. Read More!","breadcrumb":{"@id":"https:\/\/c-profil.se\/produkt\/minikanal-iboco-tmc-tmr\/#breadcrumb"},"inLanguage":"en","potentialAction":[{"@type":"ReadAction","target":["https:\/\/c-profil.se\/produkt\/minikanal-iboco-tmc-tmr\/"]}]},{"@type":"ImageObject","inLanguage":"en","@id":"https:\/\/c-profil.se\/produkt\/minikanal-iboco-tmc-tmr\/#primaryimage","url":"https:\/\/c-profil.se\/wp-content\/uploads\/2015\/10\/Minikanal-IBOCO-TMC.jpg","contentUrl":"https:\/\/c-profil.se\/wp-content\/uploads\/2015\/10\/Minikanal-IBOCO-TMC.jpg","width":1000,"height":1000,"caption":"Minikanal IBOCO TMC"},{"@type":"BreadcrumbList","@id":"https:\/\/c-profil.se\/produkt\/minikanal-iboco-tmc-tmr\/#breadcrumb","itemListElement":[{"@type":"ListItem","position":1,"name":"Hem","item":"https:\/\/c-profil.se\/"},{"@type":"ListItem","position":2,"name":"Produkter","item":"https:\/\/c-profil.se\/produkter\/"},{"@type":"ListItem","position":3,"name":"Kabelkanaler IBOCO","item":"https:\/\/c-profil.se\/produkt-kategori\/kabelkanaler-iboco\/"},{"@type":"ListItem","position":4,"name":"Minikanal IBOCO | TMC \/ TMR"}]},{"@type":"WebSite","@id":"https:\/\/c-profil.se\/#website","url":"https:\/\/c-profil.se\/","name":"C-Pro","description":"Products for Electricity and Automation","publisher":{"@id":"https:\/\/c-profil.se\/#organization"},"potentialAction":[{"@type":"SearchAction","target":{"@type":"EntryPoint","urlTemplate":"https:\/\/c-profil.se\/?s={search_term_string}"},"query-input":{"@type":"PropertyValueSpecification","valueRequired":true,"valueName":"search_term_string"}}],"inLanguage":"en"},{"@type":"Organization","@id":"https:\/\/c-profil.se\/#organization","name":"C-Pro","alternateName":"C-PRO","url":"https:\/\/c-profil.se\/","logo":{"@type":"ImageObject","inLanguage":"en","@id":"https:\/\/c-profil.se\/#\/schema\/logo\/image\/","url":"https:\/\/c-profil.se\/wp-content\/uploads\/2022\/03\/c-pro-logga-liggande-500x500-1.png","contentUrl":"https:\/\/c-profil.se\/wp-content\/uploads\/2022\/03\/c-pro-logga-liggande-500x500-1.png","width":500,"height":500,"caption":"C-Pro"},"image":{"@id":"https:\/\/c-profil.se\/#\/schema\/logo\/image\/"},"sameAs":["https:\/\/www.facebook.com\/people\/C-Pro\/61561767306874\/","https:\/\/www.linkedin.com\/company\/c-pro-ab","https:\/\/www.instagram.com\/cpro.ab\/"],"description":"C-PRO AB is a comprehensive supplier of materials for applications in electricity and automation. Ever since the start in 1987, we have supplied the Swedish manufacturing industry with electrical materials. Despite our size and leading position, we have never abandoned our basic philosophy, to be a personal supplier. We at C-PRO are easy to get in touch with, honest and passionate about solving our customers&#039; problems.","email":"info@c-profil.se","telephone":"031575785","legalName":"C-Profil F\u00f6rl\u00e4ggningsmaterial AB","foundingDate":"1987-01-01"}]},"product_brand":"dragning av kablage","product_price_currency":"SEK","og_availability":"instock","product_availability":"instock","product_retailer_item_id":"TMC \/ TMR","product_condition":"new"},"_links":{"self":[{"href":"https:\/\/c-profil.se\/english\/wp-json\/wp\/v2\/product\/23860","targetHints":{"allow":["GET"]}}],"collection":[{"href":"https:\/\/c-profil.se\/english\/wp-json\/wp\/v2\/product"}],"about":[{"href":"https:\/\/c-profil.se\/english\/wp-json\/wp\/v2\/types\/product"}],"version-history":[{"count":11,"href":"https:\/\/c-profil.se\/english\/wp-json\/wp\/v2\/product\/23860\/revisions"}],"predecessor-version":[{"id":74336,"href":"https:\/\/c-profil.se\/english\/wp-json\/wp\/v2\/product\/23860\/revisions\/74336"}],"wp:featuredmedia":[{"embeddable":true,"href":"https:\/\/c-profil.se\/english\/wp-json\/wp\/v2\/media\/51343"}],"wp:attachment":[{"href":"https:\/\/c-profil.se\/english\/wp-json\/wp\/v2\/media?parent=23860"}],"wp:term":[{"taxonomy":"product_brand","embeddable":true,"href":"https:\/\/c-profil.se\/english\/wp-json\/wp\/v2\/product_brand?post=23860"},{"taxonomy":"product_cat","embeddable":true,"href":"https:\/\/c-profil.se\/english\/wp-json\/wp\/v2\/product_cat?post=23860"},{"taxonomy":"product_tag","embeddable":true,"href":"https:\/\/c-profil.se\/english\/wp-json\/wp\/v2\/product_tag?post=23860"}],"curies":[{"name":"wp","href":"https:\/\/api.w.org\/{rel}","templated":true}]}}