{"id":23856,"date":"2015-10-21T09:12:00","date_gmt":"2015-10-21T08:12:00","guid":{"rendered":"https:\/\/c-profil.se\/produkt\/kabelkanal-ta-ew\/"},"modified":"2026-04-29T08:37:32","modified_gmt":"2026-04-29T07:37:32","slug":"cable-duct-solid-iboco-ta-ew","status":"publish","type":"product","link":"https:\/\/c-profil.se\/english\/produkt\/kabelkanal-solid-iboco-ta-e-w\/","title":{"rendered":"Cable channel IBOCO | TA-E \/ TA-W"},"content":{"rendered":"<p><strong>IBOCO TA-E| TA-W is a tight cable duct with pre-drilled mounting holes<\/strong>, designed for elevator, machine and industrial installations where cables require extra protection.<br \/>\nAvailable in gray and white for easy adaptation to environment and installation standards.<\/p>","protected":false},"excerpt":{"rendered":"<p class=\"ai-optimize-34\"><strong>Cable duct \/ TA-E | TA-W<\/strong> \u2013 Installation duct for elevator and machine installations with high requirements.,<\/p>\n<p class=\"ai-optimize-37\">IBOCO TA-E | TA-W is a tight cable duct with pre-drilled mounting holes in the bottom, making installation quick and safe. It is available in both gray and white, so you can easily adapt to your environment, needs or standards.<\/p>\n<p class=\"ai-optimize-38\">Advantages of IBOCO TA-E\/W solid cable duct:<\/p>\n<ul>\n<li class=\"ai-optimize-43\"><strong>Tight construction<\/strong> \u2013 Protects cables from dust, dirt and external influences \u2013 ideal for industrial environments.<\/li>\n<li class=\"ai-optimize-43\"><strong>Assembly-friendly design<\/strong> \u2013 Pre-drilled holes in the bottom save time during installation and provide a stable attachment.<\/li>\n<li class=\"ai-optimize-43\"><strong>Color choices for different applications<\/strong> \u2013 Choose between gray and white to match existing enclosures or installation standards.<\/li>\n<li class=\"ai-optimize-43\"><strong>Suitable for elevator and machine installations<\/strong> \u2013 Excellent for applications where cabling needs to be protected, structured and durable.<\/li>\n<\/ul>\n<p class=\"ai-optimize-48\">We also offer <strong>cutting and adapting cable ducts to your exact measurements and needs<\/strong> \u2013 contact us for a tailor-made solution!<\/p>","protected":false},"featured_media":51334,"template":"","meta":{"_acf_changed":false},"product_brand":[739],"product_cat":[189],"product_tag":[970,946,1002],"class_list":{"0":"post-23856","1":"product","2":"type-product","3":"status-publish","4":"has-post-thumbnail","6":"product_brand-iboco","7":"product_cat-kabelkanaler-iboco","8":"product_tag-dragning-av-kablage","9":"product_tag-kabelhantering-i-apparatskap","10":"product_tag-kabelkanaler","12":"first","13":"instock","14":"shipping-taxable","15":"product-type-simple"},"acf":[],"yoast_head":"<!-- This site is optimized with the Yoast SEO Premium plugin v27.5 (Yoast SEO v27.5) - https:\/\/yoast.com\/product\/yoast-seo-premium-wordpress\/ -->\n<title>Kabelkanal IBOCO | TA-E \/ TA-W - C-Pro<\/title>\n<meta name=\"description\" content=\"Anv\u00e4nd Kabelkanal \/ TA-E | TA-W n\u00e4r du beh\u00f6ver en installationskanal med monteringsh\u00e5l i botten. Kabelkanalen finns i gr\u00e5tt och vit f\u00f6r olika \u00e4ndam\u00e5l.\" \/>\n<meta name=\"robots\" content=\"index, follow, max-snippet:-1, max-image-preview:large, max-video-preview:-1\" \/>\n<link rel=\"canonical\" href=\"https:\/\/c-profil.se\/english\/product\/cable-duct-solid-iboco-ta-ew\/\" \/>\n<meta property=\"og:locale\" content=\"en_US\" \/>\n<meta property=\"og:type\" content=\"article\" \/>\n<meta property=\"og:title\" content=\"Kabelkanal IBOCO | TA-E \/ TA-W - C-Pro\" \/>\n<meta property=\"og:description\" content=\"Kabelkanal \/ TA-E | TA-W \u2013 Installationskanal f\u00f6r hiss- och maskininstallationer med h\u00f6ga krav., IBOCO TA-E | TA-W \u00e4r en t\u00e4t kabelkanal med f\u00f6rborrade monteringsh\u00e5l i botten, vilket g\u00f6r installationen snabb och s\u00e4ker. Den finns i b\u00e5de gr\u00e5 och vit utf\u00f6rande, s\u00e5 att du enkelt kan anpassa efter milj\u00f6, behov eller standard. F\u00f6rdelar med IBOCO TA-E\/W solid kabelkanal:    T\u00e4t konstruktion \u2013 Skyddar kablar fr\u00e5n damm, smuts och yttre p\u00e5verkan \u2013 idealiskt f\u00f6r industriella milj\u00f6er.  Monteringsv\u00e4nlig design \u2013 F\u00f6rborrade h\u00e5l i botten sparar tid vid installation och ger en stabil fasts\u00e4ttning.  F\u00e4rgval f\u00f6r olika applikationer \u2013 V\u00e4lj mellan gr\u00e5 och vit f\u00f6r att matcha befintliga kapslingar eller installationsstandarder.  Passar f\u00f6r hiss- och maskininstallationer \u2013 Utm\u00e4rkt f\u00f6r till\u00e4mpningar d\u00e4r kabeldragningen m\u00e5ste vara skyddad, strukturerad och h\u00e5llbar.  Vi erbjuder \u00e4ven kapning och anpassning av kabelkanaler enligt dina exakta m\u00e5tt och behov \u2013 kontakta oss f\u00f6r en skr\u00e4ddarsydd l\u00f6sning!\" \/>\n<meta property=\"og:url\" content=\"https:\/\/c-profil.se\/english\/product\/cable-duct-solid-iboco-ta-ew\/\" \/>\n<meta property=\"og:site_name\" content=\"C-Pro\" \/>\n<meta property=\"article:publisher\" content=\"https:\/\/www.facebook.com\/people\/C-Pro\/61561767306874\/\" \/>\n<meta property=\"article:modified_time\" content=\"2026-04-29T07:37:32+00:00\" \/>\n<meta property=\"og:image\" content=\"https:\/\/c-profil.se\/wp-content\/uploads\/2015\/10\/Kabelkanal-Tat-IBOCO-TA-EW.jpg\" \/>\n\t<meta property=\"og:image:width\" content=\"1000\" \/>\n\t<meta property=\"og:image:height\" content=\"1000\" \/>\n\t<meta property=\"og:image:type\" content=\"image\/jpeg\" \/>\n<meta name=\"twitter:card\" content=\"summary_large_image\" \/>\n<meta name=\"twitter:label1\" content=\"Price\" \/>\n\t<meta name=\"twitter:data1\" content=\"\" \/>\n\t<meta name=\"twitter:label2\" content=\"Availability\" \/>\n\t<meta name=\"twitter:data2\" content=\"In stock\" \/>\n<script type=\"application\/ld+json\" class=\"yoast-schema-graph\">{\"@context\":\"https:\\\/\\\/schema.org\",\"@graph\":[{\"@type\":\"WebPage\",\"@id\":\"https:\\\/\\\/c-profil.se\\\/produkt\\\/kabelkanal-solid-iboco-ta-e-w\\\/\",\"url\":\"https:\\\/\\\/c-profil.se\\\/produkt\\\/kabelkanal-solid-iboco-ta-e-w\\\/\",\"name\":\"Kabelkanal IBOCO | TA-E \\\/ TA-W - C-Pro\",\"isPartOf\":{\"@id\":\"https:\\\/\\\/c-profil.se\\\/#website\"},\"primaryImageOfPage\":{\"@id\":\"https:\\\/\\\/c-profil.se\\\/produkt\\\/kabelkanal-solid-iboco-ta-e-w\\\/#primaryimage\"},\"image\":{\"@id\":\"https:\\\/\\\/c-profil.se\\\/produkt\\\/kabelkanal-solid-iboco-ta-e-w\\\/#primaryimage\"},\"thumbnailUrl\":\"https:\\\/\\\/c-profil.se\\\/wp-content\\\/uploads\\\/2015\\\/10\\\/Kabelkanal-Tat-IBOCO-TA-EW.jpg\",\"datePublished\":\"2015-10-21T08:12:00+00:00\",\"dateModified\":\"2026-04-29T07:37:32+00:00\",\"description\":\"Anv\u00e4nd Kabelkanal \\\/ TA-E | TA-W n\u00e4r du beh\u00f6ver en installationskanal med monteringsh\u00e5l i botten. Kabelkanalen finns i gr\u00e5tt och vit f\u00f6r olika \u00e4ndam\u00e5l.\",\"breadcrumb\":{\"@id\":\"https:\\\/\\\/c-profil.se\\\/produkt\\\/kabelkanal-solid-iboco-ta-e-w\\\/#breadcrumb\"},\"inLanguage\":\"en\",\"potentialAction\":[{\"@type\":\"ReadAction\",\"target\":[\"https:\\\/\\\/c-profil.se\\\/produkt\\\/kabelkanal-solid-iboco-ta-e-w\\\/\"]}]},{\"@type\":\"ImageObject\",\"inLanguage\":\"en\",\"@id\":\"https:\\\/\\\/c-profil.se\\\/produkt\\\/kabelkanal-solid-iboco-ta-e-w\\\/#primaryimage\",\"url\":\"https:\\\/\\\/c-profil.se\\\/wp-content\\\/uploads\\\/2015\\\/10\\\/Kabelkanal-Tat-IBOCO-TA-EW.jpg\",\"contentUrl\":\"https:\\\/\\\/c-profil.se\\\/wp-content\\\/uploads\\\/2015\\\/10\\\/Kabelkanal-Tat-IBOCO-TA-EW.jpg\",\"width\":1000,\"height\":1000,\"caption\":\"Kabelkanal T\u00e4t IBOCO TA-EW\"},{\"@type\":\"BreadcrumbList\",\"@id\":\"https:\\\/\\\/c-profil.se\\\/produkt\\\/kabelkanal-solid-iboco-ta-e-w\\\/#breadcrumb\",\"itemListElement\":[{\"@type\":\"ListItem\",\"position\":1,\"name\":\"Hem\",\"item\":\"https:\\\/\\\/c-profil.se\\\/\"},{\"@type\":\"ListItem\",\"position\":2,\"name\":\"Produkter\",\"item\":\"https:\\\/\\\/c-profil.se\\\/produkter\\\/\"},{\"@type\":\"ListItem\",\"position\":3,\"name\":\"Kabelkanaler IBOCO\",\"item\":\"https:\\\/\\\/c-profil.se\\\/produkt-kategori\\\/kabelkanaler-iboco\\\/\"},{\"@type\":\"ListItem\",\"position\":4,\"name\":\"Kabelkanal IBOCO | TA-E \\\/ TA-W\"}]},{\"@type\":\"WebSite\",\"@id\":\"https:\\\/\\\/c-profil.se\\\/#website\",\"url\":\"https:\\\/\\\/c-profil.se\\\/\",\"name\":\"C-Pro\",\"description\":\"Produkter f\u00f6r El och Automation\",\"publisher\":{\"@id\":\"https:\\\/\\\/c-profil.se\\\/#organization\"},\"potentialAction\":[{\"@type\":\"SearchAction\",\"target\":{\"@type\":\"EntryPoint\",\"urlTemplate\":\"https:\\\/\\\/c-profil.se\\\/?s={search_term_string}\"},\"query-input\":{\"@type\":\"PropertyValueSpecification\",\"valueRequired\":true,\"valueName\":\"search_term_string\"}}],\"inLanguage\":\"en\"},{\"@type\":\"Organization\",\"@id\":\"https:\\\/\\\/c-profil.se\\\/#organization\",\"name\":\"C-Pro\",\"alternateName\":\"C-PRO\",\"url\":\"https:\\\/\\\/c-profil.se\\\/\",\"logo\":{\"@type\":\"ImageObject\",\"inLanguage\":\"en\",\"@id\":\"https:\\\/\\\/c-profil.se\\\/#\\\/schema\\\/logo\\\/image\\\/\",\"url\":\"https:\\\/\\\/c-profil.se\\\/wp-content\\\/uploads\\\/2022\\\/03\\\/c-pro-logga-liggande-500x500-1.png\",\"contentUrl\":\"https:\\\/\\\/c-profil.se\\\/wp-content\\\/uploads\\\/2022\\\/03\\\/c-pro-logga-liggande-500x500-1.png\",\"width\":500,\"height\":500,\"caption\":\"C-Pro\"},\"image\":{\"@id\":\"https:\\\/\\\/c-profil.se\\\/#\\\/schema\\\/logo\\\/image\\\/\"},\"sameAs\":[\"https:\\\/\\\/www.facebook.com\\\/people\\\/C-Pro\\\/61561767306874\\\/\",\"https:\\\/\\\/www.linkedin.com\\\/company\\\/c-pro-ab\",\"https:\\\/\\\/www.instagram.com\\\/cpro.ab\\\/\"],\"description\":\"C-PRO AB \u00e4r en helt\u00e4ckande leverant\u00f6r av material f\u00f6r applikationer inom el och automation. \u00c4nda sedan starten 1987 har vi f\u00f6rsett den svenska tillverkande industrin med elmaterial. Trots v\u00e5r storlek och ledande position har vi aldrig \u00f6vergett v\u00e5r grundfilosofi, att vara en personlig leverant\u00f6r. Vi p\u00e5 C-PRO \u00e4r l\u00e4tta att komma i kontakt med, \u00e4rliga och brinner f\u00f6r att l\u00f6sa v\u00e5ra kunders problem.\",\"email\":\"info@c-profil.se\",\"telephone\":\"031575785\",\"legalName\":\"C-Profil F\u00f6rl\u00e4ggningsmaterial AB\",\"foundingDate\":\"1987-01-01\"}]}<\/script>\n<meta property=\"product:brand\" content=\"dragning av kablage\" \/>\n<meta property=\"product:price:currency\" content=\"SEK\" \/>\n<meta property=\"og:availability\" content=\"instock\" \/>\n<meta property=\"product:availability\" content=\"instock\" \/>\n<meta property=\"product:retailer_item_id\" content=\"TA-E \/ TA-W\" \/>\n<meta property=\"product:condition\" content=\"new\" \/>\n<!-- \/ Yoast SEO Premium plugin. -->","yoast_head_json":{"title":"Cable channel IBOCO | TA-E \/ TA-W - C-Pro","description":"Use Cable Channel \/ TA-E | TA-W when you need an installation channel with mounting holes in the bottom. The cable channel is available in gray and white for different purposes.","robots":{"index":"index","follow":"follow","max-snippet":"max-snippet:-1","max-image-preview":"max-image-preview:large","max-video-preview":"max-video-preview:-1"},"canonical":"https:\/\/c-profil.se\/english\/product\/cable-duct-solid-iboco-ta-ew\/","og_locale":"en_US","og_type":"article","og_title":"Kabelkanal IBOCO | TA-E \/ TA-W - C-Pro","og_description":"Kabelkanal \/ TA-E | TA-W \u2013 Installationskanal f\u00f6r hiss- och maskininstallationer med h\u00f6ga krav., IBOCO TA-E | TA-W \u00e4r en t\u00e4t kabelkanal med f\u00f6rborrade monteringsh\u00e5l i botten, vilket g\u00f6r installationen snabb och s\u00e4ker. Den finns i b\u00e5de gr\u00e5 och vit utf\u00f6rande, s\u00e5 att du enkelt kan anpassa efter milj\u00f6, behov eller standard. F\u00f6rdelar med IBOCO TA-E\/W solid kabelkanal:    T\u00e4t konstruktion \u2013 Skyddar kablar fr\u00e5n damm, smuts och yttre p\u00e5verkan \u2013 idealiskt f\u00f6r industriella milj\u00f6er.  Monteringsv\u00e4nlig design \u2013 F\u00f6rborrade h\u00e5l i botten sparar tid vid installation och ger en stabil fasts\u00e4ttning.  F\u00e4rgval f\u00f6r olika applikationer \u2013 V\u00e4lj mellan gr\u00e5 och vit f\u00f6r att matcha befintliga kapslingar eller installationsstandarder.  Passar f\u00f6r hiss- och maskininstallationer \u2013 Utm\u00e4rkt f\u00f6r till\u00e4mpningar d\u00e4r kabeldragningen m\u00e5ste vara skyddad, strukturerad och h\u00e5llbar.  Vi erbjuder \u00e4ven kapning och anpassning av kabelkanaler enligt dina exakta m\u00e5tt och behov \u2013 kontakta oss f\u00f6r en skr\u00e4ddarsydd l\u00f6sning!","og_url":"https:\/\/c-profil.se\/english\/product\/cable-duct-solid-iboco-ta-ew\/","og_site_name":"C-Pro","article_publisher":"https:\/\/www.facebook.com\/people\/C-Pro\/61561767306874\/","article_modified_time":"2026-04-29T07:37:32+00:00","og_image":[{"width":1000,"height":1000,"url":"https:\/\/c-profil.se\/wp-content\/uploads\/2015\/10\/Kabelkanal-Tat-IBOCO-TA-EW.jpg","type":"image\/jpeg"}],"twitter_card":"summary_large_image","twitter_misc":{"Price":"","Availability":"In stock"},"schema":{"@context":"https:\/\/schema.org","@graph":[{"@type":"WebPage","@id":"https:\/\/c-profil.se\/produkt\/kabelkanal-solid-iboco-ta-e-w\/","url":"https:\/\/c-profil.se\/produkt\/kabelkanal-solid-iboco-ta-e-w\/","name":"Cable channel IBOCO | TA-E \/ TA-W - C-Pro","isPartOf":{"@id":"https:\/\/c-profil.se\/#website"},"primaryImageOfPage":{"@id":"https:\/\/c-profil.se\/produkt\/kabelkanal-solid-iboco-ta-e-w\/#primaryimage"},"image":{"@id":"https:\/\/c-profil.se\/produkt\/kabelkanal-solid-iboco-ta-e-w\/#primaryimage"},"thumbnailUrl":"https:\/\/c-profil.se\/wp-content\/uploads\/2015\/10\/Kabelkanal-Tat-IBOCO-TA-EW.jpg","datePublished":"2015-10-21T08:12:00+00:00","dateModified":"2026-04-29T07:37:32+00:00","description":"Use Cable Channel \/ TA-E | TA-W when you need an installation channel with mounting holes in the bottom. The cable channel is available in gray and white for different purposes.","breadcrumb":{"@id":"https:\/\/c-profil.se\/produkt\/kabelkanal-solid-iboco-ta-e-w\/#breadcrumb"},"inLanguage":"en","potentialAction":[{"@type":"ReadAction","target":["https:\/\/c-profil.se\/produkt\/kabelkanal-solid-iboco-ta-e-w\/"]}]},{"@type":"ImageObject","inLanguage":"en","@id":"https:\/\/c-profil.se\/produkt\/kabelkanal-solid-iboco-ta-e-w\/#primaryimage","url":"https:\/\/c-profil.se\/wp-content\/uploads\/2015\/10\/Kabelkanal-Tat-IBOCO-TA-EW.jpg","contentUrl":"https:\/\/c-profil.se\/wp-content\/uploads\/2015\/10\/Kabelkanal-Tat-IBOCO-TA-EW.jpg","width":1000,"height":1000,"caption":"Kabelkanal T\u00e4t IBOCO TA-EW"},{"@type":"BreadcrumbList","@id":"https:\/\/c-profil.se\/produkt\/kabelkanal-solid-iboco-ta-e-w\/#breadcrumb","itemListElement":[{"@type":"ListItem","position":1,"name":"Hem","item":"https:\/\/c-profil.se\/"},{"@type":"ListItem","position":2,"name":"Produkter","item":"https:\/\/c-profil.se\/produkter\/"},{"@type":"ListItem","position":3,"name":"Kabelkanaler IBOCO","item":"https:\/\/c-profil.se\/produkt-kategori\/kabelkanaler-iboco\/"},{"@type":"ListItem","position":4,"name":"Kabelkanal IBOCO | TA-E \/ TA-W"}]},{"@type":"WebSite","@id":"https:\/\/c-profil.se\/#website","url":"https:\/\/c-profil.se\/","name":"C-Pro","description":"Products for Electricity and Automation","publisher":{"@id":"https:\/\/c-profil.se\/#organization"},"potentialAction":[{"@type":"SearchAction","target":{"@type":"EntryPoint","urlTemplate":"https:\/\/c-profil.se\/?s={search_term_string}"},"query-input":{"@type":"PropertyValueSpecification","valueRequired":true,"valueName":"search_term_string"}}],"inLanguage":"en"},{"@type":"Organization","@id":"https:\/\/c-profil.se\/#organization","name":"C-Pro","alternateName":"C-PRO","url":"https:\/\/c-profil.se\/","logo":{"@type":"ImageObject","inLanguage":"en","@id":"https:\/\/c-profil.se\/#\/schema\/logo\/image\/","url":"https:\/\/c-profil.se\/wp-content\/uploads\/2022\/03\/c-pro-logga-liggande-500x500-1.png","contentUrl":"https:\/\/c-profil.se\/wp-content\/uploads\/2022\/03\/c-pro-logga-liggande-500x500-1.png","width":500,"height":500,"caption":"C-Pro"},"image":{"@id":"https:\/\/c-profil.se\/#\/schema\/logo\/image\/"},"sameAs":["https:\/\/www.facebook.com\/people\/C-Pro\/61561767306874\/","https:\/\/www.linkedin.com\/company\/c-pro-ab","https:\/\/www.instagram.com\/cpro.ab\/"],"description":"C-PRO AB is a comprehensive supplier of materials for applications in electricity and automation. Ever since the start in 1987, we have supplied the Swedish manufacturing industry with electrical materials. Despite our size and leading position, we have never abandoned our basic philosophy, to be a personal supplier. We at C-PRO are easy to get in touch with, honest and passionate about solving our customers&#039; problems.","email":"info@c-profil.se","telephone":"031575785","legalName":"C-Profil F\u00f6rl\u00e4ggningsmaterial AB","foundingDate":"1987-01-01"}]},"product_brand":"dragning av kablage","product_price_currency":"SEK","og_availability":"instock","product_availability":"instock","product_retailer_item_id":"TA-E \/ TA-W","product_condition":"new"},"_links":{"self":[{"href":"https:\/\/c-profil.se\/english\/wp-json\/wp\/v2\/product\/23856","targetHints":{"allow":["GET"]}}],"collection":[{"href":"https:\/\/c-profil.se\/english\/wp-json\/wp\/v2\/product"}],"about":[{"href":"https:\/\/c-profil.se\/english\/wp-json\/wp\/v2\/types\/product"}],"version-history":[{"count":12,"href":"https:\/\/c-profil.se\/english\/wp-json\/wp\/v2\/product\/23856\/revisions"}],"predecessor-version":[{"id":75247,"href":"https:\/\/c-profil.se\/english\/wp-json\/wp\/v2\/product\/23856\/revisions\/75247"}],"wp:featuredmedia":[{"embeddable":true,"href":"https:\/\/c-profil.se\/english\/wp-json\/wp\/v2\/media\/51334"}],"wp:attachment":[{"href":"https:\/\/c-profil.se\/english\/wp-json\/wp\/v2\/media?parent=23856"}],"wp:term":[{"taxonomy":"product_brand","embeddable":true,"href":"https:\/\/c-profil.se\/english\/wp-json\/wp\/v2\/product_brand?post=23856"},{"taxonomy":"product_cat","embeddable":true,"href":"https:\/\/c-profil.se\/english\/wp-json\/wp\/v2\/product_cat?post=23856"},{"taxonomy":"product_tag","embeddable":true,"href":"https:\/\/c-profil.se\/english\/wp-json\/wp\/v2\/product_tag?post=23856"}],"curies":[{"name":"wp","href":"https:\/\/api.w.org\/{rel}","templated":true}]}}