{"id":23851,"date":"2015-10-21T08:04:00","date_gmt":"2015-10-21T07:04:00","guid":{"rendered":"https:\/\/c-profil.se\/produkt\/kabelkanal-t1-e\/"},"modified":"2026-03-19T15:05:06","modified_gmt":"2026-03-19T14:05:06","slug":"cable-duct-slotted-iboco-t1-e","status":"publish","type":"product","link":"https:\/\/c-profil.se\/english\/produkt\/kabelkanal-slitsad-iboco-t1-e\/","title":{"rendered":"Cable duct IBOCO | T1-E"},"content":{"rendered":"<p><strong>IBOCO T1-E is a narrow slotted cable duct for structured cabling of smaller cables<\/strong> in control cabinets, electrical cabinets and machine installations.<br \/>\nThe cable duct is delivered complete with cover and is designed for stable and long-term use in industrial environments.<\/p>","protected":false},"excerpt":{"rendered":"<p class=\"ai-optimize-58\">Cable duct Slotted IBOCO \/ T1-E \u2013 Smooth and efficient cable management for professional installations.<\/p>\n<p class=\"ai-optimize-58\">Are you looking for a reliable solution for organizing smaller cables in control cabinets or electrical cabinets? Cable duct Slotted IBOCO T1-E is an excellent choice for those who want a robust, structured and efficient cable routing. This narrow slotted cable duct comes complete with a cover and is specially designed to withstand demanding industrial environments.<\/p>\n<p class=\"ai-optimize-59\"><strong>Advantages of IBOCO T1-E cable duct:<\/strong><\/p>\n<ul>\n<li class=\"ai-optimize-60\"><strong>Strong and durable construction<\/strong> \u2013 The extra thick bottom and sidewalls provide long-lasting performance and increased stability in harsh environments.<\/li>\n<li class=\"ai-optimize-61\"><strong>Quick installation<\/strong> \u2013 Countersunk holes in the bottom of the channel enable easy assembly with smart accessories, saving both time and labor.<\/li>\n<li class=\"ai-optimize-63\"><strong>Versatile use<\/strong> \u2013 Perfect for control cabinets, machine installations, control panels and other industrial applications where order and safety are crucial.<\/li>\n<\/ul>\n<p class=\"ai-optimize-64\">With<strong> IBOCO T1-E cable duct<\/strong> You don&#039;t just get a more attractive cable routing \u2013 you also get a safer and more efficient electrical installation. Invest in quality and function with a cable channel that is built to last.<\/p>\n<p>&nbsp;<\/p>","protected":false},"featured_media":51304,"template":"","meta":{"_acf_changed":false},"product_brand":[739],"product_cat":[189],"product_tag":[970,946,1002],"class_list":{"0":"post-23851","1":"product","2":"type-product","3":"status-publish","4":"has-post-thumbnail","6":"product_brand-iboco","7":"product_cat-kabelkanaler-iboco","8":"product_tag-dragning-av-kablage","9":"product_tag-kabelhantering-i-apparatskap","10":"product_tag-kabelkanaler","12":"first","13":"instock","14":"shipping-taxable","15":"product-type-simple"},"acf":[],"yoast_head":"<!-- This site is optimized with the Yoast SEO Premium plugin v27.4 (Yoast SEO v27.4) - https:\/\/yoast.com\/product\/yoast-seo-premium-wordpress\/ -->\n<title>Kabelkanal IBOCO | T1-E - C-Pro<\/title>\n<meta name=\"description\" content=\"Kabelkanal \/ T1-E \u00e4r slitsad kabelkanal och levereras med lock. En idealisk kanal f\u00f6r mindre kablar. Stark och robus. L\u00e4s Mer!\" \/>\n<meta name=\"robots\" content=\"index, follow, max-snippet:-1, max-image-preview:large, max-video-preview:-1\" \/>\n<link rel=\"canonical\" href=\"https:\/\/c-profil.se\/english\/product\/cable-duct-slotted-iboco-t1-e\/\" \/>\n<meta property=\"og:locale\" content=\"en_US\" \/>\n<meta property=\"og:type\" content=\"article\" \/>\n<meta property=\"og:title\" content=\"Kabelkanal IBOCO | T1-E - C-Pro\" \/>\n<meta property=\"og:description\" content=\"Kabelkanal Slitsad IBOCO \/ T1-E \u2013 Smidig och effektiv kabelhantering f\u00f6r professionella installationer. Letar du efter en p\u00e5litlig l\u00f6sning f\u00f6r att organisera mindre kablar i apparatsk\u00e5p eller elsk\u00e5p? Kabelkanal Slitsad IBOCO T1-E \u00e4r ett utm\u00e4rkt val f\u00f6r dig som vill ha en robust, strukturerad och effektiv kabeldragning. Denna smalslitsade kabelkanal levereras komplett med lock och \u00e4r s\u00e4rskilt framtagen f\u00f6r att klara av kr\u00e4vande industriella milj\u00f6er. F\u00f6rdelar med IBOCO T1-E kabelkanal:    Stark och h\u00e5llbar konstruktion \u2013 Den extra tjocka botten- och sidov\u00e4ggen ger l\u00e5ngvarig prestanda och \u00f6kad stabilitet i tuffa milj\u00f6er.  Snabb installation \u2013 F\u00f6rs\u00e4nkta h\u00e5l i kanalens botten m\u00f6jligg\u00f6r enkel montering med smarta tillbeh\u00f6r, vilket sparar b\u00e5de tid och arbete.  M\u00e5ngsidig anv\u00e4ndning \u2013 Passar perfekt f\u00f6r apparatsk\u00e5p, maskininstallationer, kontrollpaneler och andra industriella applikationer d\u00e4r ordning och s\u00e4kerhet \u00e4r avg\u00f6rande.  Med IBOCO T1-E kabelkanal f\u00e5r du inte bara en snyggare kabeldragning \u2013 du f\u00e5r \u00e4ven en s\u00e4krare och mer effektiv elinstallation. Satsa p\u00e5 kvalitet och funktion med en kabelkanal som \u00e4r byggd f\u00f6r att h\u00e5lla. &nbsp;\" \/>\n<meta property=\"og:url\" content=\"https:\/\/c-profil.se\/english\/product\/cable-duct-slotted-iboco-t1-e\/\" \/>\n<meta property=\"og:site_name\" content=\"C-Pro\" \/>\n<meta property=\"article:publisher\" content=\"https:\/\/www.facebook.com\/people\/C-Pro\/61561767306874\/\" \/>\n<meta property=\"article:modified_time\" content=\"2026-03-19T14:05:06+00:00\" \/>\n<meta property=\"og:image\" content=\"https:\/\/c-profil.se\/wp-content\/uploads\/2015\/10\/Kabelkanal-Slitsad-IBOCO-T1-E.jpg\" \/>\n\t<meta property=\"og:image:width\" content=\"1000\" \/>\n\t<meta property=\"og:image:height\" content=\"1000\" \/>\n\t<meta property=\"og:image:type\" content=\"image\/jpeg\" \/>\n<meta name=\"twitter:card\" content=\"summary_large_image\" \/>\n<meta name=\"twitter:label1\" content=\"Price\" \/>\n\t<meta name=\"twitter:data1\" content=\"\" \/>\n\t<meta name=\"twitter:label2\" content=\"Availability\" \/>\n\t<meta name=\"twitter:data2\" content=\"In stock\" \/>\n<script type=\"application\/ld+json\" class=\"yoast-schema-graph\">{\"@context\":\"https:\\\/\\\/schema.org\",\"@graph\":[{\"@type\":\"WebPage\",\"@id\":\"https:\\\/\\\/c-profil.se\\\/produkt\\\/kabelkanal-slitsad-iboco-t1-e\\\/\",\"url\":\"https:\\\/\\\/c-profil.se\\\/produkt\\\/kabelkanal-slitsad-iboco-t1-e\\\/\",\"name\":\"Kabelkanal IBOCO | T1-E - C-Pro\",\"isPartOf\":{\"@id\":\"https:\\\/\\\/c-profil.se\\\/#website\"},\"primaryImageOfPage\":{\"@id\":\"https:\\\/\\\/c-profil.se\\\/produkt\\\/kabelkanal-slitsad-iboco-t1-e\\\/#primaryimage\"},\"image\":{\"@id\":\"https:\\\/\\\/c-profil.se\\\/produkt\\\/kabelkanal-slitsad-iboco-t1-e\\\/#primaryimage\"},\"thumbnailUrl\":\"https:\\\/\\\/c-profil.se\\\/wp-content\\\/uploads\\\/2015\\\/10\\\/Kabelkanal-Slitsad-IBOCO-T1-E.jpg\",\"datePublished\":\"2015-10-21T07:04:00+00:00\",\"dateModified\":\"2026-03-19T14:05:06+00:00\",\"description\":\"Kabelkanal \\\/ T1-E \u00e4r slitsad kabelkanal och levereras med lock. En idealisk kanal f\u00f6r mindre kablar. Stark och robus. L\u00e4s Mer!\",\"breadcrumb\":{\"@id\":\"https:\\\/\\\/c-profil.se\\\/produkt\\\/kabelkanal-slitsad-iboco-t1-e\\\/#breadcrumb\"},\"inLanguage\":\"en\",\"potentialAction\":[{\"@type\":\"ReadAction\",\"target\":[\"https:\\\/\\\/c-profil.se\\\/produkt\\\/kabelkanal-slitsad-iboco-t1-e\\\/\"]}]},{\"@type\":\"ImageObject\",\"inLanguage\":\"en\",\"@id\":\"https:\\\/\\\/c-profil.se\\\/produkt\\\/kabelkanal-slitsad-iboco-t1-e\\\/#primaryimage\",\"url\":\"https:\\\/\\\/c-profil.se\\\/wp-content\\\/uploads\\\/2015\\\/10\\\/Kabelkanal-Slitsad-IBOCO-T1-E.jpg\",\"contentUrl\":\"https:\\\/\\\/c-profil.se\\\/wp-content\\\/uploads\\\/2015\\\/10\\\/Kabelkanal-Slitsad-IBOCO-T1-E.jpg\",\"width\":1000,\"height\":1000,\"caption\":\"Kabelkanal Slitsad IBOCO T1-E\"},{\"@type\":\"BreadcrumbList\",\"@id\":\"https:\\\/\\\/c-profil.se\\\/produkt\\\/kabelkanal-slitsad-iboco-t1-e\\\/#breadcrumb\",\"itemListElement\":[{\"@type\":\"ListItem\",\"position\":1,\"name\":\"Hem\",\"item\":\"https:\\\/\\\/c-profil.se\\\/\"},{\"@type\":\"ListItem\",\"position\":2,\"name\":\"Produkter\",\"item\":\"https:\\\/\\\/c-profil.se\\\/produkter\\\/\"},{\"@type\":\"ListItem\",\"position\":3,\"name\":\"Kabelkanaler IBOCO\",\"item\":\"https:\\\/\\\/c-profil.se\\\/produkt-kategori\\\/kabelkanaler-iboco\\\/\"},{\"@type\":\"ListItem\",\"position\":4,\"name\":\"Kabelkanal IBOCO | T1-E\"}]},{\"@type\":\"WebSite\",\"@id\":\"https:\\\/\\\/c-profil.se\\\/#website\",\"url\":\"https:\\\/\\\/c-profil.se\\\/\",\"name\":\"C-Pro\",\"description\":\"Produkter f\u00f6r El och Automation\",\"publisher\":{\"@id\":\"https:\\\/\\\/c-profil.se\\\/#organization\"},\"potentialAction\":[{\"@type\":\"SearchAction\",\"target\":{\"@type\":\"EntryPoint\",\"urlTemplate\":\"https:\\\/\\\/c-profil.se\\\/?s={search_term_string}\"},\"query-input\":{\"@type\":\"PropertyValueSpecification\",\"valueRequired\":true,\"valueName\":\"search_term_string\"}}],\"inLanguage\":\"en\"},{\"@type\":\"Organization\",\"@id\":\"https:\\\/\\\/c-profil.se\\\/#organization\",\"name\":\"C-Pro\",\"alternateName\":\"C-PRO\",\"url\":\"https:\\\/\\\/c-profil.se\\\/\",\"logo\":{\"@type\":\"ImageObject\",\"inLanguage\":\"en\",\"@id\":\"https:\\\/\\\/c-profil.se\\\/#\\\/schema\\\/logo\\\/image\\\/\",\"url\":\"https:\\\/\\\/c-profil.se\\\/wp-content\\\/uploads\\\/2022\\\/03\\\/c-pro-logga-liggande-500x500-1.png\",\"contentUrl\":\"https:\\\/\\\/c-profil.se\\\/wp-content\\\/uploads\\\/2022\\\/03\\\/c-pro-logga-liggande-500x500-1.png\",\"width\":500,\"height\":500,\"caption\":\"C-Pro\"},\"image\":{\"@id\":\"https:\\\/\\\/c-profil.se\\\/#\\\/schema\\\/logo\\\/image\\\/\"},\"sameAs\":[\"https:\\\/\\\/www.facebook.com\\\/people\\\/C-Pro\\\/61561767306874\\\/\",\"https:\\\/\\\/www.linkedin.com\\\/company\\\/c-pro-ab\",\"https:\\\/\\\/www.instagram.com\\\/cpro.ab\\\/\"],\"description\":\"C-PRO AB \u00e4r en helt\u00e4ckande leverant\u00f6r av material f\u00f6r applikationer inom el och automation. \u00c4nda sedan starten 1987 har vi f\u00f6rsett den svenska tillverkande industrin med elmaterial. Trots v\u00e5r storlek och ledande position har vi aldrig \u00f6vergett v\u00e5r grundfilosofi, att vara en personlig leverant\u00f6r. Vi p\u00e5 C-PRO \u00e4r l\u00e4tta att komma i kontakt med, \u00e4rliga och brinner f\u00f6r att l\u00f6sa v\u00e5ra kunders problem.\",\"email\":\"info@c-profil.se\",\"telephone\":\"031575785\",\"legalName\":\"C-Profil F\u00f6rl\u00e4ggningsmaterial AB\",\"foundingDate\":\"1987-01-01\"}]}<\/script>\n<meta property=\"product:brand\" content=\"dragning av kablage\" \/>\n<meta property=\"product:price:currency\" content=\"SEK\" \/>\n<meta property=\"og:availability\" content=\"instock\" \/>\n<meta property=\"product:availability\" content=\"instock\" \/>\n<meta property=\"product:retailer_item_id\" content=\"T1-E\" \/>\n<meta property=\"product:condition\" content=\"new\" \/>\n<!-- \/ Yoast SEO Premium plugin. -->","yoast_head_json":{"title":"Cable channel IBOCO | T1-E - C-Pro","description":"Cable duct \/ T1-E is a slotted cable duct and comes with a lid. An ideal duct for smaller cables. Strong and robust. Read more!","robots":{"index":"index","follow":"follow","max-snippet":"max-snippet:-1","max-image-preview":"max-image-preview:large","max-video-preview":"max-video-preview:-1"},"canonical":"https:\/\/c-profil.se\/english\/product\/cable-duct-slotted-iboco-t1-e\/","og_locale":"en_US","og_type":"article","og_title":"Kabelkanal IBOCO | T1-E - C-Pro","og_description":"Kabelkanal Slitsad IBOCO \/ T1-E \u2013 Smidig och effektiv kabelhantering f\u00f6r professionella installationer. Letar du efter en p\u00e5litlig l\u00f6sning f\u00f6r att organisera mindre kablar i apparatsk\u00e5p eller elsk\u00e5p? Kabelkanal Slitsad IBOCO T1-E \u00e4r ett utm\u00e4rkt val f\u00f6r dig som vill ha en robust, strukturerad och effektiv kabeldragning. Denna smalslitsade kabelkanal levereras komplett med lock och \u00e4r s\u00e4rskilt framtagen f\u00f6r att klara av kr\u00e4vande industriella milj\u00f6er. F\u00f6rdelar med IBOCO T1-E kabelkanal:    Stark och h\u00e5llbar konstruktion \u2013 Den extra tjocka botten- och sidov\u00e4ggen ger l\u00e5ngvarig prestanda och \u00f6kad stabilitet i tuffa milj\u00f6er.  Snabb installation \u2013 F\u00f6rs\u00e4nkta h\u00e5l i kanalens botten m\u00f6jligg\u00f6r enkel montering med smarta tillbeh\u00f6r, vilket sparar b\u00e5de tid och arbete.  M\u00e5ngsidig anv\u00e4ndning \u2013 Passar perfekt f\u00f6r apparatsk\u00e5p, maskininstallationer, kontrollpaneler och andra industriella applikationer d\u00e4r ordning och s\u00e4kerhet \u00e4r avg\u00f6rande.  Med IBOCO T1-E kabelkanal f\u00e5r du inte bara en snyggare kabeldragning \u2013 du f\u00e5r \u00e4ven en s\u00e4krare och mer effektiv elinstallation. Satsa p\u00e5 kvalitet och funktion med en kabelkanal som \u00e4r byggd f\u00f6r att h\u00e5lla. &nbsp;","og_url":"https:\/\/c-profil.se\/english\/product\/cable-duct-slotted-iboco-t1-e\/","og_site_name":"C-Pro","article_publisher":"https:\/\/www.facebook.com\/people\/C-Pro\/61561767306874\/","article_modified_time":"2026-03-19T14:05:06+00:00","og_image":[{"width":1000,"height":1000,"url":"https:\/\/c-profil.se\/wp-content\/uploads\/2015\/10\/Kabelkanal-Slitsad-IBOCO-T1-E.jpg","type":"image\/jpeg"}],"twitter_card":"summary_large_image","twitter_misc":{"Price":"","Availability":"In stock"},"schema":{"@context":"https:\/\/schema.org","@graph":[{"@type":"WebPage","@id":"https:\/\/c-profil.se\/produkt\/kabelkanal-slitsad-iboco-t1-e\/","url":"https:\/\/c-profil.se\/produkt\/kabelkanal-slitsad-iboco-t1-e\/","name":"Cable channel IBOCO | T1-E - C-Pro","isPartOf":{"@id":"https:\/\/c-profil.se\/#website"},"primaryImageOfPage":{"@id":"https:\/\/c-profil.se\/produkt\/kabelkanal-slitsad-iboco-t1-e\/#primaryimage"},"image":{"@id":"https:\/\/c-profil.se\/produkt\/kabelkanal-slitsad-iboco-t1-e\/#primaryimage"},"thumbnailUrl":"https:\/\/c-profil.se\/wp-content\/uploads\/2015\/10\/Kabelkanal-Slitsad-IBOCO-T1-E.jpg","datePublished":"2015-10-21T07:04:00+00:00","dateModified":"2026-03-19T14:05:06+00:00","description":"Cable duct \/ T1-E is a slotted cable duct and comes with a lid. An ideal duct for smaller cables. Strong and robust. Read more!","breadcrumb":{"@id":"https:\/\/c-profil.se\/produkt\/kabelkanal-slitsad-iboco-t1-e\/#breadcrumb"},"inLanguage":"en","potentialAction":[{"@type":"ReadAction","target":["https:\/\/c-profil.se\/produkt\/kabelkanal-slitsad-iboco-t1-e\/"]}]},{"@type":"ImageObject","inLanguage":"en","@id":"https:\/\/c-profil.se\/produkt\/kabelkanal-slitsad-iboco-t1-e\/#primaryimage","url":"https:\/\/c-profil.se\/wp-content\/uploads\/2015\/10\/Kabelkanal-Slitsad-IBOCO-T1-E.jpg","contentUrl":"https:\/\/c-profil.se\/wp-content\/uploads\/2015\/10\/Kabelkanal-Slitsad-IBOCO-T1-E.jpg","width":1000,"height":1000,"caption":"Kabelkanal Slitsad IBOCO T1-E"},{"@type":"BreadcrumbList","@id":"https:\/\/c-profil.se\/produkt\/kabelkanal-slitsad-iboco-t1-e\/#breadcrumb","itemListElement":[{"@type":"ListItem","position":1,"name":"Hem","item":"https:\/\/c-profil.se\/"},{"@type":"ListItem","position":2,"name":"Produkter","item":"https:\/\/c-profil.se\/produkter\/"},{"@type":"ListItem","position":3,"name":"Kabelkanaler IBOCO","item":"https:\/\/c-profil.se\/produkt-kategori\/kabelkanaler-iboco\/"},{"@type":"ListItem","position":4,"name":"Kabelkanal IBOCO | T1-E"}]},{"@type":"WebSite","@id":"https:\/\/c-profil.se\/#website","url":"https:\/\/c-profil.se\/","name":"C-Pro","description":"Products for Electricity and Automation","publisher":{"@id":"https:\/\/c-profil.se\/#organization"},"potentialAction":[{"@type":"SearchAction","target":{"@type":"EntryPoint","urlTemplate":"https:\/\/c-profil.se\/?s={search_term_string}"},"query-input":{"@type":"PropertyValueSpecification","valueRequired":true,"valueName":"search_term_string"}}],"inLanguage":"en"},{"@type":"Organization","@id":"https:\/\/c-profil.se\/#organization","name":"C-Pro","alternateName":"C-PRO","url":"https:\/\/c-profil.se\/","logo":{"@type":"ImageObject","inLanguage":"en","@id":"https:\/\/c-profil.se\/#\/schema\/logo\/image\/","url":"https:\/\/c-profil.se\/wp-content\/uploads\/2022\/03\/c-pro-logga-liggande-500x500-1.png","contentUrl":"https:\/\/c-profil.se\/wp-content\/uploads\/2022\/03\/c-pro-logga-liggande-500x500-1.png","width":500,"height":500,"caption":"C-Pro"},"image":{"@id":"https:\/\/c-profil.se\/#\/schema\/logo\/image\/"},"sameAs":["https:\/\/www.facebook.com\/people\/C-Pro\/61561767306874\/","https:\/\/www.linkedin.com\/company\/c-pro-ab","https:\/\/www.instagram.com\/cpro.ab\/"],"description":"C-PRO AB is a comprehensive supplier of materials for applications in electricity and automation. Ever since the start in 1987, we have supplied the Swedish manufacturing industry with electrical materials. Despite our size and leading position, we have never abandoned our basic philosophy, to be a personal supplier. We at C-PRO are easy to get in touch with, honest and passionate about solving our customers&#039; problems.","email":"info@c-profil.se","telephone":"031575785","legalName":"C-Profil F\u00f6rl\u00e4ggningsmaterial AB","foundingDate":"1987-01-01"}]},"product_brand":"dragning av kablage","product_price_currency":"SEK","og_availability":"instock","product_availability":"instock","product_retailer_item_id":"T1-E","product_condition":"new"},"_links":{"self":[{"href":"https:\/\/c-profil.se\/english\/wp-json\/wp\/v2\/product\/23851","targetHints":{"allow":["GET"]}}],"collection":[{"href":"https:\/\/c-profil.se\/english\/wp-json\/wp\/v2\/product"}],"about":[{"href":"https:\/\/c-profil.se\/english\/wp-json\/wp\/v2\/types\/product"}],"version-history":[{"count":12,"href":"https:\/\/c-profil.se\/english\/wp-json\/wp\/v2\/product\/23851\/revisions"}],"predecessor-version":[{"id":74339,"href":"https:\/\/c-profil.se\/english\/wp-json\/wp\/v2\/product\/23851\/revisions\/74339"}],"wp:featuredmedia":[{"embeddable":true,"href":"https:\/\/c-profil.se\/english\/wp-json\/wp\/v2\/media\/51304"}],"wp:attachment":[{"href":"https:\/\/c-profil.se\/english\/wp-json\/wp\/v2\/media?parent=23851"}],"wp:term":[{"taxonomy":"product_brand","embeddable":true,"href":"https:\/\/c-profil.se\/english\/wp-json\/wp\/v2\/product_brand?post=23851"},{"taxonomy":"product_cat","embeddable":true,"href":"https:\/\/c-profil.se\/english\/wp-json\/wp\/v2\/product_cat?post=23851"},{"taxonomy":"product_tag","embeddable":true,"href":"https:\/\/c-profil.se\/english\/wp-json\/wp\/v2\/product_tag?post=23851"}],"curies":[{"name":"wp","href":"https:\/\/api.w.org\/{rel}","templated":true}]}}