{"id":29334,"date":"2022-03-18T08:45:06","date_gmt":"2022-03-18T08:45:06","guid":{"rendered":"https:\/\/c-profil.se\/?page_id=29334"},"modified":"2024-10-10T12:52:58","modified_gmt":"2024-10-10T12:52:58","slug":"cookie-policy","status":"publish","type":"page","link":"https:\/\/c-profil.se\/english\/cookie-policy\/","title":{"rendered":"Cookie Policy"},"content":{"rendered":"\t\t<div data-elementor-type=\"wp-page\" data-elementor-id=\"29334\" class=\"elementor elementor-29334\" data-elementor-post-type=\"page\">\n\t\t\t\t<div class=\"elementor-element elementor-element-3528442 e-con-full e-flex e-con e-parent\" data-id=\"3528442\" data-element_type=\"container\" data-e-type=\"container\">\n\t\t\t\t<div class=\"elementor-element elementor-element-acc0a42 elementor-widget elementor-widget-heading\" data-id=\"acc0a42\" data-element_type=\"widget\" data-e-type=\"widget\" data-widget_type=\"heading.default\">\n\t\t\t\t\t<h1 class=\"elementor-heading-title elementor-size-default\">Cookie Policy<\/h1>\t\t\t\t<\/div>\n\t\t\t\t<div class=\"elementor-element elementor-element-22aa333 elementor-widget-divider--view-line elementor-widget elementor-widget-divider\" data-id=\"22aa333\" data-element_type=\"widget\" data-e-type=\"widget\" data-widget_type=\"divider.default\">\n\t\t\t\t\t\t\t<div class=\"elementor-divider\">\n\t\t\t<span class=\"elementor-divider-separator\">\n\t\t\t\t\t\t<\/span>\n\t\t<\/div>\n\t\t\t\t\t\t<\/div>\n\t\t\t\t<div class=\"elementor-element elementor-element-b6def52 elementor-widget elementor-widget-text-editor\" data-id=\"b6def52\" data-element_type=\"widget\" data-e-type=\"widget\" data-widget_type=\"text-editor.default\">\n\t\t\t\t\t\t\t\t\t<h2>Om v\u00e5r cookie policy<\/h2><p>Denna cookie policy f\u00f6rklarar vad cookies \u00e4r och hur vi anv\u00e4nder dem, vilka typer av cookies vi anv\u00e4nder, dvs. den information vi samlar in med hj\u00e4lp av cookies och hur den informationen anv\u00e4nds, och hur man kontrollerar cookie-preferenserna. F\u00f6r ytterligare information om hur vi anv\u00e4nder, lagrar och skyddar dina personuppgifter, se v\u00e5r integritetspolicy.<\/p><p>Du kan n\u00e4r som helst \u00e4ndra eller \u00e5terkalla ditt samtycke fr\u00e5n Cookie-deklarationen p\u00e5 v\u00e5r webbplats<br \/>L\u00e4s mer om vilka vi \u00e4r, hur du kan kontakta oss och hur vi behandlar personuppgifter i v\u00e5r integritetspolicy.<br \/>Ditt samtycke g\u00e4ller f\u00f6ljande dom\u00e4ner: c-profil.se<\/p><div><p>[user_consent_state]<\/p><\/div><h3>Vad \u00e4r cookies<\/h3><div>Cookies \u00e4r sm\u00e5 textfiler som anv\u00e4nds f\u00f6r att lagra sm\u00e5 bitar av information. De lagras p\u00e5 din enhet n\u00e4r webbplatsen laddas i din webbl\u00e4sare. Dessa cookies hj\u00e4lper oss att f\u00e5 webbplatsen att fungera korrekt, g\u00f6ra den s\u00e4krare, ge en b\u00e4ttre anv\u00e4ndarupplevelse och f\u00f6rst\u00e5 hur webbplatsen fungerar och att analysera vad som fungerar och var den beh\u00f6ver f\u00f6rb\u00e4ttras.<\/div><div>\u00a0<\/div><h3>Hur anv\u00e4nder vi cookies?<\/h3><div><p>Som de flesta av onlinetj\u00e4nsterna anv\u00e4nder v\u00e5r webbplats f\u00f6rstaparts- och tredjepartscookies f\u00f6r flera \u00e4ndam\u00e5l. F\u00f6rstapartscookies \u00e4r oftast n\u00f6dv\u00e4ndiga f\u00f6r att webbplatsen ska fungera p\u00e5 r\u00e4tt s\u00e4tt, och de samlar inte in n\u00e5gon av dina personligt identifierbara uppgifter.<\/p><p>De tredjepartscookies som anv\u00e4nds p\u00e5 v\u00e5r webbplats \u00e4r fr\u00e4mst f\u00f6r att f\u00f6rst\u00e5 hur webbplatsen fungerar, hur du interagerar med v\u00e5r webbplats, f\u00f6r att h\u00e5lla v\u00e5ra tj\u00e4nster s\u00e4kra, tillhandah\u00e5lla annonser som \u00e4r relevanta f\u00f6r dig och allt som allt ge dig en b\u00e4ttre och f\u00f6rb\u00e4ttrad anv\u00e4ndare uppleva och hj\u00e4lpa till att p\u00e5skynda dina framtida interaktioner med v\u00e5r webbplats.<\/p><\/div><h3>Vilka typer av cookies anv\u00e4nder vi?<\/h3><div><p><strong>VIKTIGT:<br \/><\/strong> Vissa cookies \u00e4r n\u00f6dv\u00e4ndiga f\u00f6r att du ska kunna uppleva v\u00e5r sajts fulla funktionalitet. De till\u00e5ter oss att underh\u00e5lla anv\u00e4ndarsessioner och f\u00f6rhindra alla s\u00e4kerhetshot. De samlar inte in eller lagrar n\u00e5gon personlig information. Till exempel till\u00e5ter dessa cookies dig att logga in p\u00e5 ditt konto och l\u00e4gga till produkter i din varukorg och betala s\u00e4kert.<\/p><p><strong>STATISTIK<\/strong><strong>:<br \/><\/strong> Dessa cookies lagrar information som antalet bes\u00f6kare p\u00e5 webbplatsen, antalet unika bes\u00f6kare, vilka sidor p\u00e5 webbplatsen som har bes\u00f6kts, k\u00e4llan till bes\u00f6ket, etc. Dessa data hj\u00e4lper oss att f\u00f6rst\u00e5 och analysera hur bra webbplatsen presterar och d\u00e4r det beh\u00f6ver f\u00f6rb\u00e4ttras.<\/p><p><strong>MARKNADSF\u00d6RING:<br \/><\/strong> V\u00e5r webbplats visar annonser. Dessa cookies anv\u00e4nds f\u00f6r att anpassa annonserna som vi visar f\u00f6r dig s\u00e5 att de \u00e4r meningsfulla f\u00f6r dig. Dessa cookies hj\u00e4lper oss ocks\u00e5 att h\u00e5lla reda p\u00e5 effektiviteten i dessa annonskampanjer.<br \/>Informationen som lagras i dessa cookies kan ocks\u00e5 anv\u00e4ndas av tredje parts annonsleverant\u00f6rer f\u00f6r att visa dig annonser p\u00e5 andra webbplatser i webbl\u00e4saren.<\/p><p><strong>FUNKTIONELL:<br \/><\/strong>Dessa \u00e4r cookies som hj\u00e4lper vissa icke-n\u00f6dv\u00e4ndiga funktioner p\u00e5 v\u00e5r webbplats. Dessa funktioner inkluderar att b\u00e4dda in inneh\u00e5ll som videor eller dela inneh\u00e5ll p\u00e5 webbplatsen p\u00e5 sociala medieplattformar.<\/p><p><strong>PREFERENSER:<br \/><\/strong>Dessa cookies hj\u00e4lper oss att lagra dina inst\u00e4llningar och surfpreferenser som spr\u00e5kinst\u00e4llningar s\u00e5 att du f\u00e5r en b\u00e4ttre och effektiv upplevelse vid framtida bes\u00f6k p\u00e5 webbplatsen.<\/p><div><h3>Hur kan jag kontrollera cookie-preferenser?<\/h3><\/div><div><p>Om du skulle besluta dig f\u00f6r att \u00e4ndra dina inst\u00e4llningar senare under din surfsession, kan du klicka p\u00e5 fliken &#8221;Sekretess- och cookiepolicy&#8221; p\u00e5 sk\u00e4rmen. Detta kommer att visa samtyckesmeddelandet igen s\u00e5 att du kan \u00e4ndra dina inst\u00e4llningar eller dra tillbaka ditt samtycke helt.<\/p><p>Ut\u00f6ver detta erbjuder olika webbl\u00e4sare olika metoder f\u00f6r att blockera och radera cookies som anv\u00e4nds av webbplatser. Du kan \u00e4ndra inst\u00e4llningarna i din webbl\u00e4sare f\u00f6r att blockera\/radera cookies. F\u00f6r att ta reda p\u00e5 mer om hur du hanterar och raderar cookies, bes\u00f6k wikipedia.org,<\/p><p>www.allaboutcookies.org.<\/p><\/div><\/div>\t\t\t\t\t\t\t\t<\/div>\n\t\t\t\t<\/div>\n\t\t\t\t<\/div>\n\t\t","protected":false},"excerpt":{"rendered":"<p>Om v\u00e5r cookie policy Denna cookie policy f\u00f6rklarar vad cookies \u00e4r och hur vi anv\u00e4nder dem, vilka typer av cookies vi anv\u00e4nder, dvs. den information vi samlar in med hj\u00e4lp av cookies och hur den informationen anv\u00e4nds, och hur man kontrollerar cookie-preferenserna. F\u00f6r ytterligare information om hur vi anv\u00e4nder, lagrar och skyddar dina personuppgifter, se &#8230; <a title=\"Cookie Policy\" class=\"read-more\" href=\"https:\/\/c-profil.se\/english\/cookie-policy\/\" aria-label=\"Read more about Cookie Policy\">Read more<\/a><\/p>","protected":false},"author":1,"featured_media":0,"parent":0,"menu_order":0,"comment_status":"closed","ping_status":"closed","template":"","meta":{"_acf_changed":false,"footnotes":""},"class_list":["post-29334","page","type-page","status-publish"],"acf":[],"yoast_head":"<!-- This site is optimized with the Yoast SEO Premium plugin v27.3 (Yoast SEO v27.3) - https:\/\/yoast.com\/product\/yoast-seo-premium-wordpress\/ -->\n<title>Cookie Policy - C-Pro<\/title>\n<meta name=\"description\" content=\"Denna cookie policy f\u00f6rklarar vad cookies \u00e4r och hur vi anv\u00e4nder dem, vilka typer av cookies vi anv\u00e4nder, dvs. den information vi samlar.\" \/>\n<meta name=\"robots\" content=\"index, follow, max-snippet:-1, max-image-preview:large, max-video-preview:-1\" \/>\n<link rel=\"canonical\" href=\"https:\/\/c-profil.se\/english\/cookie-policy\/\" \/>\n<meta property=\"og:locale\" content=\"en_US\" \/>\n<meta property=\"og:type\" content=\"article\" \/>\n<meta property=\"og:title\" content=\"Cookie Policy - C-Pro\" \/>\n<meta property=\"og:description\" content=\"Om v\u00e5r cookie policyDenna cookie policy f\u00f6rklarar vad cookies \u00e4r och hur vi anv\u00e4nder dem, vilka typer av cookies vi anv\u00e4nder, dvs. den information vi\" \/>\n<meta property=\"og:url\" content=\"https:\/\/c-profil.se\/english\/cookie-policy\/\" \/>\n<meta property=\"og:site_name\" content=\"C-Pro\" \/>\n<meta property=\"article:publisher\" content=\"https:\/\/www.facebook.com\/people\/C-Pro\/61561767306874\/\" \/>\n<meta property=\"article:modified_time\" content=\"2024-10-10T12:52:58+00:00\" \/>\n<meta property=\"og:image\" content=\"https:\/\/c-profil.se\/wp-content\/uploads\/2022\/03\/c-pro-logga-liggande-500x500-1.png\" \/>\n\t<meta property=\"og:image:width\" content=\"500\" \/>\n\t<meta property=\"og:image:height\" content=\"500\" \/>\n\t<meta property=\"og:image:type\" content=\"image\/png\" \/>\n<meta name=\"twitter:card\" content=\"summary_large_image\" \/>\n<meta name=\"twitter:label1\" content=\"Est. reading time\" \/>\n\t<meta name=\"twitter:data1\" content=\"3 minutes\" \/>\n<script type=\"application\/ld+json\" class=\"yoast-schema-graph\">{\"@context\":\"https:\\\/\\\/schema.org\",\"@graph\":[{\"@type\":\"WebPage\",\"@id\":\"https:\\\/\\\/c-profil.se\\\/cookie-policy\\\/\",\"url\":\"https:\\\/\\\/c-profil.se\\\/cookie-policy\\\/\",\"name\":\"Cookie Policy - C-Pro\",\"isPartOf\":{\"@id\":\"https:\\\/\\\/c-profil.se\\\/#website\"},\"datePublished\":\"2022-03-18T08:45:06+00:00\",\"dateModified\":\"2024-10-10T12:52:58+00:00\",\"description\":\"Denna cookie policy f\u00f6rklarar vad cookies \u00e4r och hur vi anv\u00e4nder dem, vilka typer av cookies vi anv\u00e4nder, dvs. den information vi samlar.\",\"breadcrumb\":{\"@id\":\"https:\\\/\\\/c-profil.se\\\/cookie-policy\\\/#breadcrumb\"},\"inLanguage\":\"en\",\"potentialAction\":[{\"@type\":\"ReadAction\",\"target\":[\"https:\\\/\\\/c-profil.se\\\/cookie-policy\\\/\"]}]},{\"@type\":\"BreadcrumbList\",\"@id\":\"https:\\\/\\\/c-profil.se\\\/cookie-policy\\\/#breadcrumb\",\"itemListElement\":[{\"@type\":\"ListItem\",\"position\":1,\"name\":\"Hem\",\"item\":\"https:\\\/\\\/c-profil.se\\\/\"},{\"@type\":\"ListItem\",\"position\":2,\"name\":\"Cookie Policy\"}]},{\"@type\":\"WebSite\",\"@id\":\"https:\\\/\\\/c-profil.se\\\/#website\",\"url\":\"https:\\\/\\\/c-profil.se\\\/\",\"name\":\"C-Pro\",\"description\":\"Produkter f\u00f6r El och Automation\",\"publisher\":{\"@id\":\"https:\\\/\\\/c-profil.se\\\/#organization\"},\"potentialAction\":[{\"@type\":\"SearchAction\",\"target\":{\"@type\":\"EntryPoint\",\"urlTemplate\":\"https:\\\/\\\/c-profil.se\\\/?s={search_term_string}\"},\"query-input\":{\"@type\":\"PropertyValueSpecification\",\"valueRequired\":true,\"valueName\":\"search_term_string\"}}],\"inLanguage\":\"en\"},{\"@type\":\"Organization\",\"@id\":\"https:\\\/\\\/c-profil.se\\\/#organization\",\"name\":\"C-Pro\",\"alternateName\":\"C-PRO\",\"url\":\"https:\\\/\\\/c-profil.se\\\/\",\"logo\":{\"@type\":\"ImageObject\",\"inLanguage\":\"en\",\"@id\":\"https:\\\/\\\/c-profil.se\\\/#\\\/schema\\\/logo\\\/image\\\/\",\"url\":\"https:\\\/\\\/c-profil.se\\\/wp-content\\\/uploads\\\/2022\\\/03\\\/c-pro-logga-liggande-500x500-1.png\",\"contentUrl\":\"https:\\\/\\\/c-profil.se\\\/wp-content\\\/uploads\\\/2022\\\/03\\\/c-pro-logga-liggande-500x500-1.png\",\"width\":500,\"height\":500,\"caption\":\"C-Pro\"},\"image\":{\"@id\":\"https:\\\/\\\/c-profil.se\\\/#\\\/schema\\\/logo\\\/image\\\/\"},\"sameAs\":[\"https:\\\/\\\/www.facebook.com\\\/people\\\/C-Pro\\\/61561767306874\\\/\",\"https:\\\/\\\/www.linkedin.com\\\/company\\\/c-pro-ab\",\"https:\\\/\\\/www.instagram.com\\\/cpro.ab\\\/\"],\"description\":\"C-PRO AB \u00e4r en helt\u00e4ckande leverant\u00f6r av material f\u00f6r applikationer inom el och automation. \u00c4nda sedan starten 1987 har vi f\u00f6rsett den svenska tillverkande industrin med elmaterial. Trots v\u00e5r storlek och ledande position har vi aldrig \u00f6vergett v\u00e5r grundfilosofi, att vara en personlig leverant\u00f6r. Vi p\u00e5 C-PRO \u00e4r l\u00e4tta att komma i kontakt med, \u00e4rliga och brinner f\u00f6r att l\u00f6sa v\u00e5ra kunders problem.\",\"email\":\"info@c-profil.se\",\"telephone\":\"031575785\",\"legalName\":\"C-Profil F\u00f6rl\u00e4ggningsmaterial AB\",\"foundingDate\":\"1987-01-01\"}]}<\/script>\n<!-- \/ Yoast SEO Premium plugin. -->","yoast_head_json":{"title":"Cookie Policy - C-Pro","description":"This cookie policy explains what cookies are and how we use them, what types of cookies we use, i.e. the information we collect.","robots":{"index":"index","follow":"follow","max-snippet":"max-snippet:-1","max-image-preview":"max-image-preview:large","max-video-preview":"max-video-preview:-1"},"canonical":"https:\/\/c-profil.se\/english\/cookie-policy\/","og_locale":"en_US","og_type":"article","og_title":"Cookie Policy - C-Pro","og_description":"Om v\u00e5r cookie policyDenna cookie policy f\u00f6rklarar vad cookies \u00e4r och hur vi anv\u00e4nder dem, vilka typer av cookies vi anv\u00e4nder, dvs. den information vi","og_url":"https:\/\/c-profil.se\/english\/cookie-policy\/","og_site_name":"C-Pro","article_publisher":"https:\/\/www.facebook.com\/people\/C-Pro\/61561767306874\/","article_modified_time":"2024-10-10T12:52:58+00:00","og_image":[{"width":500,"height":500,"url":"https:\/\/c-profil.se\/wp-content\/uploads\/2022\/03\/c-pro-logga-liggande-500x500-1.png","type":"image\/png"}],"twitter_card":"summary_large_image","twitter_misc":{"Est. reading time":"3 minutes"},"schema":{"@context":"https:\/\/schema.org","@graph":[{"@type":"WebPage","@id":"https:\/\/c-profil.se\/cookie-policy\/","url":"https:\/\/c-profil.se\/cookie-policy\/","name":"Cookie Policy - C-Pro","isPartOf":{"@id":"https:\/\/c-profil.se\/#website"},"datePublished":"2022-03-18T08:45:06+00:00","dateModified":"2024-10-10T12:52:58+00:00","description":"This cookie policy explains what cookies are and how we use them, what types of cookies we use, i.e. the information we collect.","breadcrumb":{"@id":"https:\/\/c-profil.se\/cookie-policy\/#breadcrumb"},"inLanguage":"en","potentialAction":[{"@type":"ReadAction","target":["https:\/\/c-profil.se\/cookie-policy\/"]}]},{"@type":"BreadcrumbList","@id":"https:\/\/c-profil.se\/cookie-policy\/#breadcrumb","itemListElement":[{"@type":"ListItem","position":1,"name":"Hem","item":"https:\/\/c-profil.se\/"},{"@type":"ListItem","position":2,"name":"Cookie Policy"}]},{"@type":"WebSite","@id":"https:\/\/c-profil.se\/#website","url":"https:\/\/c-profil.se\/","name":"C-Pro","description":"Products for Electricity and Automation","publisher":{"@id":"https:\/\/c-profil.se\/#organization"},"potentialAction":[{"@type":"SearchAction","target":{"@type":"EntryPoint","urlTemplate":"https:\/\/c-profil.se\/?s={search_term_string}"},"query-input":{"@type":"PropertyValueSpecification","valueRequired":true,"valueName":"search_term_string"}}],"inLanguage":"en"},{"@type":"Organization","@id":"https:\/\/c-profil.se\/#organization","name":"C-Pro","alternateName":"C-PRO","url":"https:\/\/c-profil.se\/","logo":{"@type":"ImageObject","inLanguage":"en","@id":"https:\/\/c-profil.se\/#\/schema\/logo\/image\/","url":"https:\/\/c-profil.se\/wp-content\/uploads\/2022\/03\/c-pro-logga-liggande-500x500-1.png","contentUrl":"https:\/\/c-profil.se\/wp-content\/uploads\/2022\/03\/c-pro-logga-liggande-500x500-1.png","width":500,"height":500,"caption":"C-Pro"},"image":{"@id":"https:\/\/c-profil.se\/#\/schema\/logo\/image\/"},"sameAs":["https:\/\/www.facebook.com\/people\/C-Pro\/61561767306874\/","https:\/\/www.linkedin.com\/company\/c-pro-ab","https:\/\/www.instagram.com\/cpro.ab\/"],"description":"C-PRO AB is a comprehensive supplier of materials for applications in electricity and automation. Ever since the start in 1987, we have supplied the Swedish manufacturing industry with electrical materials. Despite our size and leading position, we have never abandoned our basic philosophy, to be a personal supplier. We at C-PRO are easy to get in touch with, honest and passionate about solving our customers&#039; problems.","email":"info@c-profil.se","telephone":"031575785","legalName":"C-Profil F\u00f6rl\u00e4ggningsmaterial AB","foundingDate":"1987-01-01"}]}},"_links":{"self":[{"href":"https:\/\/c-profil.se\/english\/wp-json\/wp\/v2\/pages\/29334","targetHints":{"allow":["GET"]}}],"collection":[{"href":"https:\/\/c-profil.se\/english\/wp-json\/wp\/v2\/pages"}],"about":[{"href":"https:\/\/c-profil.se\/english\/wp-json\/wp\/v2\/types\/page"}],"author":[{"embeddable":true,"href":"https:\/\/c-profil.se\/english\/wp-json\/wp\/v2\/users\/1"}],"replies":[{"embeddable":true,"href":"https:\/\/c-profil.se\/english\/wp-json\/wp\/v2\/comments?post=29334"}],"version-history":[{"count":3,"href":"https:\/\/c-profil.se\/english\/wp-json\/wp\/v2\/pages\/29334\/revisions"}],"predecessor-version":[{"id":48180,"href":"https:\/\/c-profil.se\/english\/wp-json\/wp\/v2\/pages\/29334\/revisions\/48180"}],"wp:attachment":[{"href":"https:\/\/c-profil.se\/english\/wp-json\/wp\/v2\/media?parent=29334"}],"curies":[{"name":"wp","href":"https:\/\/api.w.org\/{rel}","templated":true}]}}