{"id":28624,"date":"2021-11-25T10:21:17","date_gmt":"2021-11-25T10:21:17","guid":{"rendered":"https:\/\/c-profil.se\/?page_id=28624"},"modified":"2025-12-01T09:50:01","modified_gmt":"2025-12-01T08:50:01","slug":"legal-notice","status":"publish","type":"page","link":"https:\/\/c-profil.se\/english\/rattsligt-meddelande\/","title":{"rendered":"Legal notice"},"content":{"rendered":"<div data-elementor-type=\"wp-page\" data-elementor-id=\"28624\" class=\"elementor elementor-28624\" data-elementor-post-type=\"page\">\n\t\t\t\t<div class=\"elementor-element elementor-element-15e5686 e-con-full e-flex e-con e-parent\" data-id=\"15e5686\" data-element_type=\"container\" data-e-type=\"container\" data-settings=\"{&quot;background_background&quot;:&quot;classic&quot;}\">\n\t\t\t\t<div class=\"elementor-element elementor-element-8e57e4d elementor-widget-mobile__width-initial elementor-widget elementor-widget-heading\" data-id=\"8e57e4d\" data-element_type=\"widget\" data-e-type=\"widget\" data-widget_type=\"heading.default\">\n\t\t\t\t\t<h1 class=\"elementor-heading-title elementor-size-default\">Legal notice<\/h1>\t\t\t\t<\/div>\n\t\t\t\t<div class=\"elementor-element elementor-element-dfef788 elementor-widget elementor-widget-spacer\" data-id=\"dfef788\" data-element_type=\"widget\" data-e-type=\"widget\" data-widget_type=\"spacer.default\">\n\t\t\t\t\t\t\t<div class=\"elementor-spacer\">\n\t\t\t<div class=\"elementor-spacer-inner\"><\/div>\n\t\t<\/div>\n\t\t\t\t\t\t<\/div>\n\t\t\t\t<div class=\"elementor-element elementor-element-d1ed490 elementor-align-center elementor-tablet-align-center elementor-widget elementor-widget-button\" data-id=\"d1ed490\" data-element_type=\"widget\" data-e-type=\"widget\" aria-label=\"\" data-widget_type=\"button.default\">\n\t\t\t\t\t\t\t\t\t\t<a class=\"elementor-button elementor-button-link elementor-size-sm\" href=\"https:\/\/c-profil.se\/english\/kontakt\/\">\n\t\t\t\t\t\t<span class=\"elementor-button-content-wrapper\">\n\t\t\t\t\t\t\t\t\t<span class=\"elementor-button-text\">Contact Us<\/span>\n\t\t\t\t\t<\/span>\n\t\t\t\t\t<\/a>\n\t\t\t\t\t\t\t\t<\/div>\n\t\t\t\t<\/div>\n\t\t<div class=\"elementor-element elementor-element-c540706 e-con-full e-flex e-con e-parent\" data-id=\"c540706\" data-element_type=\"container\" data-e-type=\"container\">\n\t\t\t\t<div class=\"elementor-element elementor-element-1c1826e elementor-widget elementor-widget-spacer\" data-id=\"1c1826e\" data-element_type=\"widget\" data-e-type=\"widget\" data-widget_type=\"spacer.default\">\n\t\t\t\t\t\t\t<div class=\"elementor-spacer\">\n\t\t\t<div class=\"elementor-spacer-inner\"><\/div>\n\t\t<\/div>\n\t\t\t\t\t\t<\/div>\n\t\t\t\t<div class=\"elementor-element elementor-element-3199e66 elementor-widget elementor-widget-text-editor\" data-id=\"3199e66\" data-element_type=\"widget\" data-e-type=\"widget\" data-widget_type=\"text-editor.default\">\n\t\t\t\t\t\t\t\t\t<h2>What?<\/h2><p>Here you will find all the legal conditions for using <a href=\"https:\/\/c-profil.se\/english\/\">www.c-profil.se<\/a>.<\/p><h3>Terms<\/h3><p>All content of this web site is Copyright \u00a9 C-Profil AB.<\/p><h3>Legal notice<\/h3><p>By using the website <a href=\"https:\/\/c-profil.se\/english\/\">www.c-profil.se<\/a> you agree to the terms and conditions below. If you do not agree to these terms and conditions, you may not use the website.<\/p><p>The content on this website is provided &quot;as is&quot; for your convenience. You may browse, save copies or print information for personal use. The information in the press section may be distributed to the public. Other content may not be reproduced or redistributed without written permission from C-Profil AB.<\/p><p>C-Profil AB does its best to ensure that the website is accessible and accurate, but cannot guarantee that this is always the case. We may also provide links to external websites owned by third parties and take no responsibility for the content or material published there.<\/p><h3>Release clause and limitation of liability<\/h3><p>C-Profil AB DISCLAIMS ALL WARRANTIES AND CONDITIONS, EXPRESS OR IMPLIED, INCLUDING BUT NOT LIMITED TO WARRANTIES OF AVAILABILITY, FREEDOM FROM ERRORS OR LEGAL REQUIREMENTS. WE DO NOT WARRANT THAT THE WEBSITE IS ERROR-FREE OR FREE FROM INTERRUPTIONS.<\/p><p>C-Profil AB IS NOT LIABLE FOR ANY DAMAGES, WHETHER DIRECT, INDIRECT, INCIDENTAL OR CONSEQUENTIAL, THAT MAY ARIS OUT OF THE USE OF THIS WEBSITE, EVEN IF WE HAVE BEEN ADVISED OF THE POSSIBILITY OF SUCH DAMAGES. IN JURISDICTIONS WHERE SUCH LIMITATIONS ARE NOT ALLOWED, OUR LIABILITY IS LIMITED TO THE MAXIMUM EXTENT PERMITTED BY LAW.<\/p>\t\t\t\t\t\t\t\t<\/div>\n\t\t\t\t<div class=\"elementor-element elementor-element-c0d1576 elementor-widget elementor-widget-spacer\" data-id=\"c0d1576\" data-element_type=\"widget\" data-e-type=\"widget\" data-widget_type=\"spacer.default\">\n\t\t\t\t\t\t\t<div class=\"elementor-spacer\">\n\t\t\t<div class=\"elementor-spacer-inner\"><\/div>\n\t\t<\/div>\n\t\t\t\t\t\t<\/div>\n\t\t\t\t<\/div>\n\t\t\t\t<\/div>","protected":false},"excerpt":{"rendered":"<p>Contact us What? Here you will find all the legal terms and conditions for using www.c-profil.se. Terms All content on this website is Copyright \u00a9 C-Profil AB. Legal notice By using the website www.c-profil.se you agree to the terms and conditions below. If you do not agree to these terms and conditions, you may not use the website. The content on this website is provided as is \u2026 <a title=\"Legal notice\" class=\"read-more\" href=\"https:\/\/c-profil.se\/english\/rattsligt-meddelande\/\" aria-label=\"Read more about Legal Notice\">Read more<\/a><\/p>","protected":false},"author":1,"featured_media":0,"parent":0,"menu_order":0,"comment_status":"closed","ping_status":"closed","template":"elementor_header_footer","meta":{"_acf_changed":false,"cybocfi_hide_featured_image":"","footnotes":""},"class_list":["post-28624","page","type-page","status-publish"],"acf":[],"yoast_head":"<!-- This site is optimized with the Yoast SEO Premium plugin v27.3 (Yoast SEO v27.3) - https:\/\/yoast.com\/product\/yoast-seo-premium-wordpress\/ -->\n<title>R\u00e4ttsligt meddelande - C-Pro<\/title>\n<meta name=\"description\" content=\"H\u00e4r hittar ni alla R\u00e4ttsliga Villkor kallad Legal Notice f\u00f6r att anv\u00e4nda www.c-profil.se. Allt inneh\u00e5ll p\u00e5 denna webbplats har Copyright.\" \/>\n<meta name=\"robots\" content=\"index, follow, max-snippet:-1, max-image-preview:large, max-video-preview:-1\" \/>\n<link rel=\"canonical\" href=\"https:\/\/c-profil.se\/english\/legal-notice\/\" \/>\n<meta property=\"og:locale\" content=\"en_US\" \/>\n<meta property=\"og:type\" content=\"article\" \/>\n<meta property=\"og:title\" content=\"R\u00e4ttsligt meddelande - C-Pro\" \/>\n<meta property=\"og:description\" content=\"Kontakta oss Vad?H\u00e4r hittar du alla r\u00e4ttsliga villkor f\u00f6r att anv\u00e4nda www.c-profil.se.VillkorAllt inneh\u00e5ll p\u00e5 denna webbplats \u00e4r Copyright \u00a9 C-Profil\" \/>\n<meta property=\"og:url\" content=\"https:\/\/c-profil.se\/english\/legal-notice\/\" \/>\n<meta property=\"og:site_name\" content=\"C-Pro\" \/>\n<meta property=\"article:publisher\" content=\"https:\/\/www.facebook.com\/people\/C-Pro\/61561767306874\/\" \/>\n<meta property=\"article:modified_time\" content=\"2025-12-01T08:50:01+00:00\" \/>\n<meta property=\"og:image\" content=\"https:\/\/c-profil.se\/wp-content\/uploads\/2022\/03\/c-pro-logga-liggande-500x500-1.png\" \/>\n\t<meta property=\"og:image:width\" content=\"500\" \/>\n\t<meta property=\"og:image:height\" content=\"500\" \/>\n\t<meta property=\"og:image:type\" content=\"image\/png\" \/>\n<meta name=\"twitter:card\" content=\"summary_large_image\" \/>\n<meta name=\"twitter:label1\" content=\"Est. reading time\" \/>\n\t<meta name=\"twitter:data1\" content=\"2 minutes\" \/>\n<script type=\"application\/ld+json\" class=\"yoast-schema-graph\">{\"@context\":\"https:\\\/\\\/schema.org\",\"@graph\":[{\"@type\":\"WebPage\",\"@id\":\"https:\\\/\\\/c-profil.se\\\/rattsligt-meddelande\\\/\",\"url\":\"https:\\\/\\\/c-profil.se\\\/rattsligt-meddelande\\\/\",\"name\":\"R\u00e4ttsligt meddelande - C-Pro\",\"isPartOf\":{\"@id\":\"https:\\\/\\\/c-profil.se\\\/#website\"},\"datePublished\":\"2021-11-25T10:21:17+00:00\",\"dateModified\":\"2025-12-01T08:50:01+00:00\",\"description\":\"H\u00e4r hittar ni alla R\u00e4ttsliga Villkor kallad Legal Notice f\u00f6r att anv\u00e4nda www.c-profil.se. Allt inneh\u00e5ll p\u00e5 denna webbplats har Copyright.\",\"breadcrumb\":{\"@id\":\"https:\\\/\\\/c-profil.se\\\/rattsligt-meddelande\\\/#breadcrumb\"},\"inLanguage\":\"en\",\"potentialAction\":[{\"@type\":\"ReadAction\",\"target\":[\"https:\\\/\\\/c-profil.se\\\/rattsligt-meddelande\\\/\"]}]},{\"@type\":\"BreadcrumbList\",\"@id\":\"https:\\\/\\\/c-profil.se\\\/rattsligt-meddelande\\\/#breadcrumb\",\"itemListElement\":[{\"@type\":\"ListItem\",\"position\":1,\"name\":\"Hem\",\"item\":\"https:\\\/\\\/c-profil.se\\\/\"},{\"@type\":\"ListItem\",\"position\":2,\"name\":\"R\u00e4ttsligt meddelande\"}]},{\"@type\":\"WebSite\",\"@id\":\"https:\\\/\\\/c-profil.se\\\/#website\",\"url\":\"https:\\\/\\\/c-profil.se\\\/\",\"name\":\"C-Pro\",\"description\":\"Produkter f\u00f6r El och Automation\",\"publisher\":{\"@id\":\"https:\\\/\\\/c-profil.se\\\/#organization\"},\"potentialAction\":[{\"@type\":\"SearchAction\",\"target\":{\"@type\":\"EntryPoint\",\"urlTemplate\":\"https:\\\/\\\/c-profil.se\\\/?s={search_term_string}\"},\"query-input\":{\"@type\":\"PropertyValueSpecification\",\"valueRequired\":true,\"valueName\":\"search_term_string\"}}],\"inLanguage\":\"en\"},{\"@type\":\"Organization\",\"@id\":\"https:\\\/\\\/c-profil.se\\\/#organization\",\"name\":\"C-Pro\",\"alternateName\":\"C-PRO\",\"url\":\"https:\\\/\\\/c-profil.se\\\/\",\"logo\":{\"@type\":\"ImageObject\",\"inLanguage\":\"en\",\"@id\":\"https:\\\/\\\/c-profil.se\\\/#\\\/schema\\\/logo\\\/image\\\/\",\"url\":\"https:\\\/\\\/c-profil.se\\\/wp-content\\\/uploads\\\/2022\\\/03\\\/c-pro-logga-liggande-500x500-1.png\",\"contentUrl\":\"https:\\\/\\\/c-profil.se\\\/wp-content\\\/uploads\\\/2022\\\/03\\\/c-pro-logga-liggande-500x500-1.png\",\"width\":500,\"height\":500,\"caption\":\"C-Pro\"},\"image\":{\"@id\":\"https:\\\/\\\/c-profil.se\\\/#\\\/schema\\\/logo\\\/image\\\/\"},\"sameAs\":[\"https:\\\/\\\/www.facebook.com\\\/people\\\/C-Pro\\\/61561767306874\\\/\",\"https:\\\/\\\/www.linkedin.com\\\/company\\\/c-pro-ab\",\"https:\\\/\\\/www.instagram.com\\\/cpro.ab\\\/\"],\"description\":\"C-PRO AB \u00e4r en helt\u00e4ckande leverant\u00f6r av material f\u00f6r applikationer inom el och automation. \u00c4nda sedan starten 1987 har vi f\u00f6rsett den svenska tillverkande industrin med elmaterial. Trots v\u00e5r storlek och ledande position har vi aldrig \u00f6vergett v\u00e5r grundfilosofi, att vara en personlig leverant\u00f6r. Vi p\u00e5 C-PRO \u00e4r l\u00e4tta att komma i kontakt med, \u00e4rliga och brinner f\u00f6r att l\u00f6sa v\u00e5ra kunders problem.\",\"email\":\"info@c-profil.se\",\"telephone\":\"031575785\",\"legalName\":\"C-Profil F\u00f6rl\u00e4ggningsmaterial AB\",\"foundingDate\":\"1987-01-01\"}]}<\/script>\n<!-- \/ Yoast SEO Premium plugin. -->","yoast_head_json":{"title":"Legal notice - C-Pro","description":"Here you will find all the Legal Terms and Conditions called Legal Notice for using www.c-profil.se. All content on this website is Copyright.","robots":{"index":"index","follow":"follow","max-snippet":"max-snippet:-1","max-image-preview":"max-image-preview:large","max-video-preview":"max-video-preview:-1"},"canonical":"https:\/\/c-profil.se\/english\/legal-notice\/","og_locale":"en_US","og_type":"article","og_title":"R\u00e4ttsligt meddelande - C-Pro","og_description":"Kontakta oss Vad?H\u00e4r hittar du alla r\u00e4ttsliga villkor f\u00f6r att anv\u00e4nda www.c-profil.se.VillkorAllt inneh\u00e5ll p\u00e5 denna webbplats \u00e4r Copyright \u00a9 C-Profil","og_url":"https:\/\/c-profil.se\/english\/legal-notice\/","og_site_name":"C-Pro","article_publisher":"https:\/\/www.facebook.com\/people\/C-Pro\/61561767306874\/","article_modified_time":"2025-12-01T08:50:01+00:00","og_image":[{"width":500,"height":500,"url":"https:\/\/c-profil.se\/wp-content\/uploads\/2022\/03\/c-pro-logga-liggande-500x500-1.png","type":"image\/png"}],"twitter_card":"summary_large_image","twitter_misc":{"Est. reading time":"2 minutes"},"schema":{"@context":"https:\/\/schema.org","@graph":[{"@type":"WebPage","@id":"https:\/\/c-profil.se\/rattsligt-meddelande\/","url":"https:\/\/c-profil.se\/rattsligt-meddelande\/","name":"Legal notice - C-Pro","isPartOf":{"@id":"https:\/\/c-profil.se\/#website"},"datePublished":"2021-11-25T10:21:17+00:00","dateModified":"2025-12-01T08:50:01+00:00","description":"Here you will find all the Legal Terms and Conditions called Legal Notice for using www.c-profil.se. All content on this website is Copyright.","breadcrumb":{"@id":"https:\/\/c-profil.se\/rattsligt-meddelande\/#breadcrumb"},"inLanguage":"en","potentialAction":[{"@type":"ReadAction","target":["https:\/\/c-profil.se\/rattsligt-meddelande\/"]}]},{"@type":"BreadcrumbList","@id":"https:\/\/c-profil.se\/rattsligt-meddelande\/#breadcrumb","itemListElement":[{"@type":"ListItem","position":1,"name":"Hem","item":"https:\/\/c-profil.se\/"},{"@type":"ListItem","position":2,"name":"R\u00e4ttsligt meddelande"}]},{"@type":"WebSite","@id":"https:\/\/c-profil.se\/#website","url":"https:\/\/c-profil.se\/","name":"C-Pro","description":"Products for Electricity and Automation","publisher":{"@id":"https:\/\/c-profil.se\/#organization"},"potentialAction":[{"@type":"SearchAction","target":{"@type":"EntryPoint","urlTemplate":"https:\/\/c-profil.se\/?s={search_term_string}"},"query-input":{"@type":"PropertyValueSpecification","valueRequired":true,"valueName":"search_term_string"}}],"inLanguage":"en"},{"@type":"Organization","@id":"https:\/\/c-profil.se\/#organization","name":"C-Pro","alternateName":"C-PRO","url":"https:\/\/c-profil.se\/","logo":{"@type":"ImageObject","inLanguage":"en","@id":"https:\/\/c-profil.se\/#\/schema\/logo\/image\/","url":"https:\/\/c-profil.se\/wp-content\/uploads\/2022\/03\/c-pro-logga-liggande-500x500-1.png","contentUrl":"https:\/\/c-profil.se\/wp-content\/uploads\/2022\/03\/c-pro-logga-liggande-500x500-1.png","width":500,"height":500,"caption":"C-Pro"},"image":{"@id":"https:\/\/c-profil.se\/#\/schema\/logo\/image\/"},"sameAs":["https:\/\/www.facebook.com\/people\/C-Pro\/61561767306874\/","https:\/\/www.linkedin.com\/company\/c-pro-ab","https:\/\/www.instagram.com\/cpro.ab\/"],"description":"C-PRO AB is a comprehensive supplier of materials for applications in electricity and automation. Ever since the start in 1987, we have supplied the Swedish manufacturing industry with electrical materials. Despite our size and leading position, we have never abandoned our basic philosophy, to be a personal supplier. We at C-PRO are easy to get in touch with, honest and passionate about solving our customers&#039; problems.","email":"info@c-profil.se","telephone":"031575785","legalName":"C-Profil F\u00f6rl\u00e4ggningsmaterial AB","foundingDate":"1987-01-01"}]}},"_links":{"self":[{"href":"https:\/\/c-profil.se\/english\/wp-json\/wp\/v2\/pages\/28624","targetHints":{"allow":["GET"]}}],"collection":[{"href":"https:\/\/c-profil.se\/english\/wp-json\/wp\/v2\/pages"}],"about":[{"href":"https:\/\/c-profil.se\/english\/wp-json\/wp\/v2\/types\/page"}],"author":[{"embeddable":true,"href":"https:\/\/c-profil.se\/english\/wp-json\/wp\/v2\/users\/1"}],"replies":[{"embeddable":true,"href":"https:\/\/c-profil.se\/english\/wp-json\/wp\/v2\/comments?post=28624"}],"version-history":[{"count":10,"href":"https:\/\/c-profil.se\/english\/wp-json\/wp\/v2\/pages\/28624\/revisions"}],"predecessor-version":[{"id":68147,"href":"https:\/\/c-profil.se\/english\/wp-json\/wp\/v2\/pages\/28624\/revisions\/68147"}],"wp:attachment":[{"href":"https:\/\/c-profil.se\/english\/wp-json\/wp\/v2\/media?parent=28624"}],"curies":[{"name":"wp","href":"https:\/\/api.w.org\/{rel}","templated":true}]}}