{"id":23698,"date":"2020-10-08T13:53:20","date_gmt":"2020-10-08T13:53:20","guid":{"rendered":"https:\/\/c-profil.se\/?page_id=23698"},"modified":"2025-12-01T09:47:10","modified_gmt":"2025-12-01T08:47:10","slug":"privacy-policy-2","status":"publish","type":"page","link":"https:\/\/c-profil.se\/english\/integritetspolicy\/","title":{"rendered":"Privacy Policy"},"content":{"rendered":"<div data-elementor-type=\"wp-page\" data-elementor-id=\"23698\" class=\"elementor elementor-23698\" data-elementor-post-type=\"page\">\n\t\t\t\t<div class=\"elementor-element elementor-element-de2c0c2 e-con-full e-flex e-con e-parent\" data-id=\"de2c0c2\" data-element_type=\"container\" data-e-type=\"container\" data-settings=\"{&quot;background_background&quot;:&quot;classic&quot;}\">\n\t\t\t\t<div class=\"elementor-element elementor-element-f0e5fa3 elementor-widget-mobile__width-initial elementor-widget elementor-widget-heading\" data-id=\"f0e5fa3\" data-element_type=\"widget\" data-e-type=\"widget\" data-widget_type=\"heading.default\">\n\t\t\t\t\t<h1 class=\"elementor-heading-title elementor-size-default\">Privacy Policy<\/h1>\t\t\t\t<\/div>\n\t\t\t\t<div class=\"elementor-element elementor-element-88b7354 elementor-widget elementor-widget-spacer\" data-id=\"88b7354\" data-element_type=\"widget\" data-e-type=\"widget\" data-widget_type=\"spacer.default\">\n\t\t\t\t\t\t\t<div class=\"elementor-spacer\">\n\t\t\t<div class=\"elementor-spacer-inner\"><\/div>\n\t\t<\/div>\n\t\t\t\t\t\t<\/div>\n\t\t\t\t<div class=\"elementor-element elementor-element-1b80b0c elementor-align-center elementor-tablet-align-center elementor-widget elementor-widget-button\" data-id=\"1b80b0c\" data-element_type=\"widget\" data-e-type=\"widget\" aria-label=\"\" data-widget_type=\"button.default\">\n\t\t\t\t\t\t\t\t\t\t<a class=\"elementor-button elementor-button-link elementor-size-sm\" href=\"https:\/\/c-profil.se\/english\/kontakt\/\">\n\t\t\t\t\t\t<span class=\"elementor-button-content-wrapper\">\n\t\t\t\t\t\t\t\t\t<span class=\"elementor-button-text\">Contact Us<\/span>\n\t\t\t\t\t<\/span>\n\t\t\t\t\t<\/a>\n\t\t\t\t\t\t\t\t<\/div>\n\t\t\t\t<\/div>\n\t\t<div class=\"elementor-element elementor-element-871c360 e-con-full e-flex e-con e-parent\" data-id=\"871c360\" data-element_type=\"container\" data-e-type=\"container\">\n\t\t\t\t<div class=\"elementor-element elementor-element-b6455e9 elementor-widget elementor-widget-spacer\" data-id=\"b6455e9\" data-element_type=\"widget\" data-e-type=\"widget\" data-widget_type=\"spacer.default\">\n\t\t\t\t\t\t\t<div class=\"elementor-spacer\">\n\t\t\t<div class=\"elementor-spacer-inner\"><\/div>\n\t\t<\/div>\n\t\t\t\t\t\t<\/div>\n\t\t\t\t<div class=\"elementor-element elementor-element-e673b10 elementor-widget elementor-widget-text-editor\" data-id=\"e673b10\" data-element_type=\"widget\" data-e-type=\"widget\" data-widget_type=\"text-editor.default\">\n\t\t\t\t\t\t\t\t\t<h2>Who we are<\/h2><p>C-Profile Installation Material AB<br \/>Tagenev\u00e4gen 70<br \/>425 37 Hisings K\u00e4rra<br \/>Phone: 031-575785<br \/>Our website address is: <a href=\"https:\/\/c-profil.se\/english\/\">https:\/\/c-profil.se<\/a><\/p><h2>Why do we have a privacy policy?<\/h2><p>It is important to us at C-Profil AB to protect your personal privacy. We always strive to handle your personal data securely and comply with applicable data protection legislation. This policy explains how we collect, use and protect your personal data.<\/p><h2>What personal data do we collect \u2013 and why?<\/h2><p>We collect information when you make a purchase from us or interact with our customer service or via our contact form. Examples of personal information we may process:<\/p><ul><li>Name<\/li><li>Organization number<\/li><li>Contact information (email, phone, address)<\/li><\/ul><p>We also collect technical data such as:<\/p><ul><li>IP address<\/li><li>Language settings<\/li><li>Geographic location<\/li><li>Transaction and purchase history<\/li><li>User-generated data (e.g. clicks and page views)<\/li><\/ul><h2>Cookies<\/h2><p>We use cookies to improve your user experience and to offer you relevant content and marketing. A cookie is a small text file that is saved on your device when you visit our website.<\/p><p>Read more in our <a href=\"https:\/\/c-profil.se\/english\/cookie-policy\/\">cookie policy<\/a>. You can manage the use of cookies in your browser.<\/p><h3>Embedded content from other websites<\/h3><p>Articles on our website may contain embedded content (e.g. videos, images, articles) from external websites. This content behaves as if you had visited the other website directly. These websites may collect data about you, use cookies and track your interaction.<\/p><h2>Purposes of processing your personal data<\/h2><p>We process your personal data to:<\/p><ul><li>Deliver your orders<\/li><li>Manage invoicing and order confirmations<\/li><li>Offer a personalized experience through newsletters and offers<\/li><li>Improve our customer service, products and services<\/li><li>Collect statistics to identify trends<\/li><\/ul><h2>Legal basis for processing<\/h2><p>We process your personal data based on the following legal grounds:<\/p><ul><li>Fulfillment of contracts (e.g. purchase and delivery)<\/li><li>Legitimate interest (e.g. customer segmentation, analytics, marketing)<\/li><li>Consent (e.g. newsletter, direct marketing)<\/li><\/ul><p><b><br \/>Please note: You are not required to provide us with personal information, but if you choose not to do so, we cannot fulfill our agreements or obligations to you.<br \/><\/b><\/p><h3>Storage time<\/h3><p>Your information is not stored longer than necessary according to applicable laws, such as the Consumer Purchase Act or the Accounting Act.<\/p><h2>Your rights<\/h2><p>Under data protection legislation, you have the right to:<\/p><ul><li>Get information about what personal data we process about you<\/li><li>Request correction of incorrect or incomplete information<\/li><li>Request deletion (\u201dright to be forgotten\u201d)<\/li><li>Restrict processing in certain cases<\/li><li>Object to processing, e.g. in the case of direct marketing<\/li><li>Get your data in a machine-readable format (data portability)<\/li><\/ul><p>You also have the right to withdraw your consent at any time. If you have any complaints about our processing of your personal data, you can contact the Swedish Data Protection Authority via <a href=\"https:\/\/www.imy.se\">www.imy.se<\/a>.<\/p><h2>Contact details<\/h2><p>This policy was last updated on June 3, 2021. If you have any questions, please contact us:<\/p><p>C-Profile AB<br \/>Tagenev\u00e4gen 70<br \/>425 37 Hisings K\u00e4rra<br \/>Phone: 031-575785<br \/>Email: info@c-profil.se<\/p>\t\t\t\t\t\t\t\t<\/div>\n\t\t\t\t<div class=\"elementor-element elementor-element-3fc76a3 elementor-widget elementor-widget-spacer\" data-id=\"3fc76a3\" data-element_type=\"widget\" data-e-type=\"widget\" data-widget_type=\"spacer.default\">\n\t\t\t\t\t\t\t<div class=\"elementor-spacer\">\n\t\t\t<div class=\"elementor-spacer-inner\"><\/div>\n\t\t<\/div>\n\t\t\t\t\t\t<\/div>\n\t\t\t\t<\/div>\n\t\t\t\t<\/div>","protected":false},"excerpt":{"rendered":"<p>Contact us Who we are C-Profil F\u00f6rl\u00e4ggningsmaterial ABTagenev\u00e4gen 70425 37 Hisings K\u00e4rraPhone: 031-575785Our website address is: https:\/\/c-profil.se Why do we have a privacy policy? It is important to us at C-Profil AB to protect your personal privacy. We always strive to handle your personal data securely and comply with applicable data protection legislation. This policy explains how \u2026 <a title=\"Privacy Policy\" class=\"read-more\" href=\"https:\/\/c-profil.se\/english\/integritetspolicy\/\" aria-label=\"Read more about Privacy Policy\">Read more<\/a><\/p>","protected":false},"author":1,"featured_media":0,"parent":0,"menu_order":0,"comment_status":"closed","ping_status":"closed","template":"elementor_header_footer","meta":{"_acf_changed":false,"footnotes":""},"class_list":["post-23698","page","type-page","status-publish"],"acf":[],"yoast_head":"<!-- This site is optimized with the Yoast SEO Premium plugin v27.3 (Yoast SEO v27.3) - https:\/\/yoast.com\/product\/yoast-seo-premium-wordpress\/ -->\n<title>Integritetspolicy - C-Pro<\/title>\n<meta name=\"description\" content=\"C-Profil AB skyddar din integritet. Vi str\u00e4var alltid efter att skydda dina personuppgifter p\u00e5 b\u00e4sta s\u00e4tt, genom v\u00e5r integritetspolicy.\" \/>\n<meta name=\"robots\" content=\"index, follow, max-snippet:-1, max-image-preview:large, max-video-preview:-1\" \/>\n<link rel=\"canonical\" href=\"https:\/\/c-profil.se\/english\/privacy-policy-2\/\" \/>\n<meta property=\"og:locale\" content=\"en_US\" \/>\n<meta property=\"og:type\" content=\"article\" \/>\n<meta property=\"og:title\" content=\"Integritetspolicy - C-Pro\" \/>\n<meta property=\"og:description\" content=\"Kontakta oss Vilka vi \u00e4rC-Profil F\u00f6rl\u00e4ggningsmaterial ABTagenev\u00e4gen 70425 37 Hisings K\u00e4rraTelefon: 031-575785V\u00e5r webbplatsadress \u00e4r:\" \/>\n<meta property=\"og:url\" content=\"https:\/\/c-profil.se\/english\/privacy-policy-2\/\" \/>\n<meta property=\"og:site_name\" content=\"C-Pro\" \/>\n<meta property=\"article:publisher\" content=\"https:\/\/www.facebook.com\/people\/C-Pro\/61561767306874\/\" \/>\n<meta property=\"article:modified_time\" content=\"2025-12-01T08:47:10+00:00\" \/>\n<meta property=\"og:image\" content=\"https:\/\/c-profil.se\/wp-content\/uploads\/2022\/03\/c-pro-logga-liggande-500x500-1.png\" \/>\n\t<meta property=\"og:image:width\" content=\"500\" \/>\n\t<meta property=\"og:image:height\" content=\"500\" \/>\n\t<meta property=\"og:image:type\" content=\"image\/png\" \/>\n<meta name=\"twitter:card\" content=\"summary_large_image\" \/>\n<meta name=\"twitter:label1\" content=\"Est. reading time\" \/>\n\t<meta name=\"twitter:data1\" content=\"3 minutes\" \/>\n<script type=\"application\/ld+json\" class=\"yoast-schema-graph\">{\"@context\":\"https:\\\/\\\/schema.org\",\"@graph\":[{\"@type\":\"WebPage\",\"@id\":\"https:\\\/\\\/c-profil.se\\\/integritetspolicy\\\/\",\"url\":\"https:\\\/\\\/c-profil.se\\\/integritetspolicy\\\/\",\"name\":\"Integritetspolicy - C-Pro\",\"isPartOf\":{\"@id\":\"https:\\\/\\\/c-profil.se\\\/#website\"},\"datePublished\":\"2020-10-08T13:53:20+00:00\",\"dateModified\":\"2025-12-01T08:47:10+00:00\",\"description\":\"C-Profil AB skyddar din integritet. Vi str\u00e4var alltid efter att skydda dina personuppgifter p\u00e5 b\u00e4sta s\u00e4tt, genom v\u00e5r integritetspolicy.\",\"breadcrumb\":{\"@id\":\"https:\\\/\\\/c-profil.se\\\/integritetspolicy\\\/#breadcrumb\"},\"inLanguage\":\"en\",\"potentialAction\":[{\"@type\":\"ReadAction\",\"target\":[\"https:\\\/\\\/c-profil.se\\\/integritetspolicy\\\/\"]}]},{\"@type\":\"BreadcrumbList\",\"@id\":\"https:\\\/\\\/c-profil.se\\\/integritetspolicy\\\/#breadcrumb\",\"itemListElement\":[{\"@type\":\"ListItem\",\"position\":1,\"name\":\"Hem\",\"item\":\"https:\\\/\\\/c-profil.se\\\/\"},{\"@type\":\"ListItem\",\"position\":2,\"name\":\"Integritetspolicy\"}]},{\"@type\":\"WebSite\",\"@id\":\"https:\\\/\\\/c-profil.se\\\/#website\",\"url\":\"https:\\\/\\\/c-profil.se\\\/\",\"name\":\"C-Pro\",\"description\":\"Produkter f\u00f6r El och Automation\",\"publisher\":{\"@id\":\"https:\\\/\\\/c-profil.se\\\/#organization\"},\"potentialAction\":[{\"@type\":\"SearchAction\",\"target\":{\"@type\":\"EntryPoint\",\"urlTemplate\":\"https:\\\/\\\/c-profil.se\\\/?s={search_term_string}\"},\"query-input\":{\"@type\":\"PropertyValueSpecification\",\"valueRequired\":true,\"valueName\":\"search_term_string\"}}],\"inLanguage\":\"en\"},{\"@type\":\"Organization\",\"@id\":\"https:\\\/\\\/c-profil.se\\\/#organization\",\"name\":\"C-Pro\",\"alternateName\":\"C-PRO\",\"url\":\"https:\\\/\\\/c-profil.se\\\/\",\"logo\":{\"@type\":\"ImageObject\",\"inLanguage\":\"en\",\"@id\":\"https:\\\/\\\/c-profil.se\\\/#\\\/schema\\\/logo\\\/image\\\/\",\"url\":\"https:\\\/\\\/c-profil.se\\\/wp-content\\\/uploads\\\/2022\\\/03\\\/c-pro-logga-liggande-500x500-1.png\",\"contentUrl\":\"https:\\\/\\\/c-profil.se\\\/wp-content\\\/uploads\\\/2022\\\/03\\\/c-pro-logga-liggande-500x500-1.png\",\"width\":500,\"height\":500,\"caption\":\"C-Pro\"},\"image\":{\"@id\":\"https:\\\/\\\/c-profil.se\\\/#\\\/schema\\\/logo\\\/image\\\/\"},\"sameAs\":[\"https:\\\/\\\/www.facebook.com\\\/people\\\/C-Pro\\\/61561767306874\\\/\",\"https:\\\/\\\/www.linkedin.com\\\/company\\\/c-pro-ab\",\"https:\\\/\\\/www.instagram.com\\\/cpro.ab\\\/\"],\"description\":\"C-PRO AB \u00e4r en helt\u00e4ckande leverant\u00f6r av material f\u00f6r applikationer inom el och automation. \u00c4nda sedan starten 1987 har vi f\u00f6rsett den svenska tillverkande industrin med elmaterial. Trots v\u00e5r storlek och ledande position har vi aldrig \u00f6vergett v\u00e5r grundfilosofi, att vara en personlig leverant\u00f6r. Vi p\u00e5 C-PRO \u00e4r l\u00e4tta att komma i kontakt med, \u00e4rliga och brinner f\u00f6r att l\u00f6sa v\u00e5ra kunders problem.\",\"email\":\"info@c-profil.se\",\"telephone\":\"031575785\",\"legalName\":\"C-Profil F\u00f6rl\u00e4ggningsmaterial AB\",\"foundingDate\":\"1987-01-01\"}]}<\/script>\n<!-- \/ Yoast SEO Premium plugin. -->","yoast_head_json":{"title":"Privacy Policy - C-Pro","description":"C-Profil AB protects your privacy. We always strive to protect your personal data in the best possible way, through our privacy policy.","robots":{"index":"index","follow":"follow","max-snippet":"max-snippet:-1","max-image-preview":"max-image-preview:large","max-video-preview":"max-video-preview:-1"},"canonical":"https:\/\/c-profil.se\/english\/privacy-policy-2\/","og_locale":"en_US","og_type":"article","og_title":"Integritetspolicy - C-Pro","og_description":"Kontakta oss Vilka vi \u00e4rC-Profil F\u00f6rl\u00e4ggningsmaterial ABTagenev\u00e4gen 70425 37 Hisings K\u00e4rraTelefon: 031-575785V\u00e5r webbplatsadress \u00e4r:","og_url":"https:\/\/c-profil.se\/english\/privacy-policy-2\/","og_site_name":"C-Pro","article_publisher":"https:\/\/www.facebook.com\/people\/C-Pro\/61561767306874\/","article_modified_time":"2025-12-01T08:47:10+00:00","og_image":[{"width":500,"height":500,"url":"https:\/\/c-profil.se\/wp-content\/uploads\/2022\/03\/c-pro-logga-liggande-500x500-1.png","type":"image\/png"}],"twitter_card":"summary_large_image","twitter_misc":{"Est. reading time":"3 minutes"},"schema":{"@context":"https:\/\/schema.org","@graph":[{"@type":"WebPage","@id":"https:\/\/c-profil.se\/integritetspolicy\/","url":"https:\/\/c-profil.se\/integritetspolicy\/","name":"Privacy Policy - C-Pro","isPartOf":{"@id":"https:\/\/c-profil.se\/#website"},"datePublished":"2020-10-08T13:53:20+00:00","dateModified":"2025-12-01T08:47:10+00:00","description":"C-Profil AB protects your privacy. We always strive to protect your personal data in the best possible way, through our privacy policy.","breadcrumb":{"@id":"https:\/\/c-profil.se\/integritetspolicy\/#breadcrumb"},"inLanguage":"en","potentialAction":[{"@type":"ReadAction","target":["https:\/\/c-profil.se\/integritetspolicy\/"]}]},{"@type":"BreadcrumbList","@id":"https:\/\/c-profil.se\/integritetspolicy\/#breadcrumb","itemListElement":[{"@type":"ListItem","position":1,"name":"Hem","item":"https:\/\/c-profil.se\/"},{"@type":"ListItem","position":2,"name":"Integritetspolicy"}]},{"@type":"WebSite","@id":"https:\/\/c-profil.se\/#website","url":"https:\/\/c-profil.se\/","name":"C-Pro","description":"Products for Electricity and Automation","publisher":{"@id":"https:\/\/c-profil.se\/#organization"},"potentialAction":[{"@type":"SearchAction","target":{"@type":"EntryPoint","urlTemplate":"https:\/\/c-profil.se\/?s={search_term_string}"},"query-input":{"@type":"PropertyValueSpecification","valueRequired":true,"valueName":"search_term_string"}}],"inLanguage":"en"},{"@type":"Organization","@id":"https:\/\/c-profil.se\/#organization","name":"C-Pro","alternateName":"C-PRO","url":"https:\/\/c-profil.se\/","logo":{"@type":"ImageObject","inLanguage":"en","@id":"https:\/\/c-profil.se\/#\/schema\/logo\/image\/","url":"https:\/\/c-profil.se\/wp-content\/uploads\/2022\/03\/c-pro-logga-liggande-500x500-1.png","contentUrl":"https:\/\/c-profil.se\/wp-content\/uploads\/2022\/03\/c-pro-logga-liggande-500x500-1.png","width":500,"height":500,"caption":"C-Pro"},"image":{"@id":"https:\/\/c-profil.se\/#\/schema\/logo\/image\/"},"sameAs":["https:\/\/www.facebook.com\/people\/C-Pro\/61561767306874\/","https:\/\/www.linkedin.com\/company\/c-pro-ab","https:\/\/www.instagram.com\/cpro.ab\/"],"description":"C-PRO AB is a comprehensive supplier of materials for applications in electricity and automation. Ever since the start in 1987, we have supplied the Swedish manufacturing industry with electrical materials. Despite our size and leading position, we have never abandoned our basic philosophy, to be a personal supplier. We at C-PRO are easy to get in touch with, honest and passionate about solving our customers&#039; problems.","email":"info@c-profil.se","telephone":"031575785","legalName":"C-Profil F\u00f6rl\u00e4ggningsmaterial AB","foundingDate":"1987-01-01"}]}},"_links":{"self":[{"href":"https:\/\/c-profil.se\/english\/wp-json\/wp\/v2\/pages\/23698","targetHints":{"allow":["GET"]}}],"collection":[{"href":"https:\/\/c-profil.se\/english\/wp-json\/wp\/v2\/pages"}],"about":[{"href":"https:\/\/c-profil.se\/english\/wp-json\/wp\/v2\/types\/page"}],"author":[{"embeddable":true,"href":"https:\/\/c-profil.se\/english\/wp-json\/wp\/v2\/users\/1"}],"replies":[{"embeddable":true,"href":"https:\/\/c-profil.se\/english\/wp-json\/wp\/v2\/comments?post=23698"}],"version-history":[{"count":10,"href":"https:\/\/c-profil.se\/english\/wp-json\/wp\/v2\/pages\/23698\/revisions"}],"predecessor-version":[{"id":68136,"href":"https:\/\/c-profil.se\/english\/wp-json\/wp\/v2\/pages\/23698\/revisions\/68136"}],"wp:attachment":[{"href":"https:\/\/c-profil.se\/english\/wp-json\/wp\/v2\/media?parent=23698"}],"curies":[{"name":"wp","href":"https:\/\/api.w.org\/{rel}","templated":true}]}}