{"id":23689,"date":"2020-10-08T13:22:17","date_gmt":"2020-10-08T13:22:17","guid":{"rendered":"https:\/\/c-profil.se\/?page_id=23689"},"modified":"2025-12-09T15:05:40","modified_gmt":"2025-12-09T14:05:40","slug":"code-of-conduct-2","status":"publish","type":"page","link":"https:\/\/c-profil.se\/english\/uppforandekod\/","title":{"rendered":"Code Of Conduct"},"content":{"rendered":"<div data-elementor-type=\"wp-page\" data-elementor-id=\"23689\" class=\"elementor elementor-23689\" data-elementor-post-type=\"page\">\n\t\t\t\t<div class=\"elementor-element elementor-element-d536cf1 e-con-full e-flex e-con e-parent\" data-id=\"d536cf1\" data-element_type=\"container\" data-e-type=\"container\" data-settings=\"{&quot;background_background&quot;:&quot;classic&quot;}\">\n\t\t\t\t<div class=\"elementor-element elementor-element-721d6ab elementor-widget-mobile__width-initial elementor-widget elementor-widget-heading\" data-id=\"721d6ab\" data-element_type=\"widget\" data-e-type=\"widget\" data-widget_type=\"heading.default\">\n\t\t\t\t\t<h1 class=\"elementor-heading-title elementor-size-default\">Code Of Conduct<\/h1>\t\t\t\t<\/div>\n\t\t\t\t<div class=\"elementor-element elementor-element-88690e5 elementor-widget elementor-widget-spacer\" data-id=\"88690e5\" data-element_type=\"widget\" data-e-type=\"widget\" data-widget_type=\"spacer.default\">\n\t\t\t\t\t\t\t<div class=\"elementor-spacer\">\n\t\t\t<div class=\"elementor-spacer-inner\"><\/div>\n\t\t<\/div>\n\t\t\t\t\t\t<\/div>\n\t\t\t\t<div class=\"elementor-element elementor-element-87fe29f elementor-align-center elementor-tablet-align-center elementor-widget elementor-widget-button\" data-id=\"87fe29f\" data-element_type=\"widget\" data-e-type=\"widget\" aria-label=\"\" data-widget_type=\"button.default\">\n\t\t\t\t\t\t\t\t\t\t<a class=\"elementor-button elementor-button-link elementor-size-sm\" href=\"https:\/\/c-profil.se\/english\/kontakt\/\">\n\t\t\t\t\t\t<span class=\"elementor-button-content-wrapper\">\n\t\t\t\t\t\t\t\t\t<span class=\"elementor-button-text\">Contact Us<\/span>\n\t\t\t\t\t<\/span>\n\t\t\t\t\t<\/a>\n\t\t\t\t\t\t\t\t<\/div>\n\t\t\t\t<\/div>\n\t\t<div class=\"elementor-element elementor-element-1dc08ff e-con-full e-flex e-con e-parent\" data-id=\"1dc08ff\" data-element_type=\"container\" data-e-type=\"container\">\n\t\t\t\t<div class=\"elementor-element elementor-element-4c46fda elementor-widget elementor-widget-spacer\" data-id=\"4c46fda\" data-element_type=\"widget\" data-e-type=\"widget\" data-widget_type=\"spacer.default\">\n\t\t\t\t\t\t\t<div class=\"elementor-spacer\">\n\t\t\t<div class=\"elementor-spacer-inner\"><\/div>\n\t\t<\/div>\n\t\t\t\t\t\t<\/div>\n\t\t\t\t<div class=\"elementor-element elementor-element-4bc7342 elementor-widget elementor-widget-text-editor\" data-id=\"4bc7342\" data-element_type=\"widget\" data-e-type=\"widget\" data-widget_type=\"text-editor.default\">\n\t\t\t\t\t\t\t\t\t<p>We at C-PRO are proud of the values \u200b\u200bwe live by, our Code of Conduct. Committed colleagues who share our strong values \u200b\u200bmake us a successful company. We want to build a trust with employees, partners and customers that allows us to feel proud while strengthening our brand.<\/p><h2>Caring for the environment and life<\/h2><p>We care about both people and the environment. We promote health and well-being and we take initiatives for environmentally friendly solutions and strive to reduce our environmental impact in order to take responsibility for future generations. We constantly strive to develop a work environment that promotes health, safety and well-being.<\/p><h2>Ethical behavior<\/h2><p>We cherish a work climate where everyone is allowed to speak and where all individuals are fully respected. Our code of conduct and expected behavior are based on our values, which are based on human rights. We support the rights expressed in the Universal Declaration of Human Rights.<\/p>\t\t\t\t\t\t\t\t<\/div>\n\t\t\t\t<div class=\"elementor-element elementor-element-a229ae9 elementor-widget elementor-widget-spacer\" data-id=\"a229ae9\" data-element_type=\"widget\" data-e-type=\"widget\" data-widget_type=\"spacer.default\">\n\t\t\t\t\t\t\t<div class=\"elementor-spacer\">\n\t\t\t<div class=\"elementor-spacer-inner\"><\/div>\n\t\t<\/div>\n\t\t\t\t\t\t<\/div>\n\t\t\t\t<div class=\"elementor-element elementor-element-867ef3a elementor-widget elementor-widget-heading\" data-id=\"867ef3a\" data-element_type=\"widget\" data-e-type=\"widget\" data-widget_type=\"heading.default\">\n\t\t\t\t\t<h2 class=\"elementor-heading-title elementor-size-default\">Values in working relationships with customers and suppliers<\/h2>\t\t\t\t<\/div>\n\t\t\t\t<\/div>\n\t\t<div class=\"elementor-element elementor-element-0099aab e-con-full e-flex e-con e-parent\" data-id=\"0099aab\" data-element_type=\"container\" data-e-type=\"container\">\n\t\t<div class=\"elementor-element elementor-element-a072d08 e-con-full e-flex e-con e-child\" data-id=\"a072d08\" data-element_type=\"container\" data-e-type=\"container\">\n\t\t\t\t<div class=\"elementor-element elementor-element-17fdb76 elementor-widget elementor-widget-heading\" data-id=\"17fdb76\" data-element_type=\"widget\" data-e-type=\"widget\" data-widget_type=\"heading.default\">\n\t\t\t\t\t<h3 class=\"elementor-heading-title elementor-size-default\">Keyword<\/h3>\t\t\t\t<\/div>\n\t\t\t\t<div class=\"elementor-element elementor-element-55e787c elementor-widget elementor-widget-text-editor\" data-id=\"55e787c\" data-element_type=\"widget\" data-e-type=\"widget\" data-widget_type=\"text-editor.default\">\n\t\t\t\t\t\t\t\t\t<p><strong>QUALITY<br \/><\/strong>Always strive to exceed customers' expectations of quality and service.<\/p><p><strong>HUMILITY<br \/><\/strong>With us, everyone is important, everyone's opinion is respected and everyone should feel involved in our success.<\/p><p><strong>VIGILANCE<br \/><\/strong>Responsive to customers' needs and desires.<\/p><p><strong>PRIDE<br \/><\/strong>We will be good ambassadors when we represent C-PRO.<\/p><p><strong>CURIOSITY<br \/><\/strong>Interest in developing the company and ourselves.<strong><br \/><\/strong><\/p>\t\t\t\t\t\t\t\t<\/div>\n\t\t\t\t<\/div>\n\t\t<div class=\"elementor-element elementor-element-16cac87 e-con-full e-flex e-con e-child\" data-id=\"16cac87\" data-element_type=\"container\" data-e-type=\"container\">\n\t\t\t\t<div class=\"elementor-element elementor-element-dc74a99 elementor-widget elementor-widget-heading\" data-id=\"dc74a99\" data-element_type=\"widget\" data-e-type=\"widget\" data-widget_type=\"heading.default\">\n\t\t\t\t\t<h3 class=\"elementor-heading-title elementor-size-default\">Core values<\/h3>\t\t\t\t<\/div>\n\t\t\t\t<div class=\"elementor-element elementor-element-044bd39 elementor-widget elementor-widget-text-editor\" data-id=\"044bd39\" data-element_type=\"widget\" data-e-type=\"widget\" data-widget_type=\"text-editor.default\">\n\t\t\t\t\t\t\t\t\t<p><strong>PERSONALITY<br \/><\/strong>We will be the personal company. By having honest and trusting communication with our customers and suppliers, we want to create good and long-lasting relationships.<\/p><p><strong>RELIABILITY<br \/><\/strong>Our customers should feel secure in hiring us. This is because we demonstrate great competence and understanding of each customer's wishes. We must have good planning and keep what we promise.<\/p><p><strong>DEVELOPMENT<br \/><\/strong>We must be flexible and constantly evolve by keeping up to date with how the market is changing and keeping our customers and ourselves informed about the development of our products.<\/p>\t\t\t\t\t\t\t\t<\/div>\n\t\t\t\t<\/div>\n\t\t\t\t<\/div>\n\t\t<div class=\"elementor-element elementor-element-de83cb2 e-con-full e-flex e-con e-parent\" data-id=\"de83cb2\" data-element_type=\"container\" data-e-type=\"container\">\n\t\t\t\t<div class=\"elementor-element elementor-element-2bb7c1b elementor-widget elementor-widget-spacer\" data-id=\"2bb7c1b\" data-element_type=\"widget\" data-e-type=\"widget\" data-widget_type=\"spacer.default\">\n\t\t\t\t\t\t\t<div class=\"elementor-spacer\">\n\t\t\t<div class=\"elementor-spacer-inner\"><\/div>\n\t\t<\/div>\n\t\t\t\t\t\t<\/div>\n\t\t\t\t<\/div>\n\t\t\t\t<\/div>","protected":false},"excerpt":{"rendered":"<p>Contact us We at C-PRO are proud of the values we live by, our Code of Conduct. Committed colleagues who share our strong values make us a successful company. We want to build trust with employees, partners and customers that makes us feel proud while strengthening our brand. Protecting the environment \u2026 <a title=\"Code Of Conduct\" class=\"read-more\" href=\"https:\/\/c-profil.se\/english\/uppforandekod\/\" aria-label=\"Read more about Code of Conduct\">Read more<\/a><\/p>","protected":false},"author":1,"featured_media":0,"parent":0,"menu_order":0,"comment_status":"closed","ping_status":"closed","template":"elementor_header_footer","meta":{"_acf_changed":false,"footnotes":""},"class_list":["post-23689","page","type-page","status-publish"],"acf":[],"yoast_head":"<!-- This site is optimized with the Yoast SEO Premium plugin v27.3 (Yoast SEO v27.3) - https:\/\/yoast.com\/product\/yoast-seo-premium-wordpress\/ -->\n<title>Uppf\u00f6randekod - C-Pro<\/title>\n<meta name=\"description\" content=\"C-PRO \u00e4r stolta \u00f6ver de v\u00e4rderingar vi lever efter, v\u00e5r uppf\u00f6randekod. Engagerade kollegor g\u00f6r oss till ett framg\u00e5ngsrikt f\u00f6retag.\" \/>\n<meta name=\"robots\" content=\"index, follow, max-snippet:-1, max-image-preview:large, max-video-preview:-1\" \/>\n<link rel=\"canonical\" href=\"https:\/\/c-profil.se\/english\/code-of-conduct-2\/\" \/>\n<meta property=\"og:locale\" content=\"en_US\" \/>\n<meta property=\"og:type\" content=\"article\" \/>\n<meta property=\"og:title\" content=\"Uppf\u00f6randekod - C-Pro\" \/>\n<meta property=\"og:description\" content=\"Kontakta oss Vi p\u00e5 C-PRO \u00e4r stolta \u00f6ver de v\u00e4rderingar vi lever efter, v\u00e5r Uppf\u00f6randekod. Engagerade kollegor som delar v\u00e5ra starka v\u00e4rderingar g\u00f6r oss\" \/>\n<meta property=\"og:url\" content=\"https:\/\/c-profil.se\/english\/code-of-conduct-2\/\" \/>\n<meta property=\"og:site_name\" content=\"C-Pro\" \/>\n<meta property=\"article:publisher\" content=\"https:\/\/www.facebook.com\/people\/C-Pro\/61561767306874\/\" \/>\n<meta property=\"article:modified_time\" content=\"2025-12-09T14:05:40+00:00\" \/>\n<meta property=\"og:image\" content=\"https:\/\/c-profil.se\/wp-content\/uploads\/2022\/03\/c-pro-logga-liggande-500x500-1.png\" \/>\n\t<meta property=\"og:image:width\" content=\"500\" \/>\n\t<meta property=\"og:image:height\" content=\"500\" \/>\n\t<meta property=\"og:image:type\" content=\"image\/png\" \/>\n<meta name=\"twitter:card\" content=\"summary_large_image\" \/>\n<meta name=\"twitter:label1\" content=\"Est. reading time\" \/>\n\t<meta name=\"twitter:data1\" content=\"2 minutes\" \/>\n<script type=\"application\/ld+json\" class=\"yoast-schema-graph\">{\"@context\":\"https:\\\/\\\/schema.org\",\"@graph\":[{\"@type\":\"WebPage\",\"@id\":\"https:\\\/\\\/c-profil.se\\\/uppforandekod\\\/\",\"url\":\"https:\\\/\\\/c-profil.se\\\/uppforandekod\\\/\",\"name\":\"Uppf\u00f6randekod - C-Pro\",\"isPartOf\":{\"@id\":\"https:\\\/\\\/c-profil.se\\\/#website\"},\"datePublished\":\"2020-10-08T13:22:17+00:00\",\"dateModified\":\"2025-12-09T14:05:40+00:00\",\"description\":\"C-PRO \u00e4r stolta \u00f6ver de v\u00e4rderingar vi lever efter, v\u00e5r uppf\u00f6randekod. Engagerade kollegor g\u00f6r oss till ett framg\u00e5ngsrikt f\u00f6retag.\",\"breadcrumb\":{\"@id\":\"https:\\\/\\\/c-profil.se\\\/uppforandekod\\\/#breadcrumb\"},\"inLanguage\":\"en\",\"potentialAction\":[{\"@type\":\"ReadAction\",\"target\":[\"https:\\\/\\\/c-profil.se\\\/uppforandekod\\\/\"]}]},{\"@type\":\"BreadcrumbList\",\"@id\":\"https:\\\/\\\/c-profil.se\\\/uppforandekod\\\/#breadcrumb\",\"itemListElement\":[{\"@type\":\"ListItem\",\"position\":1,\"name\":\"Hem\",\"item\":\"https:\\\/\\\/c-profil.se\\\/\"},{\"@type\":\"ListItem\",\"position\":2,\"name\":\"Uppf\u00f6randekod\"}]},{\"@type\":\"WebSite\",\"@id\":\"https:\\\/\\\/c-profil.se\\\/#website\",\"url\":\"https:\\\/\\\/c-profil.se\\\/\",\"name\":\"C-Pro\",\"description\":\"Produkter f\u00f6r El och Automation\",\"publisher\":{\"@id\":\"https:\\\/\\\/c-profil.se\\\/#organization\"},\"potentialAction\":[{\"@type\":\"SearchAction\",\"target\":{\"@type\":\"EntryPoint\",\"urlTemplate\":\"https:\\\/\\\/c-profil.se\\\/?s={search_term_string}\"},\"query-input\":{\"@type\":\"PropertyValueSpecification\",\"valueRequired\":true,\"valueName\":\"search_term_string\"}}],\"inLanguage\":\"en\"},{\"@type\":\"Organization\",\"@id\":\"https:\\\/\\\/c-profil.se\\\/#organization\",\"name\":\"C-Pro\",\"alternateName\":\"C-PRO\",\"url\":\"https:\\\/\\\/c-profil.se\\\/\",\"logo\":{\"@type\":\"ImageObject\",\"inLanguage\":\"en\",\"@id\":\"https:\\\/\\\/c-profil.se\\\/#\\\/schema\\\/logo\\\/image\\\/\",\"url\":\"https:\\\/\\\/c-profil.se\\\/wp-content\\\/uploads\\\/2022\\\/03\\\/c-pro-logga-liggande-500x500-1.png\",\"contentUrl\":\"https:\\\/\\\/c-profil.se\\\/wp-content\\\/uploads\\\/2022\\\/03\\\/c-pro-logga-liggande-500x500-1.png\",\"width\":500,\"height\":500,\"caption\":\"C-Pro\"},\"image\":{\"@id\":\"https:\\\/\\\/c-profil.se\\\/#\\\/schema\\\/logo\\\/image\\\/\"},\"sameAs\":[\"https:\\\/\\\/www.facebook.com\\\/people\\\/C-Pro\\\/61561767306874\\\/\",\"https:\\\/\\\/www.linkedin.com\\\/company\\\/c-pro-ab\",\"https:\\\/\\\/www.instagram.com\\\/cpro.ab\\\/\"],\"description\":\"C-PRO AB \u00e4r en helt\u00e4ckande leverant\u00f6r av material f\u00f6r applikationer inom el och automation. \u00c4nda sedan starten 1987 har vi f\u00f6rsett den svenska tillverkande industrin med elmaterial. Trots v\u00e5r storlek och ledande position har vi aldrig \u00f6vergett v\u00e5r grundfilosofi, att vara en personlig leverant\u00f6r. Vi p\u00e5 C-PRO \u00e4r l\u00e4tta att komma i kontakt med, \u00e4rliga och brinner f\u00f6r att l\u00f6sa v\u00e5ra kunders problem.\",\"email\":\"info@c-profil.se\",\"telephone\":\"031575785\",\"legalName\":\"C-Profil F\u00f6rl\u00e4ggningsmaterial AB\",\"foundingDate\":\"1987-01-01\"}]}<\/script>\n<!-- \/ Yoast SEO Premium plugin. -->","yoast_head_json":{"title":"Code Of Conduct","description":"C-PRO is proud of the values \u200b\u200bwe live by, our code of conduct. Committed colleagues make us a successful company.","robots":{"index":"index","follow":"follow","max-snippet":"max-snippet:-1","max-image-preview":"max-image-preview:large","max-video-preview":"max-video-preview:-1"},"canonical":"https:\/\/c-profil.se\/english\/code-of-conduct-2\/","og_locale":"en_US","og_type":"article","og_title":"Uppf\u00f6randekod - C-Pro","og_description":"Kontakta oss Vi p\u00e5 C-PRO \u00e4r stolta \u00f6ver de v\u00e4rderingar vi lever efter, v\u00e5r Uppf\u00f6randekod. Engagerade kollegor som delar v\u00e5ra starka v\u00e4rderingar g\u00f6r oss","og_url":"https:\/\/c-profil.se\/english\/code-of-conduct-2\/","og_site_name":"C-Pro","article_publisher":"https:\/\/www.facebook.com\/people\/C-Pro\/61561767306874\/","article_modified_time":"2025-12-09T14:05:40+00:00","og_image":[{"width":500,"height":500,"url":"https:\/\/c-profil.se\/wp-content\/uploads\/2022\/03\/c-pro-logga-liggande-500x500-1.png","type":"image\/png"}],"twitter_card":"summary_large_image","twitter_misc":{"Est. reading time":"2 minutes"},"schema":{"@context":"https:\/\/schema.org","@graph":[{"@type":"WebPage","@id":"https:\/\/c-profil.se\/uppforandekod\/","url":"https:\/\/c-profil.se\/uppforandekod\/","name":"Code Of Conduct","isPartOf":{"@id":"https:\/\/c-profil.se\/#website"},"datePublished":"2020-10-08T13:22:17+00:00","dateModified":"2025-12-09T14:05:40+00:00","description":"C-PRO is proud of the values \u200b\u200bwe live by, our code of conduct. Committed colleagues make us a successful company.","breadcrumb":{"@id":"https:\/\/c-profil.se\/uppforandekod\/#breadcrumb"},"inLanguage":"en","potentialAction":[{"@type":"ReadAction","target":["https:\/\/c-profil.se\/uppforandekod\/"]}]},{"@type":"BreadcrumbList","@id":"https:\/\/c-profil.se\/uppforandekod\/#breadcrumb","itemListElement":[{"@type":"ListItem","position":1,"name":"Hem","item":"https:\/\/c-profil.se\/"},{"@type":"ListItem","position":2,"name":"Uppf\u00f6randekod"}]},{"@type":"WebSite","@id":"https:\/\/c-profil.se\/#website","url":"https:\/\/c-profil.se\/","name":"C-Pro","description":"Products for Electricity and Automation","publisher":{"@id":"https:\/\/c-profil.se\/#organization"},"potentialAction":[{"@type":"SearchAction","target":{"@type":"EntryPoint","urlTemplate":"https:\/\/c-profil.se\/?s={search_term_string}"},"query-input":{"@type":"PropertyValueSpecification","valueRequired":true,"valueName":"search_term_string"}}],"inLanguage":"en"},{"@type":"Organization","@id":"https:\/\/c-profil.se\/#organization","name":"C-Pro","alternateName":"C-PRO","url":"https:\/\/c-profil.se\/","logo":{"@type":"ImageObject","inLanguage":"en","@id":"https:\/\/c-profil.se\/#\/schema\/logo\/image\/","url":"https:\/\/c-profil.se\/wp-content\/uploads\/2022\/03\/c-pro-logga-liggande-500x500-1.png","contentUrl":"https:\/\/c-profil.se\/wp-content\/uploads\/2022\/03\/c-pro-logga-liggande-500x500-1.png","width":500,"height":500,"caption":"C-Pro"},"image":{"@id":"https:\/\/c-profil.se\/#\/schema\/logo\/image\/"},"sameAs":["https:\/\/www.facebook.com\/people\/C-Pro\/61561767306874\/","https:\/\/www.linkedin.com\/company\/c-pro-ab","https:\/\/www.instagram.com\/cpro.ab\/"],"description":"C-PRO AB is a comprehensive supplier of materials for applications in electricity and automation. Ever since the start in 1987, we have supplied the Swedish manufacturing industry with electrical materials. Despite our size and leading position, we have never abandoned our basic philosophy, to be a personal supplier. We at C-PRO are easy to get in touch with, honest and passionate about solving our customers&#039; problems.","email":"info@c-profil.se","telephone":"031575785","legalName":"C-Profil F\u00f6rl\u00e4ggningsmaterial AB","foundingDate":"1987-01-01"}]}},"_links":{"self":[{"href":"https:\/\/c-profil.se\/english\/wp-json\/wp\/v2\/pages\/23689","targetHints":{"allow":["GET"]}}],"collection":[{"href":"https:\/\/c-profil.se\/english\/wp-json\/wp\/v2\/pages"}],"about":[{"href":"https:\/\/c-profil.se\/english\/wp-json\/wp\/v2\/types\/page"}],"author":[{"embeddable":true,"href":"https:\/\/c-profil.se\/english\/wp-json\/wp\/v2\/users\/1"}],"replies":[{"embeddable":true,"href":"https:\/\/c-profil.se\/english\/wp-json\/wp\/v2\/comments?post=23689"}],"version-history":[{"count":10,"href":"https:\/\/c-profil.se\/english\/wp-json\/wp\/v2\/pages\/23689\/revisions"}],"predecessor-version":[{"id":68609,"href":"https:\/\/c-profil.se\/english\/wp-json\/wp\/v2\/pages\/23689\/revisions\/68609"}],"wp:attachment":[{"href":"https:\/\/c-profil.se\/english\/wp-json\/wp\/v2\/media?parent=23689"}],"curies":[{"name":"wp","href":"https:\/\/api.w.org\/{rel}","templated":true}]}}