{"id":23683,"date":"2020-10-08T13:18:02","date_gmt":"2020-10-08T13:18:02","guid":{"rendered":"https:\/\/c-profil.se\/?page_id=23683"},"modified":"2025-12-01T09:48:39","modified_gmt":"2025-12-01T08:48:39","slug":"environmental-declaration","status":"publish","type":"page","link":"https:\/\/c-profil.se\/english\/miljodeklaration\/","title":{"rendered":"Environmental declaration"},"content":{"rendered":"<div data-elementor-type=\"wp-page\" data-elementor-id=\"23683\" class=\"elementor elementor-23683\" data-elementor-post-type=\"page\">\n\t\t\t\t<div class=\"elementor-element elementor-element-4b9e206 e-con-full e-flex e-con e-parent\" data-id=\"4b9e206\" data-element_type=\"container\" data-e-type=\"container\" data-settings=\"{&quot;background_background&quot;:&quot;classic&quot;}\">\n\t\t\t\t<div class=\"elementor-element elementor-element-4a997ee elementor-widget-mobile__width-initial elementor-widget elementor-widget-heading\" data-id=\"4a997ee\" data-element_type=\"widget\" data-e-type=\"widget\" data-widget_type=\"heading.default\">\n\t\t\t\t\t<h1 class=\"elementor-heading-title elementor-size-default\">Environmental declaration<\/h1>\t\t\t\t<\/div>\n\t\t\t\t<div class=\"elementor-element elementor-element-507d52a elementor-widget elementor-widget-spacer\" data-id=\"507d52a\" data-element_type=\"widget\" data-e-type=\"widget\" data-widget_type=\"spacer.default\">\n\t\t\t\t\t\t\t<div class=\"elementor-spacer\">\n\t\t\t<div class=\"elementor-spacer-inner\"><\/div>\n\t\t<\/div>\n\t\t\t\t\t\t<\/div>\n\t\t\t\t<div class=\"elementor-element elementor-element-aef97f6 elementor-align-center elementor-tablet-align-center elementor-widget elementor-widget-button\" data-id=\"aef97f6\" data-element_type=\"widget\" data-e-type=\"widget\" aria-label=\"\" data-widget_type=\"button.default\">\n\t\t\t\t\t\t\t\t\t\t<a class=\"elementor-button elementor-button-link elementor-size-sm\" href=\"https:\/\/c-profil.se\/english\/kontakt\/\">\n\t\t\t\t\t\t<span class=\"elementor-button-content-wrapper\">\n\t\t\t\t\t\t\t\t\t<span class=\"elementor-button-text\">Contact Us<\/span>\n\t\t\t\t\t<\/span>\n\t\t\t\t\t<\/a>\n\t\t\t\t\t\t\t\t<\/div>\n\t\t\t\t<\/div>\n\t\t<div class=\"elementor-element elementor-element-15f97a2 e-con-full e-flex e-con e-parent\" data-id=\"15f97a2\" data-element_type=\"container\" data-e-type=\"container\">\n\t\t\t\t<div class=\"elementor-element elementor-element-490d7d0 elementor-widget elementor-widget-spacer\" data-id=\"490d7d0\" data-element_type=\"widget\" data-e-type=\"widget\" data-widget_type=\"spacer.default\">\n\t\t\t\t\t\t\t<div class=\"elementor-spacer\">\n\t\t\t<div class=\"elementor-spacer-inner\"><\/div>\n\t\t<\/div>\n\t\t\t\t\t\t<\/div>\n\t\t\t\t<div class=\"elementor-element elementor-element-2baa3fb elementor-widget elementor-widget-text-editor\" data-id=\"2baa3fb\" data-element_type=\"widget\" data-e-type=\"widget\" data-widget_type=\"text-editor.default\">\n\t\t\t\t\t\t\t\t\t<p>Caring for the environment is a shared responsibility \u2013 and for us at C-PRO AB it is a matter of course to contribute to a sustainable future. We work actively to reduce our environmental impact, including through close cooperation with suppliers who are certified according to <strong>ISO 9001<\/strong> and <strong>ISO 14001<\/strong>.<\/p><p>We know that our customers value environmental concerns and are increasingly demanding products and services that contribute to reduced environmental impact. Therefore, we take our responsibility by:<\/p><ul><li><strong>Offer a product range with high environmental performance<\/strong><br \/>We strive to select and develop products that have as little environmental impact as possible throughout their entire life cycle.<\/li><li><strong>Reduce the amount of packaging material<\/strong><br \/>Our deliveries meet market requirements while we work to minimize the amount of packaging and environmental impact.<\/li><li><strong>Optimize logistics<\/strong><br \/>We work with efficient logistics solutions that provide short lead times, reduce the number of intermediate stages and limit the environmental impact of transport.<\/li><\/ul>\t\t\t\t\t\t\t\t<\/div>\n\t\t\t\t<div class=\"elementor-element elementor-element-af2c4f7 elementor-widget elementor-widget-spacer\" data-id=\"af2c4f7\" data-element_type=\"widget\" data-e-type=\"widget\" data-widget_type=\"spacer.default\">\n\t\t\t\t\t\t\t<div class=\"elementor-spacer\">\n\t\t\t<div class=\"elementor-spacer-inner\"><\/div>\n\t\t<\/div>\n\t\t\t\t\t\t<\/div>\n\t\t\t\t<\/div>\n\t\t\t\t<\/div>","protected":false},"excerpt":{"rendered":"<p>Contact us Caring for the environment is a shared responsibility \u2013 and for us at C-PRO AB it goes without saying that contributing to a sustainable future. We work actively to reduce our environmental impact, including through close cooperation with suppliers who are certified according to ISO 9001 and ISO 14001. We know that our customers \u2026 <a title=\"Environmental declaration\" class=\"read-more\" href=\"https:\/\/c-profil.se\/english\/miljodeklaration\/\" aria-label=\"Read more about Environmental declaration\">Read more<\/a><\/p>","protected":false},"author":1,"featured_media":0,"parent":0,"menu_order":0,"comment_status":"closed","ping_status":"closed","template":"elementor_header_footer","meta":{"_acf_changed":false,"footnotes":""},"class_list":["post-23683","page","type-page","status-publish"],"acf":[],"yoast_head":"<!-- This site is optimized with the Yoast SEO Premium plugin v27.3 (Yoast SEO v27.3) - https:\/\/yoast.com\/product\/yoast-seo-premium-wordpress\/ -->\n<title>Milj\u00f6deklaration - C-Pro<\/title>\n<meta name=\"description\" content=\"Omsorg om milj\u00f6n \u00e4r v\u00e5rt gemensamma ansvar och det \u00e4r en sj\u00e4lvklarhet f\u00f6r oss p\u00e5 C-PRO AB att arbeta f\u00f6r en b\u00e4ttre milj\u00f6 och det g\u00f6r vi.\" \/>\n<meta name=\"robots\" content=\"index, follow, max-snippet:-1, max-image-preview:large, max-video-preview:-1\" \/>\n<link rel=\"canonical\" href=\"https:\/\/c-profil.se\/english\/environmental-declaration\/\" \/>\n<meta property=\"og:locale\" content=\"en_US\" \/>\n<meta property=\"og:type\" content=\"article\" \/>\n<meta property=\"og:title\" content=\"Milj\u00f6deklaration - C-Pro\" \/>\n<meta property=\"og:description\" content=\"Kontakta oss Omsorg om milj\u00f6n \u00e4r ett gemensamt ansvar \u2013 och f\u00f6r oss p\u00e5 C-PRO AB \u00e4r det en sj\u00e4lvklarhet att bidra till en h\u00e5llbar framtid. Vi arbetar\" \/>\n<meta property=\"og:url\" content=\"https:\/\/c-profil.se\/english\/environmental-declaration\/\" \/>\n<meta property=\"og:site_name\" content=\"C-Pro\" \/>\n<meta property=\"article:publisher\" content=\"https:\/\/www.facebook.com\/people\/C-Pro\/61561767306874\/\" \/>\n<meta property=\"article:modified_time\" content=\"2025-12-01T08:48:39+00:00\" \/>\n<meta property=\"og:image\" content=\"https:\/\/c-profil.se\/wp-content\/uploads\/2022\/03\/c-pro-logga-liggande-500x500-1.png\" \/>\n\t<meta property=\"og:image:width\" content=\"500\" \/>\n\t<meta property=\"og:image:height\" content=\"500\" \/>\n\t<meta property=\"og:image:type\" content=\"image\/png\" \/>\n<meta name=\"twitter:card\" content=\"summary_large_image\" \/>\n<meta name=\"twitter:label1\" content=\"Est. reading time\" \/>\n\t<meta name=\"twitter:data1\" content=\"1 minute\" \/>\n<script type=\"application\/ld+json\" class=\"yoast-schema-graph\">{\"@context\":\"https:\\\/\\\/schema.org\",\"@graph\":[{\"@type\":\"WebPage\",\"@id\":\"https:\\\/\\\/c-profil.se\\\/miljodeklaration\\\/\",\"url\":\"https:\\\/\\\/c-profil.se\\\/miljodeklaration\\\/\",\"name\":\"Milj\u00f6deklaration - C-Pro\",\"isPartOf\":{\"@id\":\"https:\\\/\\\/c-profil.se\\\/#website\"},\"datePublished\":\"2020-10-08T13:18:02+00:00\",\"dateModified\":\"2025-12-01T08:48:39+00:00\",\"description\":\"Omsorg om milj\u00f6n \u00e4r v\u00e5rt gemensamma ansvar och det \u00e4r en sj\u00e4lvklarhet f\u00f6r oss p\u00e5 C-PRO AB att arbeta f\u00f6r en b\u00e4ttre milj\u00f6 och det g\u00f6r vi.\",\"breadcrumb\":{\"@id\":\"https:\\\/\\\/c-profil.se\\\/miljodeklaration\\\/#breadcrumb\"},\"inLanguage\":\"en\",\"potentialAction\":[{\"@type\":\"ReadAction\",\"target\":[\"https:\\\/\\\/c-profil.se\\\/miljodeklaration\\\/\"]}]},{\"@type\":\"BreadcrumbList\",\"@id\":\"https:\\\/\\\/c-profil.se\\\/miljodeklaration\\\/#breadcrumb\",\"itemListElement\":[{\"@type\":\"ListItem\",\"position\":1,\"name\":\"Hem\",\"item\":\"https:\\\/\\\/c-profil.se\\\/\"},{\"@type\":\"ListItem\",\"position\":2,\"name\":\"Milj\u00f6deklaration\"}]},{\"@type\":\"WebSite\",\"@id\":\"https:\\\/\\\/c-profil.se\\\/#website\",\"url\":\"https:\\\/\\\/c-profil.se\\\/\",\"name\":\"C-Pro\",\"description\":\"Produkter f\u00f6r El och Automation\",\"publisher\":{\"@id\":\"https:\\\/\\\/c-profil.se\\\/#organization\"},\"potentialAction\":[{\"@type\":\"SearchAction\",\"target\":{\"@type\":\"EntryPoint\",\"urlTemplate\":\"https:\\\/\\\/c-profil.se\\\/?s={search_term_string}\"},\"query-input\":{\"@type\":\"PropertyValueSpecification\",\"valueRequired\":true,\"valueName\":\"search_term_string\"}}],\"inLanguage\":\"en\"},{\"@type\":\"Organization\",\"@id\":\"https:\\\/\\\/c-profil.se\\\/#organization\",\"name\":\"C-Pro\",\"alternateName\":\"C-PRO\",\"url\":\"https:\\\/\\\/c-profil.se\\\/\",\"logo\":{\"@type\":\"ImageObject\",\"inLanguage\":\"en\",\"@id\":\"https:\\\/\\\/c-profil.se\\\/#\\\/schema\\\/logo\\\/image\\\/\",\"url\":\"https:\\\/\\\/c-profil.se\\\/wp-content\\\/uploads\\\/2022\\\/03\\\/c-pro-logga-liggande-500x500-1.png\",\"contentUrl\":\"https:\\\/\\\/c-profil.se\\\/wp-content\\\/uploads\\\/2022\\\/03\\\/c-pro-logga-liggande-500x500-1.png\",\"width\":500,\"height\":500,\"caption\":\"C-Pro\"},\"image\":{\"@id\":\"https:\\\/\\\/c-profil.se\\\/#\\\/schema\\\/logo\\\/image\\\/\"},\"sameAs\":[\"https:\\\/\\\/www.facebook.com\\\/people\\\/C-Pro\\\/61561767306874\\\/\",\"https:\\\/\\\/www.linkedin.com\\\/company\\\/c-pro-ab\",\"https:\\\/\\\/www.instagram.com\\\/cpro.ab\\\/\"],\"description\":\"C-PRO AB \u00e4r en helt\u00e4ckande leverant\u00f6r av material f\u00f6r applikationer inom el och automation. \u00c4nda sedan starten 1987 har vi f\u00f6rsett den svenska tillverkande industrin med elmaterial. Trots v\u00e5r storlek och ledande position har vi aldrig \u00f6vergett v\u00e5r grundfilosofi, att vara en personlig leverant\u00f6r. Vi p\u00e5 C-PRO \u00e4r l\u00e4tta att komma i kontakt med, \u00e4rliga och brinner f\u00f6r att l\u00f6sa v\u00e5ra kunders problem.\",\"email\":\"info@c-profil.se\",\"telephone\":\"031575785\",\"legalName\":\"C-Profil F\u00f6rl\u00e4ggningsmaterial AB\",\"foundingDate\":\"1987-01-01\"}]}<\/script>\n<!-- \/ Yoast SEO Premium plugin. -->","yoast_head_json":{"title":"Environmental declaration - C-Pro","description":"Caring for the environment is our common responsibility and it is a matter of course for us at C-PRO AB to work for a better environment and we do.","robots":{"index":"index","follow":"follow","max-snippet":"max-snippet:-1","max-image-preview":"max-image-preview:large","max-video-preview":"max-video-preview:-1"},"canonical":"https:\/\/c-profil.se\/english\/environmental-declaration\/","og_locale":"en_US","og_type":"article","og_title":"Milj\u00f6deklaration - C-Pro","og_description":"Kontakta oss Omsorg om milj\u00f6n \u00e4r ett gemensamt ansvar \u2013 och f\u00f6r oss p\u00e5 C-PRO AB \u00e4r det en sj\u00e4lvklarhet att bidra till en h\u00e5llbar framtid. Vi arbetar","og_url":"https:\/\/c-profil.se\/english\/environmental-declaration\/","og_site_name":"C-Pro","article_publisher":"https:\/\/www.facebook.com\/people\/C-Pro\/61561767306874\/","article_modified_time":"2025-12-01T08:48:39+00:00","og_image":[{"width":500,"height":500,"url":"https:\/\/c-profil.se\/wp-content\/uploads\/2022\/03\/c-pro-logga-liggande-500x500-1.png","type":"image\/png"}],"twitter_card":"summary_large_image","twitter_misc":{"Est. reading time":"1 minute"},"schema":{"@context":"https:\/\/schema.org","@graph":[{"@type":"WebPage","@id":"https:\/\/c-profil.se\/miljodeklaration\/","url":"https:\/\/c-profil.se\/miljodeklaration\/","name":"Environmental declaration - C-Pro","isPartOf":{"@id":"https:\/\/c-profil.se\/#website"},"datePublished":"2020-10-08T13:18:02+00:00","dateModified":"2025-12-01T08:48:39+00:00","description":"Caring for the environment is our common responsibility and it is a matter of course for us at C-PRO AB to work for a better environment and we do.","breadcrumb":{"@id":"https:\/\/c-profil.se\/miljodeklaration\/#breadcrumb"},"inLanguage":"en","potentialAction":[{"@type":"ReadAction","target":["https:\/\/c-profil.se\/miljodeklaration\/"]}]},{"@type":"BreadcrumbList","@id":"https:\/\/c-profil.se\/miljodeklaration\/#breadcrumb","itemListElement":[{"@type":"ListItem","position":1,"name":"Hem","item":"https:\/\/c-profil.se\/"},{"@type":"ListItem","position":2,"name":"Milj\u00f6deklaration"}]},{"@type":"WebSite","@id":"https:\/\/c-profil.se\/#website","url":"https:\/\/c-profil.se\/","name":"C-Pro","description":"Products for Electricity and Automation","publisher":{"@id":"https:\/\/c-profil.se\/#organization"},"potentialAction":[{"@type":"SearchAction","target":{"@type":"EntryPoint","urlTemplate":"https:\/\/c-profil.se\/?s={search_term_string}"},"query-input":{"@type":"PropertyValueSpecification","valueRequired":true,"valueName":"search_term_string"}}],"inLanguage":"en"},{"@type":"Organization","@id":"https:\/\/c-profil.se\/#organization","name":"C-Pro","alternateName":"C-PRO","url":"https:\/\/c-profil.se\/","logo":{"@type":"ImageObject","inLanguage":"en","@id":"https:\/\/c-profil.se\/#\/schema\/logo\/image\/","url":"https:\/\/c-profil.se\/wp-content\/uploads\/2022\/03\/c-pro-logga-liggande-500x500-1.png","contentUrl":"https:\/\/c-profil.se\/wp-content\/uploads\/2022\/03\/c-pro-logga-liggande-500x500-1.png","width":500,"height":500,"caption":"C-Pro"},"image":{"@id":"https:\/\/c-profil.se\/#\/schema\/logo\/image\/"},"sameAs":["https:\/\/www.facebook.com\/people\/C-Pro\/61561767306874\/","https:\/\/www.linkedin.com\/company\/c-pro-ab","https:\/\/www.instagram.com\/cpro.ab\/"],"description":"C-PRO AB is a comprehensive supplier of materials for applications in electricity and automation. Ever since the start in 1987, we have supplied the Swedish manufacturing industry with electrical materials. Despite our size and leading position, we have never abandoned our basic philosophy, to be a personal supplier. We at C-PRO are easy to get in touch with, honest and passionate about solving our customers&#039; problems.","email":"info@c-profil.se","telephone":"031575785","legalName":"C-Profil F\u00f6rl\u00e4ggningsmaterial AB","foundingDate":"1987-01-01"}]}},"_links":{"self":[{"href":"https:\/\/c-profil.se\/english\/wp-json\/wp\/v2\/pages\/23683","targetHints":{"allow":["GET"]}}],"collection":[{"href":"https:\/\/c-profil.se\/english\/wp-json\/wp\/v2\/pages"}],"about":[{"href":"https:\/\/c-profil.se\/english\/wp-json\/wp\/v2\/types\/page"}],"author":[{"embeddable":true,"href":"https:\/\/c-profil.se\/english\/wp-json\/wp\/v2\/users\/1"}],"replies":[{"embeddable":true,"href":"https:\/\/c-profil.se\/english\/wp-json\/wp\/v2\/comments?post=23683"}],"version-history":[{"count":10,"href":"https:\/\/c-profil.se\/english\/wp-json\/wp\/v2\/pages\/23683\/revisions"}],"predecessor-version":[{"id":68140,"href":"https:\/\/c-profil.se\/english\/wp-json\/wp\/v2\/pages\/23683\/revisions\/68140"}],"wp:attachment":[{"href":"https:\/\/c-profil.se\/english\/wp-json\/wp\/v2\/media?parent=23683"}],"curies":[{"name":"wp","href":"https:\/\/api.w.org\/{rel}","templated":true}]}}